{"id":87072,"date":"2023-09-25T12:23:58","date_gmt":"2023-09-25T10:23:58","guid":{"rendered":"https:\/\/llyc.global\/?page_id=87072"},"modified":"2026-02-19T18:21:21","modified_gmt":"2026-02-19T17:21:21","slug":"sobre-nos","status":"publish","type":"page","link":"https:\/\/llyc.global\/pt-br\/sobre-nos\/","title":{"rendered":"Sobre N\u00f3s"},"content":{"rendered":"","protected":false},"excerpt":{"rendered":"","protected":false},"author":2,"featured_media":0,"parent":0,"menu_order":0,"comment_status":"closed","ping_status":"closed","template":"template-nosotros-old.php","meta":{"_acf_changed":false,"_et_pb_use_builder":"","_et_pb_old_content":"","_et_gb_content_width":"","footnotes":""},"class_list":["post-87072","page","type-page","status-publish","hentry"],"acf":[],"yoast_head":"<!-- This site is optimized with the Yoast SEO Premium plugin v24.7 (Yoast SEO v24.7) - https:\/\/yoast.com\/wordpress\/plugins\/seo\/ -->\n<title>LLYC - Sobre n\u00f3s<\/title>\n<meta name=\"description\" content=\"LLYC \u00e9 seu parceiro em criatividade, influ\u00eancia e inova\u00e7\u00e3o. Acreditamos que a comunica\u00e7\u00e3o, o marketing e os assuntos p\u00fablicos geram confian\u00e7a e entendimento, impulsionando o progresso econ\u00f4mico e social.\" \/>\n<meta name=\"robots\" content=\"index, follow, max-snippet:-1, max-image-preview:large, max-video-preview:-1\" \/>\n<link rel=\"canonical\" href=\"https:\/\/llyc.global\/pt-br\/sobre-nos\/\" \/>\n<meta property=\"og:locale\" content=\"pt_BR\" \/>\n<meta property=\"og:type\" content=\"article\" \/>\n<meta property=\"og:title\" content=\"Sobre N\u00f3s\" \/>\n<meta property=\"og:description\" content=\"LLYC \u00e9 seu parceiro em criatividade, influ\u00eancia e inova\u00e7\u00e3o. Acreditamos que a comunica\u00e7\u00e3o, o marketing e os assuntos p\u00fablicos geram confian\u00e7a e entendimento, impulsionando o progresso econ\u00f4mico e social.\" \/>\n<meta property=\"og:url\" content=\"https:\/\/llyc.global\/pt-br\/sobre-nos\/\" \/>\n<meta property=\"og:site_name\" content=\"LLYC\" \/>\n<meta property=\"article:publisher\" content=\"https:\/\/www.facebook.com\/LLYC.Global\/\" \/>\n<meta property=\"article:modified_time\" content=\"2026-02-19T17:21:21+00:00\" \/>\n<meta property=\"og:image\" content=\"https:\/\/llyc.global\/wp-content\/uploads\/2024\/01\/nosotrosequipo.jpg\" \/>\n\t<meta property=\"og:image:width\" content=\"512\" \/>\n\t<meta property=\"og:image:height\" content=\"307\" \/>\n\t<meta property=\"og:image:type\" content=\"image\/jpeg\" \/>\n<meta name=\"twitter:card\" content=\"summary_large_image\" \/>\n<meta name=\"twitter:site\" content=\"@llorenteycuenca\" \/>\n<!-- \/ Yoast SEO Premium plugin. -->","yoast_head_json":{"title":"LLYC - Sobre n\u00f3s","description":"LLYC \u00e9 seu parceiro em criatividade, influ\u00eancia e inova\u00e7\u00e3o. Acreditamos que a comunica\u00e7\u00e3o, o marketing e os assuntos p\u00fablicos geram confian\u00e7a e entendimento, impulsionando o progresso econ\u00f4mico e social.","robots":{"index":"index","follow":"follow","max-snippet":"max-snippet:-1","max-image-preview":"max-image-preview:large","max-video-preview":"max-video-preview:-1"},"canonical":"https:\/\/llyc.global\/pt-br\/sobre-nos\/","og_locale":"pt_BR","og_type":"article","og_title":"Sobre N\u00f3s","og_description":"LLYC \u00e9 seu parceiro em criatividade, influ\u00eancia e inova\u00e7\u00e3o. Acreditamos que a comunica\u00e7\u00e3o, o marketing e os assuntos p\u00fablicos geram confian\u00e7a e entendimento, impulsionando o progresso econ\u00f4mico e social.","og_url":"https:\/\/llyc.global\/pt-br\/sobre-nos\/","og_site_name":"LLYC","article_publisher":"https:\/\/www.facebook.com\/LLYC.Global\/","article_modified_time":"2026-02-19T17:21:21+00:00","og_image":[{"width":512,"height":307,"url":"https:\/\/llyc.global\/wp-content\/uploads\/2024\/01\/nosotrosequipo.jpg","type":"image\/jpeg"}],"twitter_card":"summary_large_image","twitter_site":"@llorenteycuenca","schema":{"@context":"https:\/\/schema.org","@graph":[{"@type":"WebPage","@id":"https:\/\/llyc.global\/pt-br\/sobre-nos\/","url":"https:\/\/llyc.global\/pt-br\/sobre-nos\/","name":"LLYC - Sobre n\u00f3s","isPartOf":{"@id":"https:\/\/llyc.global\/pt-br\/#website"},"datePublished":"2023-09-25T10:23:58+00:00","dateModified":"2026-02-19T17:21:21+00:00","description":"LLYC \u00e9 seu parceiro em criatividade, influ\u00eancia e inova\u00e7\u00e3o. Acreditamos que a comunica\u00e7\u00e3o, o marketing e os assuntos p\u00fablicos geram confian\u00e7a e entendimento, impulsionando o progresso econ\u00f4mico e social.","breadcrumb":{"@id":"https:\/\/llyc.global\/pt-br\/sobre-nos\/#breadcrumb"},"inLanguage":"pt-BR","potentialAction":[{"@type":"ReadAction","target":["https:\/\/llyc.global\/pt-br\/sobre-nos\/"]}]},{"@type":"BreadcrumbList","@id":"https:\/\/llyc.global\/pt-br\/sobre-nos\/#breadcrumb","itemListElement":[{"@type":"ListItem","position":1,"name":"Home","item":"https:\/\/llyc.global\/pt-br\/"},{"@type":"ListItem","position":2,"name":"Sobre N\u00f3s"}]},{"@type":"WebSite","@id":"https:\/\/llyc.global\/pt-br\/#website","url":"https:\/\/llyc.global\/pt-br\/","name":"LLYC","description":"Consultoria de comunicaci\u00f3n marketing y asuntos p\u00fablicos","potentialAction":[{"@type":"SearchAction","target":{"@type":"EntryPoint","urlTemplate":"https:\/\/llyc.global\/pt-br\/?s={search_term_string}"},"query-input":{"@type":"PropertyValueSpecification","valueRequired":true,"valueName":"search_term_string"}}],"inLanguage":"pt-BR"}]}},"_links":{"self":[{"href":"https:\/\/llyc.global\/pt-br\/wp-json\/wp\/v2\/pages\/87072","targetHints":{"allow":["GET"]}}],"collection":[{"href":"https:\/\/llyc.global\/pt-br\/wp-json\/wp\/v2\/pages"}],"about":[{"href":"https:\/\/llyc.global\/pt-br\/wp-json\/wp\/v2\/types\/page"}],"author":[{"embeddable":true,"href":"https:\/\/llyc.global\/pt-br\/wp-json\/wp\/v2\/users\/2"}],"replies":[{"embeddable":true,"href":"https:\/\/llyc.global\/pt-br\/wp-json\/wp\/v2\/comments?post=87072"}],"version-history":[{"count":70,"href":"https:\/\/llyc.global\/pt-br\/wp-json\/wp\/v2\/pages\/87072\/revisions"}],"predecessor-version":[{"id":455357,"href":"https:\/\/llyc.global\/pt-br\/wp-json\/wp\/v2\/pages\/87072\/revisions\/455357"}],"wp:attachment":[{"href":"https:\/\/llyc.global\/pt-br\/wp-json\/wp\/v2\/media?parent=87072"}],"curies":[{"name":"wp","href":"https:\/\/api.w.org\/{rel}","templated":true}]}}