{"id":87562,"date":"2023-09-25T12:23:31","date_gmt":"2023-09-25T10:23:31","guid":{"rendered":"https:\/\/llyc.global\/?page_id=87562"},"modified":"2025-09-17T18:26:18","modified_gmt":"2025-09-17T16:26:18","slug":"marketing","status":"publish","type":"page","link":"https:\/\/llyc.global\/pt-br\/marketing\/","title":{"rendered":"Marketing"},"content":{"rendered":"","protected":false},"excerpt":{"rendered":"","protected":false},"author":2,"featured_media":0,"parent":0,"menu_order":0,"comment_status":"closed","ping_status":"closed","template":"template-marketing.php","meta":{"_acf_changed":false,"_et_pb_use_builder":"","_et_pb_old_content":"","_et_gb_content_width":"","footnotes":""},"class_list":["post-87562","page","type-page","status-publish","hentry"],"acf":[],"yoast_head":"<!-- This site is optimized with the Yoast SEO Premium plugin v24.7 (Yoast SEO v24.7) - https:\/\/yoast.com\/wordpress\/plugins\/seo\/ -->\n<title>Agencia de Marketing Digital no Brasil - LLYC<\/title>\n<meta name=\"description\" content=\"N\u00f3s definimos, implementamos e otimizamos estrat\u00e9gias de marketing e digital que aumentam a visibilidade da sua marca e impulsionam o crescimento do seu neg\u00f3cio.\" \/>\n<meta name=\"robots\" content=\"index, follow, max-snippet:-1, max-image-preview:large, max-video-preview:-1\" \/>\n<link rel=\"canonical\" href=\"https:\/\/llyc.global\/pt-br\/marketing\/\" \/>\n<meta property=\"og:locale\" content=\"pt_BR\" \/>\n<meta property=\"og:type\" content=\"article\" \/>\n<meta property=\"og:title\" content=\"Marketing\" \/>\n<meta property=\"og:description\" content=\"N\u00f3s definimos, implementamos e otimizamos estrat\u00e9gias de marketing e digital que aumentam a visibilidade da sua marca e impulsionam o crescimento do seu neg\u00f3cio.\" \/>\n<meta property=\"og:url\" content=\"https:\/\/llyc.global\/pt-br\/marketing\/\" \/>\n<meta property=\"og:site_name\" content=\"LLYC\" \/>\n<meta property=\"article:publisher\" content=\"https:\/\/www.facebook.com\/LLYC.Global\/\" \/>\n<meta property=\"article:modified_time\" content=\"2025-09-17T16:26:18+00:00\" \/>\n<meta property=\"og:image\" content=\"https:\/\/llyc.global\/wp-content\/uploads\/2023\/11\/2-banner-principal--1024x485.png\" \/>\n\t<meta property=\"og:image:width\" content=\"1024\" \/>\n\t<meta property=\"og:image:height\" content=\"485\" \/>\n\t<meta property=\"og:image:type\" content=\"image\/png\" \/>\n<meta name=\"twitter:card\" content=\"summary_large_image\" \/>\n<meta name=\"twitter:site\" content=\"@llorenteycuenca\" \/>\n<!-- \/ Yoast SEO Premium plugin. -->","yoast_head_json":{"title":"Agencia de Marketing Digital no Brasil - LLYC","description":"N\u00f3s definimos, implementamos e otimizamos estrat\u00e9gias de marketing e digital que aumentam a visibilidade da sua marca e impulsionam o crescimento do seu neg\u00f3cio.","robots":{"index":"index","follow":"follow","max-snippet":"max-snippet:-1","max-image-preview":"max-image-preview:large","max-video-preview":"max-video-preview:-1"},"canonical":"https:\/\/llyc.global\/pt-br\/marketing\/","og_locale":"pt_BR","og_type":"article","og_title":"Marketing","og_description":"N\u00f3s definimos, implementamos e otimizamos estrat\u00e9gias de marketing e digital que aumentam a visibilidade da sua marca e impulsionam o crescimento do seu neg\u00f3cio.","og_url":"https:\/\/llyc.global\/pt-br\/marketing\/","og_site_name":"LLYC","article_publisher":"https:\/\/www.facebook.com\/LLYC.Global\/","article_modified_time":"2025-09-17T16:26:18+00:00","og_image":[{"width":1024,"height":485,"url":"https:\/\/llyc.global\/wp-content\/uploads\/2023\/11\/2-banner-principal--1024x485.png","type":"image\/png"}],"twitter_card":"summary_large_image","twitter_site":"@llorenteycuenca","schema":{"@context":"https:\/\/schema.org","@graph":[{"@type":"WebPage","@id":"https:\/\/llyc.global\/pt-br\/marketing\/","url":"https:\/\/llyc.global\/pt-br\/marketing\/","name":"Agencia de Marketing Digital no Brasil - LLYC","isPartOf":{"@id":"https:\/\/llyc.global\/pt-br\/#website"},"datePublished":"2023-09-25T10:23:31+00:00","dateModified":"2025-09-17T16:26:18+00:00","description":"N\u00f3s definimos, implementamos e otimizamos estrat\u00e9gias de marketing e digital que aumentam a visibilidade da sua marca e impulsionam o crescimento do seu neg\u00f3cio.","breadcrumb":{"@id":"https:\/\/llyc.global\/pt-br\/marketing\/#breadcrumb"},"inLanguage":"pt-BR","potentialAction":[{"@type":"ReadAction","target":["https:\/\/llyc.global\/pt-br\/marketing\/"]}]},{"@type":"BreadcrumbList","@id":"https:\/\/llyc.global\/pt-br\/marketing\/#breadcrumb","itemListElement":[{"@type":"ListItem","position":1,"name":"Home","item":"https:\/\/llyc.global\/pt-br\/"},{"@type":"ListItem","position":2,"name":"Marketing"}]},{"@type":"WebSite","@id":"https:\/\/llyc.global\/pt-br\/#website","url":"https:\/\/llyc.global\/pt-br\/","name":"LLYC","description":"Consultoria de comunicaci\u00f3n marketing y asuntos p\u00fablicos","potentialAction":[{"@type":"SearchAction","target":{"@type":"EntryPoint","urlTemplate":"https:\/\/llyc.global\/pt-br\/?s={search_term_string}"},"query-input":{"@type":"PropertyValueSpecification","valueRequired":true,"valueName":"search_term_string"}}],"inLanguage":"pt-BR"}]}},"_links":{"self":[{"href":"https:\/\/llyc.global\/pt-br\/wp-json\/wp\/v2\/pages\/87562","targetHints":{"allow":["GET"]}}],"collection":[{"href":"https:\/\/llyc.global\/pt-br\/wp-json\/wp\/v2\/pages"}],"about":[{"href":"https:\/\/llyc.global\/pt-br\/wp-json\/wp\/v2\/types\/page"}],"author":[{"embeddable":true,"href":"https:\/\/llyc.global\/pt-br\/wp-json\/wp\/v2\/users\/2"}],"replies":[{"embeddable":true,"href":"https:\/\/llyc.global\/pt-br\/wp-json\/wp\/v2\/comments?post=87562"}],"version-history":[{"count":14,"href":"https:\/\/llyc.global\/pt-br\/wp-json\/wp\/v2\/pages\/87562\/revisions"}],"predecessor-version":[{"id":222526,"href":"https:\/\/llyc.global\/pt-br\/wp-json\/wp\/v2\/pages\/87562\/revisions\/222526"}],"wp:attachment":[{"href":"https:\/\/llyc.global\/pt-br\/wp-json\/wp\/v2\/media?parent=87562"}],"curies":[{"name":"wp","href":"https:\/\/api.w.org\/{rel}","templated":true}]}}