{"id":90757,"date":"2023-11-10T13:05:05","date_gmt":"2023-11-10T12:05:05","guid":{"rendered":"https:\/\/llyc.global\/contacto\/llyc-en-bogota\/"},"modified":"2026-03-20T10:56:38","modified_gmt":"2026-03-20T09:56:38","slug":"llyc-em-bogota","status":"publish","type":"page","link":"https:\/\/llyc.global\/pt-br\/contato\/llyc-em-bogota\/","title":{"rendered":"LLYC em Bogot\u00e1"},"content":{"rendered":"","protected":false},"excerpt":{"rendered":"","protected":false},"author":2,"featured_media":0,"parent":87600,"menu_order":0,"comment_status":"closed","ping_status":"closed","template":"template_region.php","meta":{"_acf_changed":false,"_et_pb_use_builder":"","_et_pb_old_content":"","_et_gb_content_width":"","footnotes":""},"class_list":["post-90757","page","type-page","status-publish","hentry"],"acf":[],"yoast_head":"<!-- This site is optimized with the Yoast SEO Premium plugin v24.7 (Yoast SEO v24.7) - https:\/\/yoast.com\/wordpress\/plugins\/seo\/ -->\n<title>Empresa de Marketing e Assuntos Corporativos Bogot\u00e1 - LLYC<\/title>\n<meta name=\"description\" content=\"Descubra LLYC Bogot\u00e1, uma empresa l\u00edder em consultoria de comunica\u00e7\u00e3o, assuntos corporativos e marketing na Col\u00f4mbia. Nossa combina\u00e7\u00e3o de criatividade e tecnologia nos permite desenvolver solu\u00e7\u00f5es personalizadas para os desafios enfrentados por marcas e empresas no pa\u00eds.\" \/>\n<meta name=\"robots\" content=\"index, follow, max-snippet:-1, max-image-preview:large, max-video-preview:-1\" \/>\n<link rel=\"canonical\" href=\"https:\/\/llyc.global\/pt-br\/contato\/llyc-em-bogota\/\" \/>\n<meta property=\"og:locale\" content=\"pt_BR\" \/>\n<meta property=\"og:type\" content=\"article\" \/>\n<meta property=\"og:title\" content=\"LLYC em Bogot\u00e1\" \/>\n<meta property=\"og:description\" content=\"Descubra LLYC Bogot\u00e1, uma empresa l\u00edder em consultoria de comunica\u00e7\u00e3o, assuntos corporativos e marketing na Col\u00f4mbia. Nossa combina\u00e7\u00e3o de criatividade e tecnologia nos permite desenvolver solu\u00e7\u00f5es personalizadas para os desafios enfrentados por marcas e empresas no pa\u00eds.\" \/>\n<meta property=\"og:url\" content=\"https:\/\/llyc.global\/pt-br\/contato\/llyc-em-bogota\/\" \/>\n<meta property=\"og:site_name\" content=\"LLYC\" \/>\n<meta property=\"article:publisher\" content=\"https:\/\/www.facebook.com\/LLYC.Global\/\" \/>\n<meta property=\"article:modified_time\" content=\"2026-03-20T09:56:38+00:00\" \/>\n<meta property=\"og:image\" content=\"https:\/\/llyc.global\/wp-content\/uploads\/2023\/11\/16-Bogota.png\" \/>\n\t<meta property=\"og:image:width\" content=\"1690\" \/>\n\t<meta property=\"og:image:height\" content=\"565\" \/>\n\t<meta property=\"og:image:type\" content=\"image\/png\" \/>\n<meta name=\"twitter:card\" content=\"summary_large_image\" \/>\n<meta name=\"twitter:site\" content=\"@llorenteycuenca\" \/>\n<!-- \/ Yoast SEO Premium plugin. -->","yoast_head_json":{"title":"Empresa de Marketing e Assuntos Corporativos Bogot\u00e1 - LLYC","description":"Descubra LLYC Bogot\u00e1, uma empresa l\u00edder em consultoria de comunica\u00e7\u00e3o, assuntos corporativos e marketing na Col\u00f4mbia. Nossa combina\u00e7\u00e3o de criatividade e tecnologia nos permite desenvolver solu\u00e7\u00f5es personalizadas para os desafios enfrentados por marcas e empresas no pa\u00eds.","robots":{"index":"index","follow":"follow","max-snippet":"max-snippet:-1","max-image-preview":"max-image-preview:large","max-video-preview":"max-video-preview:-1"},"canonical":"https:\/\/llyc.global\/pt-br\/contato\/llyc-em-bogota\/","og_locale":"pt_BR","og_type":"article","og_title":"LLYC em Bogot\u00e1","og_description":"Descubra LLYC Bogot\u00e1, uma empresa l\u00edder em consultoria de comunica\u00e7\u00e3o, assuntos corporativos e marketing na Col\u00f4mbia. Nossa combina\u00e7\u00e3o de criatividade e tecnologia nos permite desenvolver solu\u00e7\u00f5es personalizadas para os desafios enfrentados por marcas e empresas no pa\u00eds.","og_url":"https:\/\/llyc.global\/pt-br\/contato\/llyc-em-bogota\/","og_site_name":"LLYC","article_publisher":"https:\/\/www.facebook.com\/LLYC.Global\/","article_modified_time":"2026-03-20T09:56:38+00:00","og_image":[{"width":1690,"height":565,"url":"https:\/\/llyc.global\/wp-content\/uploads\/2023\/11\/16-Bogota.png","type":"image\/png"}],"twitter_card":"summary_large_image","twitter_site":"@llorenteycuenca","schema":{"@context":"https:\/\/schema.org","@graph":[{"@type":"WebPage","@id":"https:\/\/llyc.global\/pt-br\/contato\/llyc-em-bogota\/","url":"https:\/\/llyc.global\/pt-br\/contato\/llyc-em-bogota\/","name":"Empresa de Marketing e Assuntos Corporativos Bogot\u00e1 - LLYC","isPartOf":{"@id":"https:\/\/llyc.global\/pt-br\/#website"},"datePublished":"2023-11-10T12:05:05+00:00","dateModified":"2026-03-20T09:56:38+00:00","description":"Descubra LLYC Bogot\u00e1, uma empresa l\u00edder em consultoria de comunica\u00e7\u00e3o, assuntos corporativos e marketing na Col\u00f4mbia. Nossa combina\u00e7\u00e3o de criatividade e tecnologia nos permite desenvolver solu\u00e7\u00f5es personalizadas para os desafios enfrentados por marcas e empresas no pa\u00eds.","breadcrumb":{"@id":"https:\/\/llyc.global\/pt-br\/contato\/llyc-em-bogota\/#breadcrumb"},"inLanguage":"pt-BR","potentialAction":[{"@type":"ReadAction","target":["https:\/\/llyc.global\/pt-br\/contato\/llyc-em-bogota\/"]}]},{"@type":"BreadcrumbList","@id":"https:\/\/llyc.global\/pt-br\/contato\/llyc-em-bogota\/#breadcrumb","itemListElement":[{"@type":"ListItem","position":1,"name":"Home","item":"https:\/\/llyc.global\/pt-br\/"},{"@type":"ListItem","position":2,"name":"Contato","item":"https:\/\/llyc.global\/pt-br\/contato\/"},{"@type":"ListItem","position":3,"name":"LLYC em Bogot\u00e1"}]},{"@type":"WebSite","@id":"https:\/\/llyc.global\/pt-br\/#website","url":"https:\/\/llyc.global\/pt-br\/","name":"LLYC","description":"Consultoria de comunicaci\u00f3n marketing y asuntos p\u00fablicos","potentialAction":[{"@type":"SearchAction","target":{"@type":"EntryPoint","urlTemplate":"https:\/\/llyc.global\/pt-br\/?s={search_term_string}"},"query-input":{"@type":"PropertyValueSpecification","valueRequired":true,"valueName":"search_term_string"}}],"inLanguage":"pt-BR"}]}},"_links":{"self":[{"href":"https:\/\/llyc.global\/pt-br\/wp-json\/wp\/v2\/pages\/90757","targetHints":{"allow":["GET"]}}],"collection":[{"href":"https:\/\/llyc.global\/pt-br\/wp-json\/wp\/v2\/pages"}],"about":[{"href":"https:\/\/llyc.global\/pt-br\/wp-json\/wp\/v2\/types\/page"}],"author":[{"embeddable":true,"href":"https:\/\/llyc.global\/pt-br\/wp-json\/wp\/v2\/users\/2"}],"replies":[{"embeddable":true,"href":"https:\/\/llyc.global\/pt-br\/wp-json\/wp\/v2\/comments?post=90757"}],"version-history":[{"count":17,"href":"https:\/\/llyc.global\/pt-br\/wp-json\/wp\/v2\/pages\/90757\/revisions"}],"predecessor-version":[{"id":457303,"href":"https:\/\/llyc.global\/pt-br\/wp-json\/wp\/v2\/pages\/90757\/revisions\/457303"}],"up":[{"embeddable":true,"href":"https:\/\/llyc.global\/pt-br\/wp-json\/wp\/v2\/pages\/87600"}],"wp:attachment":[{"href":"https:\/\/llyc.global\/pt-br\/wp-json\/wp\/v2\/media?parent=90757"}],"curies":[{"name":"wp","href":"https:\/\/api.w.org\/{rel}","templated":true}]}}