{"id":90813,"date":"2023-11-10T15:40:41","date_gmt":"2023-11-10T14:40:41","guid":{"rendered":"https:\/\/llyc.global\/contacto\/llyc-en-ciudad-de-mexico\/"},"modified":"2026-03-19T18:28:35","modified_gmt":"2026-03-19T17:28:35","slug":"llyc-em-ciudad-do-mexico","status":"publish","type":"page","link":"https:\/\/llyc.global\/pt-br\/contato\/llyc-em-ciudad-do-mexico\/","title":{"rendered":"LLYC em Cidade do M\u00e9xico"},"content":{"rendered":"","protected":false},"excerpt":{"rendered":"","protected":false},"author":2,"featured_media":0,"parent":87600,"menu_order":0,"comment_status":"closed","ping_status":"closed","template":"template_region.php","meta":{"_acf_changed":false,"_et_pb_use_builder":"","_et_pb_old_content":"","_et_gb_content_width":"","footnotes":""},"class_list":["post-90813","page","type-page","status-publish","hentry"],"acf":[],"yoast_head":"<!-- This site is optimized with the Yoast SEO Premium plugin v24.7 (Yoast SEO v24.7) - https:\/\/yoast.com\/wordpress\/plugins\/seo\/ -->\n<title>Firma global de marketing e corporate affairs Ciudad do M\u00e9xico - LLYC<\/title>\n<meta name=\"description\" content=\"Descubra como a LLYC M\u00e9xico se tornou uma das principais firmas de corporate affairs e marketing no M\u00e9xico. Desenvolvemos estrat\u00e9gias baseadas em dados para gerar valor aos nossos clientes.\" \/>\n<meta name=\"robots\" content=\"index, follow, max-snippet:-1, max-image-preview:large, max-video-preview:-1\" \/>\n<link rel=\"canonical\" href=\"https:\/\/llyc.global\/pt-br\/contato\/llyc-em-ciudad-do-mexico\/\" \/>\n<meta property=\"og:locale\" content=\"pt_BR\" \/>\n<meta property=\"og:type\" content=\"article\" \/>\n<meta property=\"og:title\" content=\"LLYC em Cidade do M\u00e9xico\" \/>\n<meta property=\"og:description\" content=\"Descubra como a LLYC M\u00e9xico se tornou uma das principais firmas de corporate affairs e marketing no M\u00e9xico. Desenvolvemos estrat\u00e9gias baseadas em dados para gerar valor aos nossos clientes.\" \/>\n<meta property=\"og:url\" content=\"https:\/\/llyc.global\/pt-br\/contato\/llyc-em-ciudad-do-mexico\/\" \/>\n<meta property=\"og:site_name\" content=\"LLYC\" \/>\n<meta property=\"article:publisher\" content=\"https:\/\/www.facebook.com\/LLYC.Global\/\" \/>\n<meta property=\"article:modified_time\" content=\"2026-03-19T17:28:35+00:00\" \/>\n<meta property=\"og:image\" content=\"https:\/\/llyc.global\/wp-content\/uploads\/2023\/12\/Mexico_3.png\" \/>\n\t<meta property=\"og:image:width\" content=\"1690\" \/>\n\t<meta property=\"og:image:height\" content=\"566\" \/>\n\t<meta property=\"og:image:type\" content=\"image\/png\" \/>\n<meta name=\"twitter:card\" content=\"summary_large_image\" \/>\n<meta name=\"twitter:site\" content=\"@llorenteycuenca\" \/>\n<!-- \/ Yoast SEO Premium plugin. -->","yoast_head_json":{"title":"Firma global de marketing e corporate affairs Ciudad do M\u00e9xico - LLYC","description":"Descubra como a LLYC M\u00e9xico se tornou uma das principais firmas de corporate affairs e marketing no M\u00e9xico. Desenvolvemos estrat\u00e9gias baseadas em dados para gerar valor aos nossos clientes.","robots":{"index":"index","follow":"follow","max-snippet":"max-snippet:-1","max-image-preview":"max-image-preview:large","max-video-preview":"max-video-preview:-1"},"canonical":"https:\/\/llyc.global\/pt-br\/contato\/llyc-em-ciudad-do-mexico\/","og_locale":"pt_BR","og_type":"article","og_title":"LLYC em Cidade do M\u00e9xico","og_description":"Descubra como a LLYC M\u00e9xico se tornou uma das principais firmas de corporate affairs e marketing no M\u00e9xico. Desenvolvemos estrat\u00e9gias baseadas em dados para gerar valor aos nossos clientes.","og_url":"https:\/\/llyc.global\/pt-br\/contato\/llyc-em-ciudad-do-mexico\/","og_site_name":"LLYC","article_publisher":"https:\/\/www.facebook.com\/LLYC.Global\/","article_modified_time":"2026-03-19T17:28:35+00:00","og_image":[{"width":1690,"height":566,"url":"https:\/\/llyc.global\/wp-content\/uploads\/2023\/12\/Mexico_3.png","type":"image\/png"}],"twitter_card":"summary_large_image","twitter_site":"@llorenteycuenca","schema":{"@context":"https:\/\/schema.org","@graph":[{"@type":"WebPage","@id":"https:\/\/llyc.global\/pt-br\/contato\/llyc-em-ciudad-do-mexico\/","url":"https:\/\/llyc.global\/pt-br\/contato\/llyc-em-ciudad-do-mexico\/","name":"Firma global de marketing e corporate affairs Ciudad do M\u00e9xico - LLYC","isPartOf":{"@id":"https:\/\/llyc.global\/pt-br\/#website"},"datePublished":"2023-11-10T14:40:41+00:00","dateModified":"2026-03-19T17:28:35+00:00","description":"Descubra como a LLYC M\u00e9xico se tornou uma das principais firmas de corporate affairs e marketing no M\u00e9xico. Desenvolvemos estrat\u00e9gias baseadas em dados para gerar valor aos nossos clientes.","breadcrumb":{"@id":"https:\/\/llyc.global\/pt-br\/contato\/llyc-em-ciudad-do-mexico\/#breadcrumb"},"inLanguage":"pt-BR","potentialAction":[{"@type":"ReadAction","target":["https:\/\/llyc.global\/pt-br\/contato\/llyc-em-ciudad-do-mexico\/"]}]},{"@type":"BreadcrumbList","@id":"https:\/\/llyc.global\/pt-br\/contato\/llyc-em-ciudad-do-mexico\/#breadcrumb","itemListElement":[{"@type":"ListItem","position":1,"name":"Home","item":"https:\/\/llyc.global\/pt-br\/"},{"@type":"ListItem","position":2,"name":"Contato","item":"https:\/\/llyc.global\/pt-br\/contato\/"},{"@type":"ListItem","position":3,"name":"LLYC em Cidade do M\u00e9xico"}]},{"@type":"WebSite","@id":"https:\/\/llyc.global\/pt-br\/#website","url":"https:\/\/llyc.global\/pt-br\/","name":"LLYC","description":"Consultoria de comunicaci\u00f3n marketing y asuntos p\u00fablicos","potentialAction":[{"@type":"SearchAction","target":{"@type":"EntryPoint","urlTemplate":"https:\/\/llyc.global\/pt-br\/?s={search_term_string}"},"query-input":{"@type":"PropertyValueSpecification","valueRequired":true,"valueName":"search_term_string"}}],"inLanguage":"pt-BR"}]}},"_links":{"self":[{"href":"https:\/\/llyc.global\/pt-br\/wp-json\/wp\/v2\/pages\/90813","targetHints":{"allow":["GET"]}}],"collection":[{"href":"https:\/\/llyc.global\/pt-br\/wp-json\/wp\/v2\/pages"}],"about":[{"href":"https:\/\/llyc.global\/pt-br\/wp-json\/wp\/v2\/types\/page"}],"author":[{"embeddable":true,"href":"https:\/\/llyc.global\/pt-br\/wp-json\/wp\/v2\/users\/2"}],"replies":[{"embeddable":true,"href":"https:\/\/llyc.global\/pt-br\/wp-json\/wp\/v2\/comments?post=90813"}],"version-history":[{"count":24,"href":"https:\/\/llyc.global\/pt-br\/wp-json\/wp\/v2\/pages\/90813\/revisions"}],"predecessor-version":[{"id":457260,"href":"https:\/\/llyc.global\/pt-br\/wp-json\/wp\/v2\/pages\/90813\/revisions\/457260"}],"up":[{"embeddable":true,"href":"https:\/\/llyc.global\/pt-br\/wp-json\/wp\/v2\/pages\/87600"}],"wp:attachment":[{"href":"https:\/\/llyc.global\/pt-br\/wp-json\/wp\/v2\/media?parent=90813"}],"curies":[{"name":"wp","href":"https:\/\/api.w.org\/{rel}","templated":true}]}}