{"id":92275,"date":"2023-11-10T14:15:13","date_gmt":"2023-11-10T13:15:13","guid":{"rendered":"https:\/\/llyc.global\/politica-de-privacidad-sobre-social-media-listening\/"},"modified":"2025-11-24T12:37:50","modified_gmt":"2025-11-24T11:37:50","slug":"politica-de-privacidad-sobre-social-media-listening","status":"publish","type":"page","link":"https:\/\/llyc.global\/pt-br\/politica-de-privacidad-sobre-social-media-listening\/","title":{"rendered":"Pol\u00edtica de privacidade sobre monitoramento de m\u00eddia social"},"content":{"rendered":"<p><span style=\"font-weight: 400;\">Com base no Regulamento (UE) 2016\/679 de 27 de abril de 2016 (doravante,&#8221; GDPR&#8221;), da Lei Org\u00e2nica 03\/2018 sobre Prote\u00e7\u00e3o de Dados e garantia dos direitos digitais, bem como no restante dos regulamentos legais aplic\u00e1veis, s\u00e3o fornecidas as seguintes informa\u00e7\u00f5es sobre o tratamento de seus dados pessoais neste site.<\/span><\/p>\n<p><b>Pol\u00edtica de Privacidade sobre Monitoramento de M\u00eddia Social<\/b><\/p>\n<p><span style=\"font-weight: 400;\">A LLYC analisa a conversa\u00e7\u00e3o p\u00fablica exclusivamente nas redes sociais, nos meios de comunica\u00e7\u00e3o e em outras fontes de acesso p\u00fablico para analisar a opini\u00e3o e a rea\u00e7\u00e3o sobre quest\u00f5es de interesse p\u00fablico geral e particular para os nossos clientes e prestar-lhes uma assessoria s\u00f3lida. Para isso, analisamos dados agregados sobre tend\u00eancias e identificamos os principais usu\u00e1rios que lideram essas tend\u00eancias.<\/span><\/p>\n<p><b>Quais informa\u00e7\u00f5es tratamos?<\/b><\/p>\n<p><span style=\"font-weight: 400;\">Dados pessoais e n\u00e3o pessoais manifestamente p\u00fablicos pelos pr\u00f3prios usu\u00e1rios. Aplicamos t\u00e9cnicas de privacidade desde a concep\u00e7\u00e3o (a prote\u00e7\u00e3o de dados \u00e9 levada em conta como parte integrante do processo de an\u00e1lise que realizamos) e minimiza\u00e7\u00e3o.<\/span><\/p>\n<p><span style=\"font-weight: 400;\">Removemos a identifica\u00e7\u00e3o e s\u00f3 reidentificamos os usu\u00e1rios mais not\u00f3rios. Nesses casos, processamos as informa\u00e7\u00f5es de identifica\u00e7\u00e3o e de contato publicadas, se houver, no perfil (biografia, nome de usu\u00e1rio, cargo\/fun\u00e7\u00e3o) e o conte\u00fado da publica\u00e7\u00e3o (data da publica\u00e7\u00e3o, autor, informa\u00e7\u00f5es de alcance, opini\u00e3o sobre o t\u00f3pico em quest\u00e3o ou respostas e intera\u00e7\u00f5es de outros usu\u00e1rios).<\/span><\/p>\n<p><b>Como tratamos seus dados?<\/b><\/p>\n<p><span style=\"font-weight: 400;\">Baseamos nosso tratamento de dados em nossos leg\u00edtimos interesses corporativos e os de nossos clientes (oferecer nossa consultoria, conhecer e ouvir a conversa\u00e7\u00e3o social, participar dela, promov\u00ea-la e divulg\u00e1-la), levando em conta as expectativas leg\u00edtimas dos usu\u00e1rios e implementando medidas para limitar e proteger seus direitos e interesses.<\/span><\/p>\n<p><span style=\"font-weight: 400;\">Analisamos os dados agregados de opini\u00e3o, sentimento e perfil fornecidos pelas plataformas de origem, aos quais adicionamos nosso pr\u00f3prio valor agregado (a compet\u00eancia transversal e avan\u00e7ada de nossa equipe).<\/span><\/p>\n<p><span style=\"font-weight: 400;\">Nossa combina\u00e7\u00e3o de tecnologia de terceiros, de desenvolvimento pr\u00f3prio e o conhecimento especializado de nossa equipe de inova\u00e7\u00e3o proporciona um valor \u00fanico na interpreta\u00e7\u00e3o e recontextualiza\u00e7\u00e3o das informa\u00e7\u00f5es obtidas.<\/span><\/p>\n<p><span style=\"font-weight: 400;\">De acordo com o nosso C\u00f3digo de Conduta, a LLYC n\u00e3o se envolve em campanhas de difama\u00e7\u00e3o ou ass\u00e9dio, nem em neg\u00f3cios que consideramos anti\u00e9ticos: as conclus\u00f5es, recomenda\u00e7\u00f5es ou prescri\u00e7\u00f5es derivadas de nossos projetos nunca s\u00e3o usadas para prejudicar as partes interessadas.<\/span><\/p>\n<p><b>Concess\u00e3o de dados<\/b><\/p>\n<p><span style=\"font-weight: 400;\">Ocasionalmente, \u00e9 poss\u00edvel que dados pessoais sejam divulgados a nossos clientes, com an\u00e1lise caso a caso das expectativas leg\u00edtimas da pessoa envolvida e a implementa\u00e7\u00e3o pr\u00e9via de prote\u00e7\u00f5es adequadas e medidas espec\u00edficas de controle e transpar\u00eancia.<\/span><\/p>\n<p><span style=\"font-weight: 400;\">Usamos provedores de servi\u00e7os estadunidenses. A transfer\u00eancia est\u00e1 amparada pela ades\u00e3o dos provedores selecionados de acordo com o regulamento de prote\u00e7\u00e3o de dados estabelecido entre a Uni\u00e3o Europeia e os Estados Unidos (Artigo 45 do GDPR &#8211; Decis\u00e3o de Adequa\u00e7\u00e3o). No caso de outros provedores que n\u00e3o aderiram a tal marco, ela est\u00e1 amparada pela ado\u00e7\u00e3o de cl\u00e1usulas-padr\u00e3o atualizadas aprovadas pela Comiss\u00e3o Europeia (artigo 46.2.c do GDPR).<\/span><\/p>\n<p><span style=\"font-weight: 400;\">As informa\u00e7\u00f5es pessoais ser\u00e3o tratadas estritamente durante o tempo necess\u00e1rio para a realiza\u00e7\u00e3o do projeto e, em seguida, ser\u00e3o bloqueadas e exclu\u00eddas de forma segura ou tornadas an\u00f4nimas. Os produtos entregues aos clientes que cont\u00eam informa\u00e7\u00f5es pessoais s\u00e3o retidos por um per\u00edodo de cinco anos.<\/span><\/p>\n<p><b>Como solicitar mais informa\u00e7\u00f5es ou se opor a esse tratamento?<\/b><\/p>\n<p><span style=\"font-weight: 400;\">Voc\u00ea pode entrar em contato conosco para solicitar mais informa\u00e7\u00f5es sobre esse assunto ou para exercer seus direitos de acesso, retifica\u00e7\u00e3o, limita\u00e7\u00e3o ou oposi\u00e7\u00e3o ao tratamento de dados, enviando uma solicita\u00e7\u00e3o para o seguinte endere\u00e7o de e-mail: <\/span><span style=\"font-weight: 400;\">llorenteycuenca@llorenteycuenca.com<\/span><span style=\"font-weight: 400;\">.<\/span><\/p>\n<p><span style=\"font-weight: 400;\">Al\u00e9m disso, lembramos que voc\u00ea pode recorrer \u00e0 autoridade competente em prote\u00e7\u00e3o de dados para denunciar viola\u00e7\u00f5es e proteger seus direitos.<\/span><\/p>\n","protected":false},"excerpt":{"rendered":"<p>Com base no Regulamento (UE) 2016\/679 de 27 de abril de 2016 (doravante,&#8221; GDPR&#8221;), da Lei Org\u00e2nica 03\/2018 sobre Prote\u00e7\u00e3o de Dados e garantia dos direitos digitais, bem como no restante dos regulamentos legais aplic\u00e1veis, s\u00e3o fornecidas as seguintes informa\u00e7\u00f5es sobre o tratamento de seus dados pessoais neste site. Pol\u00edtica de Privacidade sobre Monitoramento de [&hellip;]<\/p>\n","protected":false},"author":1,"featured_media":0,"parent":0,"menu_order":0,"comment_status":"closed","ping_status":"closed","template":"","meta":{"_acf_changed":false,"_et_pb_use_builder":"","_et_pb_old_content":"","_et_gb_content_width":"","footnotes":""},"class_list":["post-92275","page","type-page","status-publish","hentry"],"acf":[],"yoast_head":"<!-- This site is optimized with the Yoast SEO Premium plugin v24.7 (Yoast SEO v24.7) - https:\/\/yoast.com\/wordpress\/plugins\/seo\/ -->\n<title>Pol\u00edtica de privacidade sobre monitoramento de m\u00eddia social - LLYC<\/title>\n<meta name=\"description\" content=\"Saiba como a LLYC protege a privacidade de dados em projetos de social listening, garantindo conformidade com GDPR e padr\u00f5es \u00e9ticos.\" \/>\n<meta name=\"robots\" content=\"index, follow, max-snippet:-1, max-image-preview:large, max-video-preview:-1\" \/>\n<link rel=\"canonical\" href=\"https:\/\/llyc.global\/pt-br\/politica-de-privacidad-sobre-social-media-listening\/\" \/>\n<meta property=\"og:locale\" content=\"pt_BR\" \/>\n<meta property=\"og:type\" content=\"article\" \/>\n<meta property=\"og:title\" content=\"Pol\u00edtica de privacidade sobre monitoramento de m\u00eddia social\" \/>\n<meta property=\"og:description\" content=\"Saiba como a LLYC protege a privacidade de dados em projetos de social listening, garantindo conformidade com GDPR e padr\u00f5es \u00e9ticos.\" \/>\n<meta property=\"og:url\" content=\"https:\/\/llyc.global\/pt-br\/politica-de-privacidad-sobre-social-media-listening\/\" \/>\n<meta property=\"og:site_name\" content=\"LLYC\" \/>\n<meta property=\"article:publisher\" content=\"https:\/\/www.facebook.com\/LLYC.Global\/\" \/>\n<meta property=\"article:modified_time\" content=\"2025-11-24T11:37:50+00:00\" \/>\n<meta name=\"twitter:card\" content=\"summary_large_image\" \/>\n<meta name=\"twitter:site\" content=\"@llorenteycuenca\" \/>\n<meta name=\"twitter:label1\" content=\"Est. reading time\" \/>\n\t<meta name=\"twitter:data1\" content=\"3 minutos\" \/>\n<!-- \/ Yoast SEO Premium plugin. -->","yoast_head_json":{"title":"Pol\u00edtica de privacidade sobre monitoramento de m\u00eddia social - LLYC","description":"Saiba como a LLYC protege a privacidade de dados em projetos de social listening, garantindo conformidade com GDPR e padr\u00f5es \u00e9ticos.","robots":{"index":"index","follow":"follow","max-snippet":"max-snippet:-1","max-image-preview":"max-image-preview:large","max-video-preview":"max-video-preview:-1"},"canonical":"https:\/\/llyc.global\/pt-br\/politica-de-privacidad-sobre-social-media-listening\/","og_locale":"pt_BR","og_type":"article","og_title":"Pol\u00edtica de privacidade sobre monitoramento de m\u00eddia social","og_description":"Saiba como a LLYC protege a privacidade de dados em projetos de social listening, garantindo conformidade com GDPR e padr\u00f5es \u00e9ticos.","og_url":"https:\/\/llyc.global\/pt-br\/politica-de-privacidad-sobre-social-media-listening\/","og_site_name":"LLYC","article_publisher":"https:\/\/www.facebook.com\/LLYC.Global\/","article_modified_time":"2025-11-24T11:37:50+00:00","twitter_card":"summary_large_image","twitter_site":"@llorenteycuenca","twitter_misc":{"Est. reading time":"3 minutos"},"schema":{"@context":"https:\/\/schema.org","@graph":[{"@type":"WebPage","@id":"https:\/\/llyc.global\/pt-br\/politica-de-privacidad-sobre-social-media-listening\/","url":"https:\/\/llyc.global\/pt-br\/politica-de-privacidad-sobre-social-media-listening\/","name":"Pol\u00edtica de privacidade sobre monitoramento de m\u00eddia social - LLYC","isPartOf":{"@id":"https:\/\/llyc.global\/pt-br\/#website"},"datePublished":"2023-11-10T13:15:13+00:00","dateModified":"2025-11-24T11:37:50+00:00","description":"Saiba como a LLYC protege a privacidade de dados em projetos de social listening, garantindo conformidade com GDPR e padr\u00f5es \u00e9ticos.","breadcrumb":{"@id":"https:\/\/llyc.global\/pt-br\/politica-de-privacidad-sobre-social-media-listening\/#breadcrumb"},"inLanguage":"pt-BR","potentialAction":[{"@type":"ReadAction","target":["https:\/\/llyc.global\/pt-br\/politica-de-privacidad-sobre-social-media-listening\/"]}]},{"@type":"BreadcrumbList","@id":"https:\/\/llyc.global\/pt-br\/politica-de-privacidad-sobre-social-media-listening\/#breadcrumb","itemListElement":[{"@type":"ListItem","position":1,"name":"Home","item":"https:\/\/llyc.global\/pt-br\/"},{"@type":"ListItem","position":2,"name":"Pol\u00edtica de privacidade sobre monitoramento de m\u00eddia social"}]},{"@type":"WebSite","@id":"https:\/\/llyc.global\/pt-br\/#website","url":"https:\/\/llyc.global\/pt-br\/","name":"LLYC","description":"Consultoria de comunicaci\u00f3n marketing y asuntos p\u00fablicos","potentialAction":[{"@type":"SearchAction","target":{"@type":"EntryPoint","urlTemplate":"https:\/\/llyc.global\/pt-br\/?s={search_term_string}"},"query-input":{"@type":"PropertyValueSpecification","valueRequired":true,"valueName":"search_term_string"}}],"inLanguage":"pt-BR"}]}},"_links":{"self":[{"href":"https:\/\/llyc.global\/pt-br\/wp-json\/wp\/v2\/pages\/92275","targetHints":{"allow":["GET"]}}],"collection":[{"href":"https:\/\/llyc.global\/pt-br\/wp-json\/wp\/v2\/pages"}],"about":[{"href":"https:\/\/llyc.global\/pt-br\/wp-json\/wp\/v2\/types\/page"}],"author":[{"embeddable":true,"href":"https:\/\/llyc.global\/pt-br\/wp-json\/wp\/v2\/users\/1"}],"replies":[{"embeddable":true,"href":"https:\/\/llyc.global\/pt-br\/wp-json\/wp\/v2\/comments?post=92275"}],"version-history":[{"count":4,"href":"https:\/\/llyc.global\/pt-br\/wp-json\/wp\/v2\/pages\/92275\/revisions"}],"predecessor-version":[{"id":448371,"href":"https:\/\/llyc.global\/pt-br\/wp-json\/wp\/v2\/pages\/92275\/revisions\/448371"}],"wp:attachment":[{"href":"https:\/\/llyc.global\/pt-br\/wp-json\/wp\/v2\/media?parent=92275"}],"curies":[{"name":"wp","href":"https:\/\/api.w.org\/{rel}","templated":true}]}}