{"id":92284,"date":"2023-11-10T14:14:41","date_gmt":"2023-11-10T13:14:41","guid":{"rendered":"https:\/\/llyc.global\/canal-interno-de-informacion\/"},"modified":"2025-11-24T11:09:18","modified_gmt":"2025-11-24T10:09:18","slug":"canal-interno-de-informacion","status":"publish","type":"page","link":"https:\/\/llyc.global\/pt-br\/canal-interno-de-informacion\/","title":{"rendered":"Canal de \u00e9tica"},"content":{"rendered":"<p><b>O que \u00e9 o canal de \u00e9tica?<\/b><\/p>\n<p><span style=\"font-weight: 400;\">A LLYC quer criar um ambiente de transpar\u00eancia e promover o respeito \u00e0 legalidade e \u00e0s regras de conduta estabelecidas no C\u00f3digo de \u00c9tica por parte de nossos administradores, profissionais e fornecedores.\u00a0<\/span><\/p>\n<p><span style=\"font-weight: 400;\">Para isso, a LLYC conta com um canal de \u00e9tica por meio do qual \u00e9 poss\u00edvel investigar qualquer tipo de conduta potencialmente perigosa para a nossa empresa, nossos profissionais, clientes, fornecedores e outros grupos de interesse. Tudo isso segundo as disposi\u00e7\u00f5es da Lei espanhola 02\/2023, de 20 de fevereiro, que regulamenta a prote\u00e7\u00e3o das pessoas que denunciam infra\u00e7\u00f5es \u00e0s normas e a luta contra a corrup\u00e7\u00e3o.<\/span><\/p>\n<p><span style=\"font-weight: 400;\">Para obter mais informa\u00e7\u00f5es sobre o funcionamento e o processamento de dados pessoais no Canal de \u00c9tica, consulte o documento a seguir<\/span><\/p>\n<p><span style=\"font-weight: 400;\">Regulamento sobre o sistema de informa\u00e7\u00e3o interna.<\/span><\/p>\n<p><b>Garantias<\/b><\/p>\n<p><span style=\"font-weight: 400;\">Os princ\u00edpios b\u00e1sicos do canal s\u00e3o os seguintes:<\/span><\/p>\n<ul>\n<li><span style=\"font-weight: 400;\"> \u00a0 \u00a0 \u00a0 <\/span><span style=\"font-weight: 400;\">Confidencialidade<\/span><span style=\"font-weight: 400;\">: Apenas as pessoas necess\u00e1rias para a realiza\u00e7\u00e3o da investiga\u00e7\u00e3o ter\u00e3o conhecimento do processo. Todas as investiga\u00e7\u00f5es internas devem ser conduzidas com o devido respeito aos direitos tanto do autor da den\u00fancia quanto da(s) pessoa(s) envolvida(s) ou investigada(s).<\/span><\/li>\n<li><span style=\"font-weight: 400;\"> \u00a0 <\/span><span style=\"font-weight: 400;\">Proibi\u00e7\u00e3o de repres\u00e1lias<\/span><span style=\"font-weight: 400;\">: a LLYC se compromete a n\u00e3o praticar nenhuma forma de repres\u00e1lia contra qualquer pessoa que tenha feito uma den\u00fancia de boa-f\u00e9.<\/span><\/li>\n<li><span style=\"font-weight: 400;\"> \u00a0 \u00a0 \u00a0 <\/span><span style=\"font-weight: 400;\">Anonimato<\/span><span style=\"font-weight: 400;\">: a comunica\u00e7\u00e3o pode ser feita de forma an\u00f4nima.<\/span><\/li>\n<\/ul>\n<p><b>Comunica\u00e7\u00e3o com o canal de \u00e9tica<\/b><\/p>\n<p><span style=\"font-weight: 400;\">O Canal de \u00c9tica prev\u00ea os seguintes canais para a comunica\u00e7\u00e3o de poss\u00edveis irregularidades:<\/span><\/p>\n<ol>\n<li style=\"font-weight: 400;\" aria-level=\"1\"><span style=\"font-weight: 400;\">Por escrito:<\/span>\n<ul>\n<li style=\"font-weight: 400;\" aria-level=\"2\"><span style=\"font-weight: 400;\">atrav\u00e9s de um formul\u00e1rio<\/span><\/li>\n<li style=\"font-weight: 400;\" aria-level=\"2\"><span style=\"font-weight: 400;\">pelo correio para o endere\u00e7o Calle Lagasca, 88, 28001 Madri, tendo por destinat\u00e1rio Juan Pablo Oca\u00f1a Gonz\u00e1lez.<\/span><\/li>\n<\/ul>\n<\/li>\n<li style=\"font-weight: 400;\" aria-level=\"1\"><span style=\"font-weight: 400;\">Verbalmente:<\/span>\n<ul>\n<li style=\"font-weight: 400;\" aria-level=\"2\"><span style=\"font-weight: 400;\">por mensagem de voz<\/span><\/li>\n<\/ul>\n<\/li>\n<\/ol>\n<p><span style=\"font-weight: 400;\">Al\u00e9m disso, os autores da comunica\u00e7\u00e3o ou den\u00fancia ser\u00e3o informados de seu direito a escolher como o far\u00e3o, se por meio deste canal interno ou de canais externos de diferentes compet\u00eancias (Autoridade Independente para a Prote\u00e7\u00e3o de Denunciantes, Escrit\u00f3rio Antifraude e Corrup\u00e7\u00e3o da Andaluzia, Ag\u00eancia Antifraude de Val\u00eancia, Escrit\u00f3rio Antifraude da Catalunha, Escrit\u00f3rio de Preven\u00e7\u00e3o e Combate \u00e0 Fraude das Ilhas Baleares, Escrit\u00f3rio de Boas Pr\u00e1ticas e Anticorrup\u00e7\u00e3o de Navarra).<\/span><\/p>\n<p><span style=\"font-weight: 400;\">Acessar o Canal de \u00c9tica:<\/span><span style=\"font-weight: 400;\">\u00a0<a href=\"https:\/\/llyc-global.integrityline.com\/?lang=pt\" target=\"_blank\" rel=\"noopener\">link<\/a><\/span><\/p>\n","protected":false},"excerpt":{"rendered":"<p>O que \u00e9 o canal de \u00e9tica? A LLYC quer criar um ambiente de transpar\u00eancia e promover o respeito \u00e0 legalidade e \u00e0s regras de conduta estabelecidas no C\u00f3digo de \u00c9tica por parte de nossos administradores, profissionais e fornecedores.\u00a0 Para isso, a LLYC conta com um canal de \u00e9tica por meio do qual \u00e9 poss\u00edvel [&hellip;]<\/p>\n","protected":false},"author":1,"featured_media":0,"parent":0,"menu_order":0,"comment_status":"closed","ping_status":"closed","template":"","meta":{"_acf_changed":false,"_et_pb_use_builder":"","_et_pb_old_content":"","_et_gb_content_width":"","footnotes":""},"class_list":["post-92284","page","type-page","status-publish","hentry"],"acf":[],"yoast_head":"<!-- This site is optimized with the Yoast SEO Premium plugin v24.7 (Yoast SEO v24.7) - https:\/\/yoast.com\/wordpress\/plugins\/seo\/ -->\n<title>Canal de \u00e9tica | Transpar\u00eancia e garantias - LLYC<\/title>\n<meta name=\"description\" content=\"Canal de \u00e9tica para comunicar irregularidades com seguran\u00e7a e confidencialidade. Conhe\u00e7a como garantimos prote\u00e7\u00e3o e transpar\u00eancia.\" \/>\n<meta name=\"robots\" content=\"index, follow, max-snippet:-1, max-image-preview:large, max-video-preview:-1\" \/>\n<link rel=\"canonical\" href=\"https:\/\/llyc.global\/pt-br\/canal-interno-de-informacion\/\" \/>\n<meta property=\"og:locale\" content=\"pt_BR\" \/>\n<meta property=\"og:type\" content=\"article\" \/>\n<meta property=\"og:title\" content=\"Canal de \u00e9tica\" \/>\n<meta property=\"og:description\" content=\"Canal de \u00e9tica para comunicar irregularidades com seguran\u00e7a e confidencialidade. Conhe\u00e7a como garantimos prote\u00e7\u00e3o e transpar\u00eancia.\" \/>\n<meta property=\"og:url\" content=\"https:\/\/llyc.global\/pt-br\/canal-interno-de-informacion\/\" \/>\n<meta property=\"og:site_name\" content=\"LLYC\" \/>\n<meta property=\"article:publisher\" content=\"https:\/\/www.facebook.com\/LLYC.Global\/\" \/>\n<meta property=\"article:modified_time\" content=\"2025-11-24T10:09:18+00:00\" \/>\n<meta name=\"twitter:card\" content=\"summary_large_image\" \/>\n<meta name=\"twitter:site\" content=\"@llorenteycuenca\" \/>\n<meta name=\"twitter:label1\" content=\"Est. reading time\" \/>\n\t<meta name=\"twitter:data1\" content=\"2 minutos\" \/>\n<!-- \/ Yoast SEO Premium plugin. -->","yoast_head_json":{"title":"Canal de \u00e9tica | Transpar\u00eancia e garantias - LLYC","description":"Canal de \u00e9tica para comunicar irregularidades com seguran\u00e7a e confidencialidade. Conhe\u00e7a como garantimos prote\u00e7\u00e3o e transpar\u00eancia.","robots":{"index":"index","follow":"follow","max-snippet":"max-snippet:-1","max-image-preview":"max-image-preview:large","max-video-preview":"max-video-preview:-1"},"canonical":"https:\/\/llyc.global\/pt-br\/canal-interno-de-informacion\/","og_locale":"pt_BR","og_type":"article","og_title":"Canal de \u00e9tica","og_description":"Canal de \u00e9tica para comunicar irregularidades com seguran\u00e7a e confidencialidade. Conhe\u00e7a como garantimos prote\u00e7\u00e3o e transpar\u00eancia.","og_url":"https:\/\/llyc.global\/pt-br\/canal-interno-de-informacion\/","og_site_name":"LLYC","article_publisher":"https:\/\/www.facebook.com\/LLYC.Global\/","article_modified_time":"2025-11-24T10:09:18+00:00","twitter_card":"summary_large_image","twitter_site":"@llorenteycuenca","twitter_misc":{"Est. reading time":"2 minutos"},"schema":{"@context":"https:\/\/schema.org","@graph":[{"@type":"WebPage","@id":"https:\/\/llyc.global\/pt-br\/canal-interno-de-informacion\/","url":"https:\/\/llyc.global\/pt-br\/canal-interno-de-informacion\/","name":"Canal de \u00e9tica | Transpar\u00eancia e garantias - LLYC","isPartOf":{"@id":"https:\/\/llyc.global\/pt-br\/#website"},"datePublished":"2023-11-10T13:14:41+00:00","dateModified":"2025-11-24T10:09:18+00:00","description":"Canal de \u00e9tica para comunicar irregularidades com seguran\u00e7a e confidencialidade. Conhe\u00e7a como garantimos prote\u00e7\u00e3o e transpar\u00eancia.","breadcrumb":{"@id":"https:\/\/llyc.global\/pt-br\/canal-interno-de-informacion\/#breadcrumb"},"inLanguage":"pt-BR","potentialAction":[{"@type":"ReadAction","target":["https:\/\/llyc.global\/pt-br\/canal-interno-de-informacion\/"]}]},{"@type":"BreadcrumbList","@id":"https:\/\/llyc.global\/pt-br\/canal-interno-de-informacion\/#breadcrumb","itemListElement":[{"@type":"ListItem","position":1,"name":"Home","item":"https:\/\/llyc.global\/pt-br\/"},{"@type":"ListItem","position":2,"name":"Canal de \u00e9tica"}]},{"@type":"WebSite","@id":"https:\/\/llyc.global\/pt-br\/#website","url":"https:\/\/llyc.global\/pt-br\/","name":"LLYC","description":"Consultoria de comunicaci\u00f3n marketing y asuntos p\u00fablicos","potentialAction":[{"@type":"SearchAction","target":{"@type":"EntryPoint","urlTemplate":"https:\/\/llyc.global\/pt-br\/?s={search_term_string}"},"query-input":{"@type":"PropertyValueSpecification","valueRequired":true,"valueName":"search_term_string"}}],"inLanguage":"pt-BR"}]}},"_links":{"self":[{"href":"https:\/\/llyc.global\/pt-br\/wp-json\/wp\/v2\/pages\/92284","targetHints":{"allow":["GET"]}}],"collection":[{"href":"https:\/\/llyc.global\/pt-br\/wp-json\/wp\/v2\/pages"}],"about":[{"href":"https:\/\/llyc.global\/pt-br\/wp-json\/wp\/v2\/types\/page"}],"author":[{"embeddable":true,"href":"https:\/\/llyc.global\/pt-br\/wp-json\/wp\/v2\/users\/1"}],"replies":[{"embeddable":true,"href":"https:\/\/llyc.global\/pt-br\/wp-json\/wp\/v2\/comments?post=92284"}],"version-history":[{"count":8,"href":"https:\/\/llyc.global\/pt-br\/wp-json\/wp\/v2\/pages\/92284\/revisions"}],"predecessor-version":[{"id":97226,"href":"https:\/\/llyc.global\/pt-br\/wp-json\/wp\/v2\/pages\/92284\/revisions\/97226"}],"wp:attachment":[{"href":"https:\/\/llyc.global\/pt-br\/wp-json\/wp\/v2\/media?parent=92284"}],"curies":[{"name":"wp","href":"https:\/\/api.w.org\/{rel}","templated":true}]}}