{"id":92581,"date":"2023-11-10T13:03:01","date_gmt":"2023-11-10T12:03:01","guid":{"rendered":"https:\/\/llyc.global\/?page_id=92581"},"modified":"2026-03-19T18:42:33","modified_gmt":"2026-03-19T17:42:33","slug":"llyc-em-santo-domingo","status":"publish","type":"page","link":"https:\/\/llyc.global\/pt-br\/contato\/llyc-em-santo-domingo\/","title":{"rendered":"LLYC em Santo Domingo"},"content":{"rendered":"","protected":false},"excerpt":{"rendered":"","protected":false},"author":2,"featured_media":0,"parent":87600,"menu_order":0,"comment_status":"closed","ping_status":"closed","template":"template_region.php","meta":{"_acf_changed":false,"_et_pb_use_builder":"","_et_pb_old_content":"","_et_gb_content_width":"","footnotes":""},"class_list":["post-92581","page","type-page","status-publish","hentry"],"acf":[],"yoast_head":"<!-- This site is optimized with the Yoast SEO Premium plugin v24.7 (Yoast SEO v24.7) - https:\/\/yoast.com\/wordpress\/plugins\/seo\/ -->\n<title>Empresa de Marketing e Assuntos Corporativos em Santo Domingo - LLYC<\/title>\n<meta name=\"description\" content=\"Descubra a LLYC em Santo Domingo, uma empresa l\u00edder em consultoria de comunica\u00e7\u00e3o corporativa, gest\u00e3o de riscos, marketing e assuntos p\u00fablicos na Rep\u00fablica Dominicana. Nosso time altamente especializado tem impulsionado projetos inovadores e foi reconhecido pela efic\u00e1cia dos resultados para os neg\u00f3cios e a reputa\u00e7\u00e3o de nossos clientes.\" \/>\n<meta name=\"robots\" content=\"index, follow, max-snippet:-1, max-image-preview:large, max-video-preview:-1\" \/>\n<link rel=\"canonical\" href=\"https:\/\/llyc.global\/pt-br\/contato\/llyc-em-santo-domingo\/\" \/>\n<meta property=\"og:locale\" content=\"pt_BR\" \/>\n<meta property=\"og:type\" content=\"article\" \/>\n<meta property=\"og:title\" content=\"LLYC em Santo Domingo\" \/>\n<meta property=\"og:description\" content=\"Descubra a LLYC em Santo Domingo, uma empresa l\u00edder em consultoria de comunica\u00e7\u00e3o corporativa, gest\u00e3o de riscos, marketing e assuntos p\u00fablicos na Rep\u00fablica Dominicana. Nosso time altamente especializado tem impulsionado projetos inovadores e foi reconhecido pela efic\u00e1cia dos resultados para os neg\u00f3cios e a reputa\u00e7\u00e3o de nossos clientes.\" \/>\n<meta property=\"og:url\" content=\"https:\/\/llyc.global\/pt-br\/contato\/llyc-em-santo-domingo\/\" \/>\n<meta property=\"og:site_name\" content=\"LLYC\" \/>\n<meta property=\"article:publisher\" content=\"https:\/\/www.facebook.com\/LLYC.Global\/\" \/>\n<meta property=\"article:modified_time\" content=\"2026-03-19T17:42:33+00:00\" \/>\n<meta property=\"og:image\" content=\"https:\/\/llyc.global\/wp-content\/uploads\/2023\/11\/Santo-Domingo-1.png\" \/>\n\t<meta property=\"og:image:width\" content=\"1690\" \/>\n\t<meta property=\"og:image:height\" content=\"565\" \/>\n\t<meta property=\"og:image:type\" content=\"image\/png\" \/>\n<meta name=\"twitter:card\" content=\"summary_large_image\" \/>\n<meta name=\"twitter:site\" content=\"@llorenteycuenca\" \/>\n<!-- \/ Yoast SEO Premium plugin. -->","yoast_head_json":{"title":"Empresa de Marketing e Assuntos Corporativos em Santo Domingo - LLYC","description":"Descubra a LLYC em Santo Domingo, uma empresa l\u00edder em consultoria de comunica\u00e7\u00e3o corporativa, gest\u00e3o de riscos, marketing e assuntos p\u00fablicos na Rep\u00fablica Dominicana. Nosso time altamente especializado tem impulsionado projetos inovadores e foi reconhecido pela efic\u00e1cia dos resultados para os neg\u00f3cios e a reputa\u00e7\u00e3o de nossos clientes.","robots":{"index":"index","follow":"follow","max-snippet":"max-snippet:-1","max-image-preview":"max-image-preview:large","max-video-preview":"max-video-preview:-1"},"canonical":"https:\/\/llyc.global\/pt-br\/contato\/llyc-em-santo-domingo\/","og_locale":"pt_BR","og_type":"article","og_title":"LLYC em Santo Domingo","og_description":"Descubra a LLYC em Santo Domingo, uma empresa l\u00edder em consultoria de comunica\u00e7\u00e3o corporativa, gest\u00e3o de riscos, marketing e assuntos p\u00fablicos na Rep\u00fablica Dominicana. Nosso time altamente especializado tem impulsionado projetos inovadores e foi reconhecido pela efic\u00e1cia dos resultados para os neg\u00f3cios e a reputa\u00e7\u00e3o de nossos clientes.","og_url":"https:\/\/llyc.global\/pt-br\/contato\/llyc-em-santo-domingo\/","og_site_name":"LLYC","article_publisher":"https:\/\/www.facebook.com\/LLYC.Global\/","article_modified_time":"2026-03-19T17:42:33+00:00","og_image":[{"width":1690,"height":565,"url":"https:\/\/llyc.global\/wp-content\/uploads\/2023\/11\/Santo-Domingo-1.png","type":"image\/png"}],"twitter_card":"summary_large_image","twitter_site":"@llorenteycuenca","schema":{"@context":"https:\/\/schema.org","@graph":[{"@type":"WebPage","@id":"https:\/\/llyc.global\/pt-br\/contato\/llyc-em-santo-domingo\/","url":"https:\/\/llyc.global\/pt-br\/contato\/llyc-em-santo-domingo\/","name":"Empresa de Marketing e Assuntos Corporativos em Santo Domingo - LLYC","isPartOf":{"@id":"https:\/\/llyc.global\/pt-br\/#website"},"datePublished":"2023-11-10T12:03:01+00:00","dateModified":"2026-03-19T17:42:33+00:00","description":"Descubra a LLYC em Santo Domingo, uma empresa l\u00edder em consultoria de comunica\u00e7\u00e3o corporativa, gest\u00e3o de riscos, marketing e assuntos p\u00fablicos na Rep\u00fablica Dominicana. Nosso time altamente especializado tem impulsionado projetos inovadores e foi reconhecido pela efic\u00e1cia dos resultados para os neg\u00f3cios e a reputa\u00e7\u00e3o de nossos clientes.","breadcrumb":{"@id":"https:\/\/llyc.global\/pt-br\/contato\/llyc-em-santo-domingo\/#breadcrumb"},"inLanguage":"pt-BR","potentialAction":[{"@type":"ReadAction","target":["https:\/\/llyc.global\/pt-br\/contato\/llyc-em-santo-domingo\/"]}]},{"@type":"BreadcrumbList","@id":"https:\/\/llyc.global\/pt-br\/contato\/llyc-em-santo-domingo\/#breadcrumb","itemListElement":[{"@type":"ListItem","position":1,"name":"Home","item":"https:\/\/llyc.global\/pt-br\/"},{"@type":"ListItem","position":2,"name":"Contato","item":"https:\/\/llyc.global\/pt-br\/contato\/"},{"@type":"ListItem","position":3,"name":"LLYC em Santo Domingo"}]},{"@type":"WebSite","@id":"https:\/\/llyc.global\/pt-br\/#website","url":"https:\/\/llyc.global\/pt-br\/","name":"LLYC","description":"Consultoria de comunicaci\u00f3n marketing y asuntos p\u00fablicos","potentialAction":[{"@type":"SearchAction","target":{"@type":"EntryPoint","urlTemplate":"https:\/\/llyc.global\/pt-br\/?s={search_term_string}"},"query-input":{"@type":"PropertyValueSpecification","valueRequired":true,"valueName":"search_term_string"}}],"inLanguage":"pt-BR"}]}},"_links":{"self":[{"href":"https:\/\/llyc.global\/pt-br\/wp-json\/wp\/v2\/pages\/92581","targetHints":{"allow":["GET"]}}],"collection":[{"href":"https:\/\/llyc.global\/pt-br\/wp-json\/wp\/v2\/pages"}],"about":[{"href":"https:\/\/llyc.global\/pt-br\/wp-json\/wp\/v2\/types\/page"}],"author":[{"embeddable":true,"href":"https:\/\/llyc.global\/pt-br\/wp-json\/wp\/v2\/users\/2"}],"replies":[{"embeddable":true,"href":"https:\/\/llyc.global\/pt-br\/wp-json\/wp\/v2\/comments?post=92581"}],"version-history":[{"count":17,"href":"https:\/\/llyc.global\/pt-br\/wp-json\/wp\/v2\/pages\/92581\/revisions"}],"predecessor-version":[{"id":457264,"href":"https:\/\/llyc.global\/pt-br\/wp-json\/wp\/v2\/pages\/92581\/revisions\/457264"}],"up":[{"embeddable":true,"href":"https:\/\/llyc.global\/pt-br\/wp-json\/wp\/v2\/pages\/87600"}],"wp:attachment":[{"href":"https:\/\/llyc.global\/pt-br\/wp-json\/wp\/v2\/media?parent=92581"}],"curies":[{"name":"wp","href":"https:\/\/api.w.org\/{rel}","templated":true}]}}