{"id":92710,"date":"2023-11-10T12:45:51","date_gmt":"2023-11-10T11:45:51","guid":{"rendered":"https:\/\/llyc.global\/?page_id=92710"},"modified":"2026-03-23T13:53:29","modified_gmt":"2026-03-23T12:53:29","slug":"llyc-em-sao-paulo","status":"publish","type":"page","link":"https:\/\/llyc.global\/pt-br\/contato\/llyc-em-sao-paulo\/","title":{"rendered":"LLYC em S\u00e3o Paulo"},"content":{"rendered":"","protected":false},"excerpt":{"rendered":"","protected":false},"author":2,"featured_media":0,"parent":87600,"menu_order":0,"comment_status":"closed","ping_status":"closed","template":"template_region.php","meta":{"_acf_changed":false,"_et_pb_use_builder":"","_et_pb_old_content":"","_et_gb_content_width":"","footnotes":""},"class_list":["post-92710","page","type-page","status-publish","hentry"],"acf":[],"yoast_head":"<!-- This site is optimized with the Yoast SEO Premium plugin v24.7 (Yoast SEO v24.7) - https:\/\/yoast.com\/wordpress\/plugins\/seo\/ -->\n<title>Empresa de marketing e assuntos corporativos no S\u00e3o Paulo - LLYC<\/title>\n<meta name=\"description\" content=\"LLYC S\u00e3o Paulo \u00e9 uma firma de marketing e assuntos corporativos, sendo uma das maiores ag\u00eancias independentes do pa\u00eds. Ajudamos nossos clientes a proteger sua reputa\u00e7\u00e3o e a impulsionar seu crescimento.\" \/>\n<meta name=\"robots\" content=\"index, follow, max-snippet:-1, max-image-preview:large, max-video-preview:-1\" \/>\n<link rel=\"canonical\" href=\"https:\/\/llyc.global\/pt-br\/contato\/llyc-em-sao-paulo\/\" \/>\n<meta property=\"og:locale\" content=\"pt_BR\" \/>\n<meta property=\"og:type\" content=\"article\" \/>\n<meta property=\"og:title\" content=\"LLYC em S\u00e3o Paulo\" \/>\n<meta property=\"og:description\" content=\"LLYC S\u00e3o Paulo \u00e9 uma firma de marketing e assuntos corporativos, sendo uma das maiores ag\u00eancias independentes do pa\u00eds. Ajudamos nossos clientes a proteger sua reputa\u00e7\u00e3o e a impulsionar seu crescimento.\" \/>\n<meta property=\"og:url\" content=\"https:\/\/llyc.global\/pt-br\/contato\/llyc-em-sao-paulo\/\" \/>\n<meta property=\"og:site_name\" content=\"LLYC\" \/>\n<meta property=\"article:publisher\" content=\"https:\/\/www.facebook.com\/LLYC.Global\/\" \/>\n<meta property=\"article:modified_time\" content=\"2026-03-23T12:53:29+00:00\" \/>\n<meta property=\"og:image\" content=\"https:\/\/llyc.global\/wp-content\/uploads\/2023\/11\/19-Sao-Paulo.png\" \/>\n\t<meta property=\"og:image:width\" content=\"1690\" \/>\n\t<meta property=\"og:image:height\" content=\"565\" \/>\n\t<meta property=\"og:image:type\" content=\"image\/png\" \/>\n<meta name=\"twitter:card\" content=\"summary_large_image\" \/>\n<meta name=\"twitter:site\" content=\"@llorenteycuenca\" \/>\n<!-- \/ Yoast SEO Premium plugin. -->","yoast_head_json":{"title":"Empresa de marketing e assuntos corporativos no S\u00e3o Paulo - LLYC","description":"LLYC S\u00e3o Paulo \u00e9 uma firma de marketing e assuntos corporativos, sendo uma das maiores ag\u00eancias independentes do pa\u00eds. Ajudamos nossos clientes a proteger sua reputa\u00e7\u00e3o e a impulsionar seu crescimento.","robots":{"index":"index","follow":"follow","max-snippet":"max-snippet:-1","max-image-preview":"max-image-preview:large","max-video-preview":"max-video-preview:-1"},"canonical":"https:\/\/llyc.global\/pt-br\/contato\/llyc-em-sao-paulo\/","og_locale":"pt_BR","og_type":"article","og_title":"LLYC em S\u00e3o Paulo","og_description":"LLYC S\u00e3o Paulo \u00e9 uma firma de marketing e assuntos corporativos, sendo uma das maiores ag\u00eancias independentes do pa\u00eds. Ajudamos nossos clientes a proteger sua reputa\u00e7\u00e3o e a impulsionar seu crescimento.","og_url":"https:\/\/llyc.global\/pt-br\/contato\/llyc-em-sao-paulo\/","og_site_name":"LLYC","article_publisher":"https:\/\/www.facebook.com\/LLYC.Global\/","article_modified_time":"2026-03-23T12:53:29+00:00","og_image":[{"width":1690,"height":565,"url":"https:\/\/llyc.global\/wp-content\/uploads\/2023\/11\/19-Sao-Paulo.png","type":"image\/png"}],"twitter_card":"summary_large_image","twitter_site":"@llorenteycuenca","schema":{"@context":"https:\/\/schema.org","@graph":[{"@type":"WebPage","@id":"https:\/\/llyc.global\/pt-br\/contato\/llyc-em-sao-paulo\/","url":"https:\/\/llyc.global\/pt-br\/contato\/llyc-em-sao-paulo\/","name":"Empresa de marketing e assuntos corporativos no S\u00e3o Paulo - LLYC","isPartOf":{"@id":"https:\/\/llyc.global\/pt-br\/#website"},"datePublished":"2023-11-10T11:45:51+00:00","dateModified":"2026-03-23T12:53:29+00:00","description":"LLYC S\u00e3o Paulo \u00e9 uma firma de marketing e assuntos corporativos, sendo uma das maiores ag\u00eancias independentes do pa\u00eds. Ajudamos nossos clientes a proteger sua reputa\u00e7\u00e3o e a impulsionar seu crescimento.","breadcrumb":{"@id":"https:\/\/llyc.global\/pt-br\/contato\/llyc-em-sao-paulo\/#breadcrumb"},"inLanguage":"pt-BR","potentialAction":[{"@type":"ReadAction","target":["https:\/\/llyc.global\/pt-br\/contato\/llyc-em-sao-paulo\/"]}]},{"@type":"BreadcrumbList","@id":"https:\/\/llyc.global\/pt-br\/contato\/llyc-em-sao-paulo\/#breadcrumb","itemListElement":[{"@type":"ListItem","position":1,"name":"Home","item":"https:\/\/llyc.global\/pt-br\/"},{"@type":"ListItem","position":2,"name":"Contato","item":"https:\/\/llyc.global\/pt-br\/contato\/"},{"@type":"ListItem","position":3,"name":"LLYC em S\u00e3o Paulo"}]},{"@type":"WebSite","@id":"https:\/\/llyc.global\/pt-br\/#website","url":"https:\/\/llyc.global\/pt-br\/","name":"LLYC","description":"Consultoria de comunicaci\u00f3n marketing y asuntos p\u00fablicos","potentialAction":[{"@type":"SearchAction","target":{"@type":"EntryPoint","urlTemplate":"https:\/\/llyc.global\/pt-br\/?s={search_term_string}"},"query-input":{"@type":"PropertyValueSpecification","valueRequired":true,"valueName":"search_term_string"}}],"inLanguage":"pt-BR"}]}},"_links":{"self":[{"href":"https:\/\/llyc.global\/pt-br\/wp-json\/wp\/v2\/pages\/92710","targetHints":{"allow":["GET"]}}],"collection":[{"href":"https:\/\/llyc.global\/pt-br\/wp-json\/wp\/v2\/pages"}],"about":[{"href":"https:\/\/llyc.global\/pt-br\/wp-json\/wp\/v2\/types\/page"}],"author":[{"embeddable":true,"href":"https:\/\/llyc.global\/pt-br\/wp-json\/wp\/v2\/users\/2"}],"replies":[{"embeddable":true,"href":"https:\/\/llyc.global\/pt-br\/wp-json\/wp\/v2\/comments?post=92710"}],"version-history":[{"count":9,"href":"https:\/\/llyc.global\/pt-br\/wp-json\/wp\/v2\/pages\/92710\/revisions"}],"predecessor-version":[{"id":457387,"href":"https:\/\/llyc.global\/pt-br\/wp-json\/wp\/v2\/pages\/92710\/revisions\/457387"}],"up":[{"embeddable":true,"href":"https:\/\/llyc.global\/pt-br\/wp-json\/wp\/v2\/pages\/87600"}],"wp:attachment":[{"href":"https:\/\/llyc.global\/pt-br\/wp-json\/wp\/v2\/media?parent=92710"}],"curies":[{"name":"wp","href":"https:\/\/api.w.org\/{rel}","templated":true}]}}