{"id":93044,"date":"2023-10-20T11:08:17","date_gmt":"2023-10-20T09:08:17","guid":{"rendered":"https:\/\/llyc.global\/sobre-nos\/inversores\/informacion-financiera\/"},"modified":"2025-10-31T10:05:00","modified_gmt":"2025-10-31T09:05:00","slug":"informacoes-financeiras","status":"publish","type":"page","link":"https:\/\/llyc.global\/pt-br\/investidores\/informacoes-financeiras\/","title":{"rendered":"INFORMA\u00c7\u00d5ES FINANCEIRAS"},"content":{"rendered":"","protected":false},"excerpt":{"rendered":"","protected":false},"author":7,"featured_media":0,"parent":211311,"menu_order":0,"comment_status":"closed","ping_status":"closed","template":"template-informacion-financiera.php","meta":{"_acf_changed":false,"_et_pb_use_builder":"","_et_pb_old_content":"","_et_gb_content_width":"","footnotes":""},"class_list":["post-93044","page","type-page","status-publish","hentry"],"acf":[],"yoast_head":"<!-- This site is optimized with the Yoast SEO Premium plugin v24.7 (Yoast SEO v24.7) - https:\/\/yoast.com\/wordpress\/plugins\/seo\/ -->\n<title>Receitas operacionais da LLYC crescem 19%, chegando a \u20ac 93,1M<\/title>\n<meta name=\"description\" content=\"A LLYC alcan\u00e7a 93,1 milh\u00f5es de euros em receitas operacionais, um aumento de 19%. O EBITDA recorrente melhorou em 2%, cumprindo as previs\u00f5es.\" \/>\n<meta name=\"robots\" content=\"index, follow, max-snippet:-1, max-image-preview:large, max-video-preview:-1\" \/>\n<link rel=\"canonical\" href=\"https:\/\/llyc.global\/pt-br\/investidores\/informacoes-financeiras\/\" \/>\n<meta property=\"og:locale\" content=\"pt_BR\" \/>\n<meta property=\"og:type\" content=\"article\" \/>\n<meta property=\"og:title\" content=\"INFORMA\u00c7\u00d5ES FINANCEIRAS\" \/>\n<meta property=\"og:description\" content=\"A LLYC alcan\u00e7a 93,1 milh\u00f5es de euros em receitas operacionais, um aumento de 19%. O EBITDA recorrente melhorou em 2%, cumprindo as previs\u00f5es.\" \/>\n<meta property=\"og:url\" content=\"https:\/\/llyc.global\/pt-br\/investidores\/informacoes-financeiras\/\" \/>\n<meta property=\"og:site_name\" content=\"LLYC\" \/>\n<meta property=\"article:publisher\" content=\"https:\/\/www.facebook.com\/LLYC.Global\/\" \/>\n<meta property=\"article:modified_time\" content=\"2025-10-31T09:05:00+00:00\" \/>\n<meta property=\"og:image\" content=\"https:\/\/llyc.global\/wp-content\/uploads\/2025\/01\/Informacion-financier-mobile.jpg\" \/>\n\t<meta property=\"og:image:width\" content=\"355\" \/>\n\t<meta property=\"og:image:height\" content=\"412\" \/>\n\t<meta property=\"og:image:type\" content=\"image\/jpeg\" \/>\n<meta name=\"twitter:card\" content=\"summary_large_image\" \/>\n<meta name=\"twitter:image\" content=\"https:\/\/llyc.global\/wp-content\/uploads\/2023\/11\/Banner-informacion-financiera-1.png\" \/>\n<meta name=\"twitter:site\" content=\"@llorenteycuenca\" \/>\n<!-- \/ Yoast SEO Premium plugin. -->","yoast_head_json":{"title":"Receitas operacionais da LLYC crescem 19%, chegando a \u20ac 93,1M","description":"A LLYC alcan\u00e7a 93,1 milh\u00f5es de euros em receitas operacionais, um aumento de 19%. O EBITDA recorrente melhorou em 2%, cumprindo as previs\u00f5es.","robots":{"index":"index","follow":"follow","max-snippet":"max-snippet:-1","max-image-preview":"max-image-preview:large","max-video-preview":"max-video-preview:-1"},"canonical":"https:\/\/llyc.global\/pt-br\/investidores\/informacoes-financeiras\/","og_locale":"pt_BR","og_type":"article","og_title":"INFORMA\u00c7\u00d5ES FINANCEIRAS","og_description":"A LLYC alcan\u00e7a 93,1 milh\u00f5es de euros em receitas operacionais, um aumento de 19%. O EBITDA recorrente melhorou em 2%, cumprindo as previs\u00f5es.","og_url":"https:\/\/llyc.global\/pt-br\/investidores\/informacoes-financeiras\/","og_site_name":"LLYC","article_publisher":"https:\/\/www.facebook.com\/LLYC.Global\/","article_modified_time":"2025-10-31T09:05:00+00:00","og_image":[{"width":355,"height":412,"url":"https:\/\/llyc.global\/wp-content\/uploads\/2025\/01\/Informacion-financier-mobile.jpg","type":"image\/jpeg"}],"twitter_card":"summary_large_image","twitter_image":"https:\/\/llyc.global\/wp-content\/uploads\/2023\/11\/Banner-informacion-financiera-1.png","twitter_site":"@llorenteycuenca","schema":{"@context":"https:\/\/schema.org","@graph":[{"@type":"WebPage","@id":"https:\/\/llyc.global\/pt-br\/investidores\/informacoes-financeiras\/","url":"https:\/\/llyc.global\/pt-br\/investidores\/informacoes-financeiras\/","name":"Receitas operacionais da LLYC crescem 19%, chegando a \u20ac 93,1M","isPartOf":{"@id":"https:\/\/llyc.global\/pt-br\/#website"},"datePublished":"2023-10-20T09:08:17+00:00","dateModified":"2025-10-31T09:05:00+00:00","description":"A LLYC alcan\u00e7a 93,1 milh\u00f5es de euros em receitas operacionais, um aumento de 19%. O EBITDA recorrente melhorou em 2%, cumprindo as previs\u00f5es.","breadcrumb":{"@id":"https:\/\/llyc.global\/pt-br\/investidores\/informacoes-financeiras\/#breadcrumb"},"inLanguage":"pt-BR","potentialAction":[{"@type":"ReadAction","target":["https:\/\/llyc.global\/pt-br\/investidores\/informacoes-financeiras\/"]}]},{"@type":"BreadcrumbList","@id":"https:\/\/llyc.global\/pt-br\/investidores\/informacoes-financeiras\/#breadcrumb","itemListElement":[{"@type":"ListItem","position":1,"name":"Home","item":"https:\/\/llyc.global\/pt-br\/"},{"@type":"ListItem","position":2,"name":"Investidores","item":"https:\/\/llyc.global\/pt-br\/investidores\/"},{"@type":"ListItem","position":3,"name":"INFORMA\u00c7\u00d5ES FINANCEIRAS"}]},{"@type":"WebSite","@id":"https:\/\/llyc.global\/pt-br\/#website","url":"https:\/\/llyc.global\/pt-br\/","name":"LLYC","description":"Consultoria de comunicaci\u00f3n marketing y asuntos p\u00fablicos","potentialAction":[{"@type":"SearchAction","target":{"@type":"EntryPoint","urlTemplate":"https:\/\/llyc.global\/pt-br\/?s={search_term_string}"},"query-input":{"@type":"PropertyValueSpecification","valueRequired":true,"valueName":"search_term_string"}}],"inLanguage":"pt-BR"}]}},"_links":{"self":[{"href":"https:\/\/llyc.global\/pt-br\/wp-json\/wp\/v2\/pages\/93044","targetHints":{"allow":["GET"]}}],"collection":[{"href":"https:\/\/llyc.global\/pt-br\/wp-json\/wp\/v2\/pages"}],"about":[{"href":"https:\/\/llyc.global\/pt-br\/wp-json\/wp\/v2\/types\/page"}],"author":[{"embeddable":true,"href":"https:\/\/llyc.global\/pt-br\/wp-json\/wp\/v2\/users\/7"}],"replies":[{"embeddable":true,"href":"https:\/\/llyc.global\/pt-br\/wp-json\/wp\/v2\/comments?post=93044"}],"version-history":[{"count":41,"href":"https:\/\/llyc.global\/pt-br\/wp-json\/wp\/v2\/pages\/93044\/revisions"}],"predecessor-version":[{"id":408958,"href":"https:\/\/llyc.global\/pt-br\/wp-json\/wp\/v2\/pages\/93044\/revisions\/408958"}],"up":[{"embeddable":true,"href":"https:\/\/llyc.global\/pt-br\/wp-json\/wp\/v2\/pages\/211311"}],"wp:attachment":[{"href":"https:\/\/llyc.global\/pt-br\/wp-json\/wp\/v2\/media?parent=93044"}],"curies":[{"name":"wp","href":"https:\/\/api.w.org\/{rel}","templated":true}]}}