{"id":93056,"date":"2023-10-24T10:07:36","date_gmt":"2023-10-24T08:07:36","guid":{"rendered":"https:\/\/llyc.global\/sobre-nos\/inversores\/gobierno-corporativo\/"},"modified":"2025-08-25T14:16:51","modified_gmt":"2025-08-25T12:16:51","slug":"governanca-corporativa","status":"publish","type":"page","link":"https:\/\/llyc.global\/pt-br\/investidores\/governanca-corporativa\/","title":{"rendered":"Governan\u00e7a corporativa"},"content":{"rendered":"","protected":false},"excerpt":{"rendered":"","protected":false},"author":7,"featured_media":0,"parent":211311,"menu_order":0,"comment_status":"closed","ping_status":"closed","template":"template-gobierno-corporativo.php","meta":{"_acf_changed":false,"_et_pb_use_builder":"","_et_pb_old_content":"","_et_gb_content_width":"","footnotes":""},"class_list":["post-93056","page","type-page","status-publish","hentry"],"acf":[],"yoast_head":"<!-- This site is optimized with the Yoast SEO Premium plugin v24.7 (Yoast SEO v24.7) - https:\/\/yoast.com\/wordpress\/plugins\/seo\/ -->\n<title>Diretoria da LLYC: lideran\u00e7a e vis\u00e3o estrat\u00e9gica - LLYC<\/title>\n<meta name=\"description\" content=\"Descubra o Conselho de Administra\u00e7\u00e3o da LLYC, sua lideran\u00e7a em assuntos corporativos e marketing, com foco em digitaliza\u00e7\u00e3o e sustentabilidade.\" \/>\n<meta name=\"robots\" content=\"index, follow, max-snippet:-1, max-image-preview:large, max-video-preview:-1\" \/>\n<link rel=\"canonical\" href=\"https:\/\/llyc.global\/pt-br\/investidores\/governanca-corporativa\/\" \/>\n<meta property=\"og:locale\" content=\"pt_BR\" \/>\n<meta property=\"og:type\" content=\"article\" \/>\n<meta property=\"og:title\" content=\"Governan\u00e7a corporativa\" \/>\n<meta property=\"og:description\" content=\"Descubra o Conselho de Administra\u00e7\u00e3o da LLYC, sua lideran\u00e7a em assuntos corporativos e marketing, com foco em digitaliza\u00e7\u00e3o e sustentabilidade.\" \/>\n<meta property=\"og:url\" content=\"https:\/\/llyc.global\/pt-br\/investidores\/governanca-corporativa\/\" \/>\n<meta property=\"og:site_name\" content=\"LLYC\" \/>\n<meta property=\"article:publisher\" content=\"https:\/\/www.facebook.com\/LLYC.Global\/\" \/>\n<meta property=\"article:modified_time\" content=\"2025-08-25T12:16:51+00:00\" \/>\n<meta property=\"og:image\" content=\"https:\/\/llyc.global\/wp-content\/uploads\/2025\/01\/gobierno-corporativo-mobile.jpg\" \/>\n\t<meta property=\"og:image:width\" content=\"355\" \/>\n\t<meta property=\"og:image:height\" content=\"412\" \/>\n\t<meta property=\"og:image:type\" content=\"image\/jpeg\" \/>\n<meta name=\"twitter:card\" content=\"summary_large_image\" \/>\n<meta name=\"twitter:image\" content=\"https:\/\/llyc.global\/wp-content\/uploads\/2023\/11\/Banner-Gobierno-corporativo.png\" \/>\n<meta name=\"twitter:site\" content=\"@llorenteycuenca\" \/>\n<!-- \/ Yoast SEO Premium plugin. -->","yoast_head_json":{"title":"Diretoria da LLYC: lideran\u00e7a e vis\u00e3o estrat\u00e9gica - LLYC","description":"Descubra o Conselho de Administra\u00e7\u00e3o da LLYC, sua lideran\u00e7a em assuntos corporativos e marketing, com foco em digitaliza\u00e7\u00e3o e sustentabilidade.","robots":{"index":"index","follow":"follow","max-snippet":"max-snippet:-1","max-image-preview":"max-image-preview:large","max-video-preview":"max-video-preview:-1"},"canonical":"https:\/\/llyc.global\/pt-br\/investidores\/governanca-corporativa\/","og_locale":"pt_BR","og_type":"article","og_title":"Governan\u00e7a corporativa","og_description":"Descubra o Conselho de Administra\u00e7\u00e3o da LLYC, sua lideran\u00e7a em assuntos corporativos e marketing, com foco em digitaliza\u00e7\u00e3o e sustentabilidade.","og_url":"https:\/\/llyc.global\/pt-br\/investidores\/governanca-corporativa\/","og_site_name":"LLYC","article_publisher":"https:\/\/www.facebook.com\/LLYC.Global\/","article_modified_time":"2025-08-25T12:16:51+00:00","og_image":[{"width":355,"height":412,"url":"https:\/\/llyc.global\/wp-content\/uploads\/2025\/01\/gobierno-corporativo-mobile.jpg","type":"image\/jpeg"}],"twitter_card":"summary_large_image","twitter_image":"https:\/\/llyc.global\/wp-content\/uploads\/2023\/11\/Banner-Gobierno-corporativo.png","twitter_site":"@llorenteycuenca","schema":{"@context":"https:\/\/schema.org","@graph":[{"@type":"WebPage","@id":"https:\/\/llyc.global\/pt-br\/investidores\/governanca-corporativa\/","url":"https:\/\/llyc.global\/pt-br\/investidores\/governanca-corporativa\/","name":"Diretoria da LLYC: lideran\u00e7a e vis\u00e3o estrat\u00e9gica - LLYC","isPartOf":{"@id":"https:\/\/llyc.global\/pt-br\/#website"},"datePublished":"2023-10-24T08:07:36+00:00","dateModified":"2025-08-25T12:16:51+00:00","description":"Descubra o Conselho de Administra\u00e7\u00e3o da LLYC, sua lideran\u00e7a em assuntos corporativos e marketing, com foco em digitaliza\u00e7\u00e3o e sustentabilidade.","breadcrumb":{"@id":"https:\/\/llyc.global\/pt-br\/investidores\/governanca-corporativa\/#breadcrumb"},"inLanguage":"pt-BR","potentialAction":[{"@type":"ReadAction","target":["https:\/\/llyc.global\/pt-br\/investidores\/governanca-corporativa\/"]}]},{"@type":"BreadcrumbList","@id":"https:\/\/llyc.global\/pt-br\/investidores\/governanca-corporativa\/#breadcrumb","itemListElement":[{"@type":"ListItem","position":1,"name":"Home","item":"https:\/\/llyc.global\/pt-br\/"},{"@type":"ListItem","position":2,"name":"Investidores","item":"https:\/\/llyc.global\/pt-br\/investidores\/"},{"@type":"ListItem","position":3,"name":"Governan\u00e7a corporativa"}]},{"@type":"WebSite","@id":"https:\/\/llyc.global\/pt-br\/#website","url":"https:\/\/llyc.global\/pt-br\/","name":"LLYC","description":"Consultoria de comunicaci\u00f3n marketing y asuntos p\u00fablicos","potentialAction":[{"@type":"SearchAction","target":{"@type":"EntryPoint","urlTemplate":"https:\/\/llyc.global\/pt-br\/?s={search_term_string}"},"query-input":{"@type":"PropertyValueSpecification","valueRequired":true,"valueName":"search_term_string"}}],"inLanguage":"pt-BR"}]}},"_links":{"self":[{"href":"https:\/\/llyc.global\/pt-br\/wp-json\/wp\/v2\/pages\/93056","targetHints":{"allow":["GET"]}}],"collection":[{"href":"https:\/\/llyc.global\/pt-br\/wp-json\/wp\/v2\/pages"}],"about":[{"href":"https:\/\/llyc.global\/pt-br\/wp-json\/wp\/v2\/types\/page"}],"author":[{"embeddable":true,"href":"https:\/\/llyc.global\/pt-br\/wp-json\/wp\/v2\/users\/7"}],"replies":[{"embeddable":true,"href":"https:\/\/llyc.global\/pt-br\/wp-json\/wp\/v2\/comments?post=93056"}],"version-history":[{"count":26,"href":"https:\/\/llyc.global\/pt-br\/wp-json\/wp\/v2\/pages\/93056\/revisions"}],"predecessor-version":[{"id":211398,"href":"https:\/\/llyc.global\/pt-br\/wp-json\/wp\/v2\/pages\/93056\/revisions\/211398"}],"up":[{"embeddable":true,"href":"https:\/\/llyc.global\/pt-br\/wp-json\/wp\/v2\/pages\/211311"}],"wp:attachment":[{"href":"https:\/\/llyc.global\/pt-br\/wp-json\/wp\/v2\/media?parent=93056"}],"curies":[{"name":"wp","href":"https:\/\/api.w.org\/{rel}","templated":true}]}}