{"id":96322,"date":"2023-11-17T13:48:01","date_gmt":"2023-11-17T12:48:01","guid":{"rendered":"https:\/\/llyc.global\/?page_id=96322"},"modified":"2026-02-11T18:57:18","modified_gmt":"2026-02-11T17:57:18","slug":"rede-global","status":"publish","type":"page","link":"https:\/\/llyc.global\/pt-br\/rede-global\/","title":{"rendered":"Rede global"},"content":{"rendered":"<p>Somos uma rede internacional a servi\u00e7o dos nossos clientes.<br \/>\nQueremos ser seu parceiro.<\/p>\n","protected":false},"excerpt":{"rendered":"<p>Somos uma rede internacional a servi\u00e7o dos nossos clientes. Queremos ser seu parceiro.<\/p>\n","protected":false},"author":1,"featured_media":0,"parent":0,"menu_order":0,"comment_status":"closed","ping_status":"closed","template":"template-red.php","meta":{"_acf_changed":false,"_et_pb_use_builder":"","_et_pb_old_content":"","_et_gb_content_width":"","footnotes":""},"class_list":["post-96322","page","type-page","status-publish","hentry"],"acf":[],"yoast_head":"<!-- This site is optimized with the Yoast SEO Premium plugin v24.7 (Yoast SEO v24.7) - https:\/\/yoast.com\/wordpress\/plugins\/seo\/ -->\n<title>Rede global - Firma internacional de Marketing e Corporate affairs - LLYC<\/title>\n<meta name=\"description\" content=\"Somos uma firma global de Marketing e Corporate affairs, com presen\u00e7a na Europa, Estados Unidos e Am\u00e9rica Latina. Oferecemos solu\u00e7\u00f5es inovadoras a n\u00edvel internacional. Conhe\u00e7a nossa equipe de especialistas e nossos escrit\u00f3rios ao redor do mundo.\" \/>\n<meta name=\"robots\" content=\"index, follow, max-snippet:-1, max-image-preview:large, max-video-preview:-1\" \/>\n<link rel=\"canonical\" href=\"https:\/\/llyc.global\/pt-br\/rede-global\/\" \/>\n<meta property=\"og:locale\" content=\"pt_BR\" \/>\n<meta property=\"og:type\" content=\"article\" \/>\n<meta property=\"og:title\" content=\"Rede global\" \/>\n<meta property=\"og:description\" content=\"Somos uma firma global de Marketing e Corporate affairs, com presen\u00e7a na Europa, Estados Unidos e Am\u00e9rica Latina. Oferecemos solu\u00e7\u00f5es inovadoras a n\u00edvel internacional. Conhe\u00e7a nossa equipe de especialistas e nossos escrit\u00f3rios ao redor do mundo.\" \/>\n<meta property=\"og:url\" content=\"https:\/\/llyc.global\/pt-br\/rede-global\/\" \/>\n<meta property=\"og:site_name\" content=\"LLYC\" \/>\n<meta property=\"article:publisher\" content=\"https:\/\/www.facebook.com\/LLYC.Global\/\" \/>\n<meta property=\"article:modified_time\" content=\"2026-02-11T17:57:18+00:00\" \/>\n<meta property=\"og:image\" content=\"https:\/\/llyc.global\/wp-content\/uploads\/2023\/11\/banner-oficina-global-2-1.png\" \/>\n\t<meta property=\"og:image:width\" content=\"1690\" \/>\n\t<meta property=\"og:image:height\" content=\"719\" \/>\n\t<meta property=\"og:image:type\" content=\"image\/png\" \/>\n<meta name=\"twitter:card\" content=\"summary_large_image\" \/>\n<meta name=\"twitter:site\" content=\"@llorenteycuenca\" \/>\n<meta name=\"twitter:label1\" content=\"Est. reading time\" \/>\n\t<meta name=\"twitter:data1\" content=\"1 minuto\" \/>\n<!-- \/ Yoast SEO Premium plugin. -->","yoast_head_json":{"title":"Rede global - Firma internacional de Marketing e Corporate affairs - LLYC","description":"Somos uma firma global de Marketing e Corporate affairs, com presen\u00e7a na Europa, Estados Unidos e Am\u00e9rica Latina. Oferecemos solu\u00e7\u00f5es inovadoras a n\u00edvel internacional. Conhe\u00e7a nossa equipe de especialistas e nossos escrit\u00f3rios ao redor do mundo.","robots":{"index":"index","follow":"follow","max-snippet":"max-snippet:-1","max-image-preview":"max-image-preview:large","max-video-preview":"max-video-preview:-1"},"canonical":"https:\/\/llyc.global\/pt-br\/rede-global\/","og_locale":"pt_BR","og_type":"article","og_title":"Rede global","og_description":"Somos uma firma global de Marketing e Corporate affairs, com presen\u00e7a na Europa, Estados Unidos e Am\u00e9rica Latina. Oferecemos solu\u00e7\u00f5es inovadoras a n\u00edvel internacional. Conhe\u00e7a nossa equipe de especialistas e nossos escrit\u00f3rios ao redor do mundo.","og_url":"https:\/\/llyc.global\/pt-br\/rede-global\/","og_site_name":"LLYC","article_publisher":"https:\/\/www.facebook.com\/LLYC.Global\/","article_modified_time":"2026-02-11T17:57:18+00:00","og_image":[{"width":1690,"height":719,"url":"https:\/\/llyc.global\/wp-content\/uploads\/2023\/11\/banner-oficina-global-2-1.png","type":"image\/png"}],"twitter_card":"summary_large_image","twitter_site":"@llorenteycuenca","twitter_misc":{"Est. reading time":"1 minuto"},"schema":{"@context":"https:\/\/schema.org","@graph":[{"@type":"WebPage","@id":"https:\/\/llyc.global\/pt-br\/rede-global\/","url":"https:\/\/llyc.global\/pt-br\/rede-global\/","name":"Rede global - Firma internacional de Marketing e Corporate affairs - LLYC","isPartOf":{"@id":"https:\/\/llyc.global\/pt-br\/#website"},"datePublished":"2023-11-17T12:48:01+00:00","dateModified":"2026-02-11T17:57:18+00:00","description":"Somos uma firma global de Marketing e Corporate affairs, com presen\u00e7a na Europa, Estados Unidos e Am\u00e9rica Latina. Oferecemos solu\u00e7\u00f5es inovadoras a n\u00edvel internacional. Conhe\u00e7a nossa equipe de especialistas e nossos escrit\u00f3rios ao redor do mundo.","breadcrumb":{"@id":"https:\/\/llyc.global\/pt-br\/rede-global\/#breadcrumb"},"inLanguage":"pt-BR","potentialAction":[{"@type":"ReadAction","target":["https:\/\/llyc.global\/pt-br\/rede-global\/"]}]},{"@type":"BreadcrumbList","@id":"https:\/\/llyc.global\/pt-br\/rede-global\/#breadcrumb","itemListElement":[{"@type":"ListItem","position":1,"name":"Home","item":"https:\/\/llyc.global\/pt-br\/"},{"@type":"ListItem","position":2,"name":"Rede global"}]},{"@type":"WebSite","@id":"https:\/\/llyc.global\/pt-br\/#website","url":"https:\/\/llyc.global\/pt-br\/","name":"LLYC","description":"Consultoria de comunicaci\u00f3n marketing y asuntos p\u00fablicos","potentialAction":[{"@type":"SearchAction","target":{"@type":"EntryPoint","urlTemplate":"https:\/\/llyc.global\/pt-br\/?s={search_term_string}"},"query-input":{"@type":"PropertyValueSpecification","valueRequired":true,"valueName":"search_term_string"}}],"inLanguage":"pt-BR"}]}},"_links":{"self":[{"href":"https:\/\/llyc.global\/pt-br\/wp-json\/wp\/v2\/pages\/96322","targetHints":{"allow":["GET"]}}],"collection":[{"href":"https:\/\/llyc.global\/pt-br\/wp-json\/wp\/v2\/pages"}],"about":[{"href":"https:\/\/llyc.global\/pt-br\/wp-json\/wp\/v2\/types\/page"}],"author":[{"embeddable":true,"href":"https:\/\/llyc.global\/pt-br\/wp-json\/wp\/v2\/users\/1"}],"replies":[{"embeddable":true,"href":"https:\/\/llyc.global\/pt-br\/wp-json\/wp\/v2\/comments?post=96322"}],"version-history":[{"count":15,"href":"https:\/\/llyc.global\/pt-br\/wp-json\/wp\/v2\/pages\/96322\/revisions"}],"predecessor-version":[{"id":454865,"href":"https:\/\/llyc.global\/pt-br\/wp-json\/wp\/v2\/pages\/96322\/revisions\/454865"}],"wp:attachment":[{"href":"https:\/\/llyc.global\/pt-br\/wp-json\/wp\/v2\/media?parent=96322"}],"curies":[{"name":"wp","href":"https:\/\/api.w.org\/{rel}","templated":true}]}}