{"id":144947,"date":"2024-11-12T17:30:00","date_gmt":"2024-11-12T16:30:00","guid":{"rendered":"https:\/\/llyc.global\/ideas\/revista-uno-41\/"},"modified":"2024-11-19T12:44:11","modified_gmt":"2024-11-19T11:44:11","slug":"revista-uno-41","status":"publish","type":"page","link":"https:\/\/llyc.global\/pt-pt\/ideas\/revista-uno-41\/","title":{"rendered":"Revista UNO 41"},"content":{"rendered":"","protected":false},"excerpt":{"rendered":"","protected":false},"author":1,"featured_media":0,"parent":87786,"menu_order":0,"comment_status":"closed","ping_status":"closed","template":"template-revista-uno.php","meta":{"_acf_changed":false,"_et_pb_use_builder":"","_et_pb_old_content":"","_et_gb_content_width":"","footnotes":""},"class_list":["post-144947","page","type-page","status-publish","hentry"],"acf":[],"yoast_head":"<!-- This site is optimized with the Yoast SEO Premium plugin v24.7 (Yoast SEO v24.7) - https:\/\/yoast.com\/wordpress\/plugins\/seo\/ -->\n<title>Revista UNO 41 - Navegar na era da polariza\u00e7\u00e3o - LLYC IDEAS<\/title>\n<meta name=\"description\" content=\"Na #UNO41, os profissionais da empresa, acad\u00e9micos e jornalistas de renome analisam, em 14 artigos, o aumento global da polariza\u00e7\u00e3o e a forma como esta afeta tanto a sociedade como as empresas.\" \/>\n<meta name=\"robots\" content=\"index, follow, max-snippet:-1, max-image-preview:large, max-video-preview:-1\" \/>\n<link rel=\"canonical\" href=\"https:\/\/llyc.global\/pt-pt\/ideas\/revista-uno-41\/\" \/>\n<meta property=\"og:locale\" content=\"pt_PT\" \/>\n<meta property=\"og:type\" content=\"article\" \/>\n<meta property=\"og:title\" content=\"Revista UNO 41\" \/>\n<meta property=\"og:description\" content=\"Na #UNO41, os profissionais da empresa, acad\u00e9micos e jornalistas de renome analisam, em 14 artigos, o aumento global da polariza\u00e7\u00e3o e a forma como esta afeta tanto a sociedade como as empresas.\" \/>\n<meta property=\"og:url\" content=\"https:\/\/llyc.global\/pt-pt\/ideas\/revista-uno-41\/\" \/>\n<meta property=\"og:site_name\" content=\"LLYC\" \/>\n<meta property=\"article:publisher\" content=\"https:\/\/www.facebook.com\/LLYC.Global\/\" \/>\n<meta property=\"article:modified_time\" content=\"2024-11-19T11:44:11+00:00\" \/>\n<meta property=\"og:image\" content=\"https:\/\/llyc.global\/wp-content\/uploads\/2024\/11\/Mobile-355x317-1.jpg\" \/>\n\t<meta property=\"og:image:width\" content=\"356\" \/>\n\t<meta property=\"og:image:height\" content=\"318\" \/>\n\t<meta property=\"og:image:type\" content=\"image\/jpeg\" \/>\n<meta name=\"twitter:card\" content=\"summary_large_image\" \/>\n<meta name=\"twitter:site\" content=\"@llorenteycuenca\" \/>\n<!-- \/ Yoast SEO Premium plugin. -->","yoast_head_json":{"title":"Revista UNO 41 - Navegar na era da polariza\u00e7\u00e3o - LLYC IDEAS","description":"Na #UNO41, os profissionais da empresa, acad\u00e9micos e jornalistas de renome analisam, em 14 artigos, o aumento global da polariza\u00e7\u00e3o e a forma como esta afeta tanto a sociedade como as empresas.","robots":{"index":"index","follow":"follow","max-snippet":"max-snippet:-1","max-image-preview":"max-image-preview:large","max-video-preview":"max-video-preview:-1"},"canonical":"https:\/\/llyc.global\/pt-pt\/ideas\/revista-uno-41\/","og_locale":"pt_PT","og_type":"article","og_title":"Revista UNO 41","og_description":"Na #UNO41, os profissionais da empresa, acad\u00e9micos e jornalistas de renome analisam, em 14 artigos, o aumento global da polariza\u00e7\u00e3o e a forma como esta afeta tanto a sociedade como as empresas.","og_url":"https:\/\/llyc.global\/pt-pt\/ideas\/revista-uno-41\/","og_site_name":"LLYC","article_publisher":"https:\/\/www.facebook.com\/LLYC.Global\/","article_modified_time":"2024-11-19T11:44:11+00:00","og_image":[{"width":356,"height":318,"url":"https:\/\/llyc.global\/wp-content\/uploads\/2024\/11\/Mobile-355x317-1.jpg","type":"image\/jpeg"}],"twitter_card":"summary_large_image","twitter_site":"@llorenteycuenca","schema":{"@context":"https:\/\/schema.org","@graph":[{"@type":"WebPage","@id":"https:\/\/llyc.global\/pt-pt\/ideas\/revista-uno-41\/","url":"https:\/\/llyc.global\/pt-pt\/ideas\/revista-uno-41\/","name":"Revista UNO 41 - Navegar na era da polariza\u00e7\u00e3o - LLYC IDEAS","isPartOf":{"@id":"https:\/\/llyc.global\/pt-pt\/#website"},"datePublished":"2024-11-12T16:30:00+00:00","dateModified":"2024-11-19T11:44:11+00:00","description":"Na #UNO41, os profissionais da empresa, acad\u00e9micos e jornalistas de renome analisam, em 14 artigos, o aumento global da polariza\u00e7\u00e3o e a forma como esta afeta tanto a sociedade como as empresas.","breadcrumb":{"@id":"https:\/\/llyc.global\/pt-pt\/ideas\/revista-uno-41\/#breadcrumb"},"inLanguage":"pt-PT","potentialAction":[{"@type":"ReadAction","target":["https:\/\/llyc.global\/pt-pt\/ideas\/revista-uno-41\/"]}]},{"@type":"BreadcrumbList","@id":"https:\/\/llyc.global\/pt-pt\/ideas\/revista-uno-41\/#breadcrumb","itemListElement":[{"@type":"ListItem","position":1,"name":"Home","item":"https:\/\/llyc.global\/pt-pt\/"},{"@type":"ListItem","position":2,"name":"Ideas","item":"https:\/\/llyc.global\/pt-pt\/ideas\/"},{"@type":"ListItem","position":3,"name":"Revista UNO 41"}]},{"@type":"WebSite","@id":"https:\/\/llyc.global\/pt-pt\/#website","url":"https:\/\/llyc.global\/pt-pt\/","name":"LLYC","description":"Consultoria de comunicaci\u00f3n marketing y asuntos p\u00fablicos","potentialAction":[{"@type":"SearchAction","target":{"@type":"EntryPoint","urlTemplate":"https:\/\/llyc.global\/pt-pt\/?s={search_term_string}"},"query-input":{"@type":"PropertyValueSpecification","valueRequired":true,"valueName":"search_term_string"}}],"inLanguage":"pt-PT"}]}},"_links":{"self":[{"href":"https:\/\/llyc.global\/pt-pt\/wp-json\/wp\/v2\/pages\/144947","targetHints":{"allow":["GET"]}}],"collection":[{"href":"https:\/\/llyc.global\/pt-pt\/wp-json\/wp\/v2\/pages"}],"about":[{"href":"https:\/\/llyc.global\/pt-pt\/wp-json\/wp\/v2\/types\/page"}],"author":[{"embeddable":true,"href":"https:\/\/llyc.global\/pt-pt\/wp-json\/wp\/v2\/users\/1"}],"replies":[{"embeddable":true,"href":"https:\/\/llyc.global\/pt-pt\/wp-json\/wp\/v2\/comments?post=144947"}],"version-history":[{"count":5,"href":"https:\/\/llyc.global\/pt-pt\/wp-json\/wp\/v2\/pages\/144947\/revisions"}],"predecessor-version":[{"id":149106,"href":"https:\/\/llyc.global\/pt-pt\/wp-json\/wp\/v2\/pages\/144947\/revisions\/149106"}],"up":[{"embeddable":true,"href":"https:\/\/llyc.global\/pt-pt\/wp-json\/wp\/v2\/pages\/87786"}],"wp:attachment":[{"href":"https:\/\/llyc.global\/pt-pt\/wp-json\/wp\/v2\/media?parent=144947"}],"curies":[{"name":"wp","href":"https:\/\/api.w.org\/{rel}","templated":true}]}}