{"id":393026,"date":"2025-09-24T08:27:48","date_gmt":"2025-09-24T06:27:48","guid":{"rendered":"https:\/\/llyc.global\/?page_id=393026"},"modified":"2025-09-24T16:21:37","modified_gmt":"2025-09-24T14:21:37","slug":"partnersforwhatsnext","status":"publish","type":"page","link":"https:\/\/llyc.global\/pt-pt\/partnersforwhatsnext\/","title":{"rendered":"Partners for What&#8217;s Next"},"content":{"rendered":"","protected":false},"excerpt":{"rendered":"","protected":false},"author":7,"featured_media":0,"parent":0,"menu_order":0,"comment_status":"closed","ping_status":"closed","template":"template-pfwn.php","meta":{"_acf_changed":false,"_et_pb_use_builder":"","_et_pb_old_content":"","_et_gb_content_width":"","footnotes":""},"class_list":["post-393026","page","type-page","status-publish","hentry"],"acf":[],"yoast_head":"<!-- This site is optimized with the Yoast SEO Premium plugin v24.7 (Yoast SEO v24.7) - https:\/\/yoast.com\/wordpress\/plugins\/seo\/ -->\n<title>Partners for What&#039;s Next - LLYC<\/title>\n<meta name=\"description\" content=\"Partners for What \u2018s Next \u00e9 a nossa forma de olhar para a frente com os p\u00e9s assentes na terra e a mente no que est\u00e1 por vir.\" \/>\n<meta name=\"robots\" content=\"index, follow, max-snippet:-1, max-image-preview:large, max-video-preview:-1\" \/>\n<link rel=\"canonical\" href=\"https:\/\/llyc.global\/pt-pt\/partnersforwhatsnext\/\" \/>\n<meta property=\"og:locale\" content=\"pt_PT\" \/>\n<meta property=\"og:type\" content=\"article\" \/>\n<meta property=\"og:title\" content=\"Partners for What&#039;s Next\" \/>\n<meta property=\"og:description\" content=\"Partners for What \u2018s Next \u00e9 a nossa forma de olhar para a frente com os p\u00e9s assentes na terra e a mente no que est\u00e1 por vir.\" \/>\n<meta property=\"og:url\" content=\"https:\/\/llyc.global\/pt-pt\/partnersforwhatsnext\/\" \/>\n<meta property=\"og:site_name\" content=\"LLYC\" \/>\n<meta property=\"article:publisher\" content=\"https:\/\/www.facebook.com\/LLYC.Global\/\" \/>\n<meta property=\"article:modified_time\" content=\"2025-09-24T14:21:37+00:00\" \/>\n<meta property=\"og:image\" content=\"https:\/\/llyc.global\/wp-content\/uploads\/2025\/09\/17-.jpg\" \/>\n\t<meta property=\"og:image:width\" content=\"1280\" \/>\n\t<meta property=\"og:image:height\" content=\"512\" \/>\n\t<meta property=\"og:image:type\" content=\"image\/jpeg\" \/>\n<meta name=\"twitter:card\" content=\"summary_large_image\" \/>\n<meta name=\"twitter:site\" content=\"@llorenteycuenca\" \/>\n<!-- \/ Yoast SEO Premium plugin. -->","yoast_head_json":{"title":"Partners for What's Next - LLYC","description":"Partners for What \u2018s Next \u00e9 a nossa forma de olhar para a frente com os p\u00e9s assentes na terra e a mente no que est\u00e1 por vir.","robots":{"index":"index","follow":"follow","max-snippet":"max-snippet:-1","max-image-preview":"max-image-preview:large","max-video-preview":"max-video-preview:-1"},"canonical":"https:\/\/llyc.global\/pt-pt\/partnersforwhatsnext\/","og_locale":"pt_PT","og_type":"article","og_title":"Partners for What's Next","og_description":"Partners for What \u2018s Next \u00e9 a nossa forma de olhar para a frente com os p\u00e9s assentes na terra e a mente no que est\u00e1 por vir.","og_url":"https:\/\/llyc.global\/pt-pt\/partnersforwhatsnext\/","og_site_name":"LLYC","article_publisher":"https:\/\/www.facebook.com\/LLYC.Global\/","article_modified_time":"2025-09-24T14:21:37+00:00","og_image":[{"width":1280,"height":512,"url":"https:\/\/llyc.global\/wp-content\/uploads\/2025\/09\/17-.jpg","type":"image\/jpeg"}],"twitter_card":"summary_large_image","twitter_site":"@llorenteycuenca","schema":{"@context":"https:\/\/schema.org","@graph":[{"@type":"WebPage","@id":"https:\/\/llyc.global\/pt-pt\/partnersforwhatsnext\/","url":"https:\/\/llyc.global\/pt-pt\/partnersforwhatsnext\/","name":"Partners for What's Next - LLYC","isPartOf":{"@id":"https:\/\/llyc.global\/pt-pt\/#website"},"datePublished":"2025-09-24T06:27:48+00:00","dateModified":"2025-09-24T14:21:37+00:00","description":"Partners for What \u2018s Next \u00e9 a nossa forma de olhar para a frente com os p\u00e9s assentes na terra e a mente no que est\u00e1 por vir.","breadcrumb":{"@id":"https:\/\/llyc.global\/pt-pt\/partnersforwhatsnext\/#breadcrumb"},"inLanguage":"pt-PT","potentialAction":[{"@type":"ReadAction","target":["https:\/\/llyc.global\/pt-pt\/partnersforwhatsnext\/"]}]},{"@type":"BreadcrumbList","@id":"https:\/\/llyc.global\/pt-pt\/partnersforwhatsnext\/#breadcrumb","itemListElement":[{"@type":"ListItem","position":1,"name":"Home","item":"https:\/\/llyc.global\/pt-pt\/"},{"@type":"ListItem","position":2,"name":"Partners for What&#8217;s Next"}]},{"@type":"WebSite","@id":"https:\/\/llyc.global\/pt-pt\/#website","url":"https:\/\/llyc.global\/pt-pt\/","name":"LLYC","description":"Consultoria de comunicaci\u00f3n marketing y asuntos p\u00fablicos","potentialAction":[{"@type":"SearchAction","target":{"@type":"EntryPoint","urlTemplate":"https:\/\/llyc.global\/pt-pt\/?s={search_term_string}"},"query-input":{"@type":"PropertyValueSpecification","valueRequired":true,"valueName":"search_term_string"}}],"inLanguage":"pt-PT"}]}},"_links":{"self":[{"href":"https:\/\/llyc.global\/pt-pt\/wp-json\/wp\/v2\/pages\/393026","targetHints":{"allow":["GET"]}}],"collection":[{"href":"https:\/\/llyc.global\/pt-pt\/wp-json\/wp\/v2\/pages"}],"about":[{"href":"https:\/\/llyc.global\/pt-pt\/wp-json\/wp\/v2\/types\/page"}],"author":[{"embeddable":true,"href":"https:\/\/llyc.global\/pt-pt\/wp-json\/wp\/v2\/users\/7"}],"replies":[{"embeddable":true,"href":"https:\/\/llyc.global\/pt-pt\/wp-json\/wp\/v2\/comments?post=393026"}],"version-history":[{"count":8,"href":"https:\/\/llyc.global\/pt-pt\/wp-json\/wp\/v2\/pages\/393026\/revisions"}],"predecessor-version":[{"id":400651,"href":"https:\/\/llyc.global\/pt-pt\/wp-json\/wp\/v2\/pages\/393026\/revisions\/400651"}],"wp:attachment":[{"href":"https:\/\/llyc.global\/pt-pt\/wp-json\/wp\/v2\/media?parent=393026"}],"curies":[{"name":"wp","href":"https:\/\/api.w.org\/{rel}","templated":true}]}}