{"id":396400,"date":"2025-09-24T08:11:32","date_gmt":"2025-09-24T06:11:32","guid":{"rendered":"https:\/\/llyc.global\/?page_id=396400"},"modified":"2026-04-09T12:19:11","modified_gmt":"2026-04-09T10:19:11","slug":"home-2025","status":"publish","type":"page","link":"https:\/\/llyc.global\/pt-pt\/","title":{"rendered":"Home 2025"},"content":{"rendered":"","protected":false},"excerpt":{"rendered":"","protected":false},"author":7,"featured_media":0,"parent":0,"menu_order":0,"comment_status":"closed","ping_status":"closed","template":"","meta":{"_acf_changed":false,"_et_pb_use_builder":"","_et_pb_old_content":"","_et_gb_content_width":"","footnotes":""},"class_list":["post-396400","page","type-page","status-publish","hentry"],"acf":[],"yoast_head":"<!-- This site is optimized with the Yoast SEO Premium plugin v24.7 (Yoast SEO v24.7) - https:\/\/yoast.com\/wordpress\/plugins\/seo\/ -->\n<title>LLYC - Empresa global de Marketing e Assuntos Corporativos<\/title>\n<meta name=\"description\" content=\"A LLYC \u00e9 o teu parceiro em criatividade, influ\u00eancia e inova\u00e7\u00e3o. Queremos transformar cada dia numa oportunidade para fortalecer a tua marca. Acreditamos que a aud\u00e1cia \u00e9 a chave para alcan\u00e7ar isso.\" \/>\n<meta name=\"robots\" content=\"index, follow, max-snippet:-1, max-image-preview:large, max-video-preview:-1\" \/>\n<link rel=\"canonical\" href=\"https:\/\/llyc.global\/pt-pt\/\" \/>\n<meta property=\"og:locale\" content=\"pt_PT\" \/>\n<meta property=\"og:type\" content=\"article\" \/>\n<meta property=\"og:title\" content=\"Home 2025\" \/>\n<meta property=\"og:description\" content=\"A LLYC \u00e9 o teu parceiro em criatividade, influ\u00eancia e inova\u00e7\u00e3o. Queremos transformar cada dia numa oportunidade para fortalecer a tua marca. Acreditamos que a aud\u00e1cia \u00e9 a chave para alcan\u00e7ar isso.\" \/>\n<meta property=\"og:url\" content=\"https:\/\/llyc.global\/pt-pt\/\" \/>\n<meta property=\"og:site_name\" content=\"LLYC\" \/>\n<meta property=\"article:publisher\" content=\"https:\/\/www.facebook.com\/LLYC.Global\/\" \/>\n<meta property=\"article:modified_time\" content=\"2026-04-09T10:19:11+00:00\" \/>\n<meta property=\"og:image\" content=\"https:\/\/llyc.global\/wp-content\/uploads\/2025\/09\/17-.jpg\" \/>\n\t<meta property=\"og:image:width\" content=\"1280\" \/>\n\t<meta property=\"og:image:height\" content=\"512\" \/>\n\t<meta property=\"og:image:type\" content=\"image\/jpeg\" \/>\n<meta name=\"twitter:card\" content=\"summary_large_image\" \/>\n<meta name=\"twitter:site\" content=\"@llorenteycuenca\" \/>\n<!-- \/ Yoast SEO Premium plugin. -->","yoast_head_json":{"title":"LLYC - Empresa global de Marketing e Assuntos Corporativos","description":"A LLYC \u00e9 o teu parceiro em criatividade, influ\u00eancia e inova\u00e7\u00e3o. Queremos transformar cada dia numa oportunidade para fortalecer a tua marca. Acreditamos que a aud\u00e1cia \u00e9 a chave para alcan\u00e7ar isso.","robots":{"index":"index","follow":"follow","max-snippet":"max-snippet:-1","max-image-preview":"max-image-preview:large","max-video-preview":"max-video-preview:-1"},"canonical":"https:\/\/llyc.global\/pt-pt\/","og_locale":"pt_PT","og_type":"article","og_title":"Home 2025","og_description":"A LLYC \u00e9 o teu parceiro em criatividade, influ\u00eancia e inova\u00e7\u00e3o. Queremos transformar cada dia numa oportunidade para fortalecer a tua marca. Acreditamos que a aud\u00e1cia \u00e9 a chave para alcan\u00e7ar isso.","og_url":"https:\/\/llyc.global\/pt-pt\/","og_site_name":"LLYC","article_publisher":"https:\/\/www.facebook.com\/LLYC.Global\/","article_modified_time":"2026-04-09T10:19:11+00:00","og_image":[{"width":1280,"height":512,"url":"https:\/\/llyc.global\/wp-content\/uploads\/2025\/09\/17-.jpg","type":"image\/jpeg"}],"twitter_card":"summary_large_image","twitter_site":"@llorenteycuenca","schema":{"@context":"https:\/\/schema.org","@graph":[{"@type":"WebPage","@id":"https:\/\/llyc.global\/pt-pt\/","url":"https:\/\/llyc.global\/pt-pt\/","name":"LLYC - Empresa global de Marketing e Assuntos Corporativos","isPartOf":{"@id":"https:\/\/llyc.global\/pt-pt\/#website"},"datePublished":"2025-09-24T06:11:32+00:00","dateModified":"2026-04-09T10:19:11+00:00","description":"A LLYC \u00e9 o teu parceiro em criatividade, influ\u00eancia e inova\u00e7\u00e3o. Queremos transformar cada dia numa oportunidade para fortalecer a tua marca. Acreditamos que a aud\u00e1cia \u00e9 a chave para alcan\u00e7ar isso.","breadcrumb":{"@id":"https:\/\/llyc.global\/pt-pt\/#breadcrumb"},"inLanguage":"pt-PT","potentialAction":[{"@type":"ReadAction","target":["https:\/\/llyc.global\/pt-pt\/"]}]},{"@type":"BreadcrumbList","@id":"https:\/\/llyc.global\/pt-pt\/#breadcrumb","itemListElement":[{"@type":"ListItem","position":1,"name":"Home","item":"https:\/\/llyc.global\/pt-pt\/"},{"@type":"ListItem","position":2,"name":"Home 2025"}]},{"@type":"WebSite","@id":"https:\/\/llyc.global\/pt-pt\/#website","url":"https:\/\/llyc.global\/pt-pt\/","name":"LLYC","description":"Consultoria de comunicaci\u00f3n marketing y asuntos p\u00fablicos","potentialAction":[{"@type":"SearchAction","target":{"@type":"EntryPoint","urlTemplate":"https:\/\/llyc.global\/pt-pt\/?s={search_term_string}"},"query-input":{"@type":"PropertyValueSpecification","valueRequired":true,"valueName":"search_term_string"}}],"inLanguage":"pt-PT"}]}},"_links":{"self":[{"href":"https:\/\/llyc.global\/pt-pt\/wp-json\/wp\/v2\/pages\/396400","targetHints":{"allow":["GET"]}}],"collection":[{"href":"https:\/\/llyc.global\/pt-pt\/wp-json\/wp\/v2\/pages"}],"about":[{"href":"https:\/\/llyc.global\/pt-pt\/wp-json\/wp\/v2\/types\/page"}],"author":[{"embeddable":true,"href":"https:\/\/llyc.global\/pt-pt\/wp-json\/wp\/v2\/users\/7"}],"replies":[{"embeddable":true,"href":"https:\/\/llyc.global\/pt-pt\/wp-json\/wp\/v2\/comments?post=396400"}],"version-history":[{"count":15,"href":"https:\/\/llyc.global\/pt-pt\/wp-json\/wp\/v2\/pages\/396400\/revisions"}],"predecessor-version":[{"id":459038,"href":"https:\/\/llyc.global\/pt-pt\/wp-json\/wp\/v2\/pages\/396400\/revisions\/459038"}],"wp:attachment":[{"href":"https:\/\/llyc.global\/pt-pt\/wp-json\/wp\/v2\/media?parent=396400"}],"curies":[{"name":"wp","href":"https:\/\/api.w.org\/{rel}","templated":true}]}}