{"id":447986,"date":"2025-11-20T08:36:57","date_gmt":"2025-11-20T07:36:57","guid":{"rendered":"https:\/\/llyc.global\/?page_id=447986"},"modified":"2025-11-20T17:56:52","modified_gmt":"2025-11-20T16:56:52","slug":"machine-marketing","status":"publish","type":"page","link":"https:\/\/llyc.global\/pt-pt\/ideas\/machine-marketing\/","title":{"rendered":"Machine marketing"},"content":{"rendered":"","protected":false},"excerpt":{"rendered":"","protected":false},"author":7,"featured_media":0,"parent":87786,"menu_order":0,"comment_status":"closed","ping_status":"closed","template":"conversaciones\/template-conversaciones.php","meta":{"_acf_changed":false,"_et_pb_use_builder":"","_et_pb_old_content":"","_et_gb_content_width":"","footnotes":""},"class_list":["post-447986","page","type-page","status-publish","hentry"],"acf":[],"yoast_head":"<!-- This site is optimized with the Yoast SEO Premium plugin v24.7 (Yoast SEO v24.7) - https:\/\/yoast.com\/wordpress\/plugins\/seo\/ -->\n<title>Machine Marketing - Conquistar a IA \u00e9 conquistar o consumidor - LLYC<\/title>\n<meta name=\"description\" content=\"Descobre com a LLYC como o Machine Marketing aproxima marcas de audi\u00eancias humanas e algor\u00edtmicas, ampliando visibilidade e impacto.\" \/>\n<meta name=\"robots\" content=\"index, follow, max-snippet:-1, max-image-preview:large, max-video-preview:-1\" \/>\n<link rel=\"canonical\" href=\"https:\/\/llyc.global\/pt-pt\/ideas\/machine-marketing\/\" \/>\n<meta property=\"og:locale\" content=\"pt_PT\" \/>\n<meta property=\"og:type\" content=\"article\" \/>\n<meta property=\"og:title\" content=\"Machine marketing\" \/>\n<meta property=\"og:description\" content=\"Descobre com a LLYC como o Machine Marketing aproxima marcas de audi\u00eancias humanas e algor\u00edtmicas, ampliando visibilidade e impacto.\" \/>\n<meta property=\"og:url\" content=\"https:\/\/llyc.global\/pt-pt\/ideas\/machine-marketing\/\" \/>\n<meta property=\"og:site_name\" content=\"LLYC\" \/>\n<meta property=\"article:publisher\" content=\"https:\/\/www.facebook.com\/LLYC.Global\/\" \/>\n<meta property=\"article:modified_time\" content=\"2025-11-20T16:56:52+00:00\" \/>\n<meta name=\"twitter:card\" content=\"summary_large_image\" \/>\n<meta name=\"twitter:site\" content=\"@llorenteycuenca\" \/>\n<!-- \/ Yoast SEO Premium plugin. -->","yoast_head_json":{"title":"Machine Marketing - Conquistar a IA \u00e9 conquistar o consumidor - LLYC","description":"Descobre com a LLYC como o Machine Marketing aproxima marcas de audi\u00eancias humanas e algor\u00edtmicas, ampliando visibilidade e impacto.","robots":{"index":"index","follow":"follow","max-snippet":"max-snippet:-1","max-image-preview":"max-image-preview:large","max-video-preview":"max-video-preview:-1"},"canonical":"https:\/\/llyc.global\/pt-pt\/ideas\/machine-marketing\/","og_locale":"pt_PT","og_type":"article","og_title":"Machine marketing","og_description":"Descobre com a LLYC como o Machine Marketing aproxima marcas de audi\u00eancias humanas e algor\u00edtmicas, ampliando visibilidade e impacto.","og_url":"https:\/\/llyc.global\/pt-pt\/ideas\/machine-marketing\/","og_site_name":"LLYC","article_publisher":"https:\/\/www.facebook.com\/LLYC.Global\/","article_modified_time":"2025-11-20T16:56:52+00:00","twitter_card":"summary_large_image","twitter_site":"@llorenteycuenca","schema":{"@context":"https:\/\/schema.org","@graph":[{"@type":"WebPage","@id":"https:\/\/llyc.global\/pt-pt\/ideas\/machine-marketing\/","url":"https:\/\/llyc.global\/pt-pt\/ideas\/machine-marketing\/","name":"Machine Marketing - Conquistar a IA \u00e9 conquistar o consumidor - LLYC","isPartOf":{"@id":"https:\/\/llyc.global\/pt-pt\/#website"},"datePublished":"2025-11-20T07:36:57+00:00","dateModified":"2025-11-20T16:56:52+00:00","description":"Descobre com a LLYC como o Machine Marketing aproxima marcas de audi\u00eancias humanas e algor\u00edtmicas, ampliando visibilidade e impacto.","breadcrumb":{"@id":"https:\/\/llyc.global\/pt-pt\/ideas\/machine-marketing\/#breadcrumb"},"inLanguage":"pt-PT","potentialAction":[{"@type":"ReadAction","target":["https:\/\/llyc.global\/pt-pt\/ideas\/machine-marketing\/"]}]},{"@type":"BreadcrumbList","@id":"https:\/\/llyc.global\/pt-pt\/ideas\/machine-marketing\/#breadcrumb","itemListElement":[{"@type":"ListItem","position":1,"name":"Home","item":"https:\/\/llyc.global\/pt-pt\/"},{"@type":"ListItem","position":2,"name":"Ideas","item":"https:\/\/llyc.global\/pt-pt\/ideas\/"},{"@type":"ListItem","position":3,"name":"Machine marketing"}]},{"@type":"WebSite","@id":"https:\/\/llyc.global\/pt-pt\/#website","url":"https:\/\/llyc.global\/pt-pt\/","name":"LLYC","description":"Consultoria de comunicaci\u00f3n marketing y asuntos p\u00fablicos","potentialAction":[{"@type":"SearchAction","target":{"@type":"EntryPoint","urlTemplate":"https:\/\/llyc.global\/pt-pt\/?s={search_term_string}"},"query-input":{"@type":"PropertyValueSpecification","valueRequired":true,"valueName":"search_term_string"}}],"inLanguage":"pt-PT"}]}},"_links":{"self":[{"href":"https:\/\/llyc.global\/pt-pt\/wp-json\/wp\/v2\/pages\/447986","targetHints":{"allow":["GET"]}}],"collection":[{"href":"https:\/\/llyc.global\/pt-pt\/wp-json\/wp\/v2\/pages"}],"about":[{"href":"https:\/\/llyc.global\/pt-pt\/wp-json\/wp\/v2\/types\/page"}],"author":[{"embeddable":true,"href":"https:\/\/llyc.global\/pt-pt\/wp-json\/wp\/v2\/users\/7"}],"replies":[{"embeddable":true,"href":"https:\/\/llyc.global\/pt-pt\/wp-json\/wp\/v2\/comments?post=447986"}],"version-history":[{"count":1,"href":"https:\/\/llyc.global\/pt-pt\/wp-json\/wp\/v2\/pages\/447986\/revisions"}],"predecessor-version":[{"id":448099,"href":"https:\/\/llyc.global\/pt-pt\/wp-json\/wp\/v2\/pages\/447986\/revisions\/448099"}],"up":[{"embeddable":true,"href":"https:\/\/llyc.global\/pt-pt\/wp-json\/wp\/v2\/pages\/87786"}],"wp:attachment":[{"href":"https:\/\/llyc.global\/pt-pt\/wp-json\/wp\/v2\/media?parent=447986"}],"curies":[{"name":"wp","href":"https:\/\/api.w.org\/{rel}","templated":true}]}}