{"id":456109,"date":"2026-03-03T09:08:55","date_gmt":"2026-03-03T08:08:55","guid":{"rendered":"https:\/\/llyc.global\/?page_id=456109"},"modified":"2026-03-03T09:09:12","modified_gmt":"2026-03-03T08:09:12","slug":"miragem-da-igualdade","status":"publish","type":"page","link":"https:\/\/llyc.global\/pt-pt\/miragem-da-igualdade\/","title":{"rendered":"Miragem da Igualdade"},"content":{"rendered":"","protected":false},"excerpt":{"rendered":"","protected":false},"author":7,"featured_media":0,"parent":0,"menu_order":0,"comment_status":"closed","ping_status":"closed","template":"template-igualdad2026.php","meta":{"_acf_changed":false,"_et_pb_use_builder":"","_et_pb_old_content":"","_et_gb_content_width":"","footnotes":""},"class_list":["post-456109","page","type-page","status-publish","hentry"],"acf":[],"yoast_head":"<!-- This site is optimized with the Yoast SEO Premium plugin v24.7 (Yoast SEO v24.7) - https:\/\/yoast.com\/wordpress\/plugins\/seo\/ -->\n<title>Miragem da Igualdade: Preconceitos de G\u00e9nero na IA - LLYC<\/title>\n<meta name=\"description\" content=\"Ser\u00e1 a IA um espelho de desigualdade? Apresentamos Espejismo de Igualdad, um estudo sobre preconceitos de g\u00e9nero e as novas gera\u00e7\u00f5es.\" \/>\n<meta name=\"robots\" content=\"index, follow, max-snippet:-1, max-image-preview:large, max-video-preview:-1\" \/>\n<link rel=\"canonical\" href=\"https:\/\/llyc.global\/pt-pt\/miragem-da-igualdade\/\" \/>\n<meta property=\"og:locale\" content=\"pt_PT\" \/>\n<meta property=\"og:type\" content=\"article\" \/>\n<meta property=\"og:title\" content=\"Miragem da Igualdade\" \/>\n<meta property=\"og:description\" content=\"Ser\u00e1 a IA um espelho de desigualdade? Apresentamos Espejismo de Igualdad, um estudo sobre preconceitos de g\u00e9nero e as novas gera\u00e7\u00f5es.\" \/>\n<meta property=\"og:url\" content=\"https:\/\/llyc.global\/pt-pt\/miragem-da-igualdade\/\" \/>\n<meta property=\"og:site_name\" content=\"LLYC\" \/>\n<meta property=\"article:publisher\" content=\"https:\/\/www.facebook.com\/LLYC.Global\/\" \/>\n<meta property=\"article:modified_time\" content=\"2026-03-03T08:09:12+00:00\" \/>\n<meta property=\"og:image\" content=\"https:\/\/llyc.global\/wp-content\/uploads\/2026\/03\/Frame-1000003095-5-1.png\" \/>\n\t<meta property=\"og:image:width\" content=\"1727\" \/>\n\t<meta property=\"og:image:height\" content=\"1041\" \/>\n\t<meta property=\"og:image:type\" content=\"image\/png\" \/>\n<meta name=\"twitter:card\" content=\"summary_large_image\" \/>\n<meta name=\"twitter:site\" content=\"@llorenteycuenca\" \/>\n<!-- \/ Yoast SEO Premium plugin. -->","yoast_head_json":{"title":"Miragem da Igualdade: Preconceitos de G\u00e9nero na IA - LLYC","description":"Ser\u00e1 a IA um espelho de desigualdade? Apresentamos Espejismo de Igualdad, um estudo sobre preconceitos de g\u00e9nero e as novas gera\u00e7\u00f5es.","robots":{"index":"index","follow":"follow","max-snippet":"max-snippet:-1","max-image-preview":"max-image-preview:large","max-video-preview":"max-video-preview:-1"},"canonical":"https:\/\/llyc.global\/pt-pt\/miragem-da-igualdade\/","og_locale":"pt_PT","og_type":"article","og_title":"Miragem da Igualdade","og_description":"Ser\u00e1 a IA um espelho de desigualdade? Apresentamos Espejismo de Igualdad, um estudo sobre preconceitos de g\u00e9nero e as novas gera\u00e7\u00f5es.","og_url":"https:\/\/llyc.global\/pt-pt\/miragem-da-igualdade\/","og_site_name":"LLYC","article_publisher":"https:\/\/www.facebook.com\/LLYC.Global\/","article_modified_time":"2026-03-03T08:09:12+00:00","og_image":[{"width":1727,"height":1041,"url":"https:\/\/llyc.global\/wp-content\/uploads\/2026\/03\/Frame-1000003095-5-1.png","type":"image\/png"}],"twitter_card":"summary_large_image","twitter_site":"@llorenteycuenca","schema":{"@context":"https:\/\/schema.org","@graph":[{"@type":"WebPage","@id":"https:\/\/llyc.global\/pt-pt\/miragem-da-igualdade\/","url":"https:\/\/llyc.global\/pt-pt\/miragem-da-igualdade\/","name":"Miragem da Igualdade: Preconceitos de G\u00e9nero na IA - LLYC","isPartOf":{"@id":"https:\/\/llyc.global\/pt-pt\/#website"},"datePublished":"2026-03-03T08:08:55+00:00","dateModified":"2026-03-03T08:09:12+00:00","description":"Ser\u00e1 a IA um espelho de desigualdade? Apresentamos Espejismo de Igualdad, um estudo sobre preconceitos de g\u00e9nero e as novas gera\u00e7\u00f5es.","breadcrumb":{"@id":"https:\/\/llyc.global\/pt-pt\/miragem-da-igualdade\/#breadcrumb"},"inLanguage":"pt-PT","potentialAction":[{"@type":"ReadAction","target":["https:\/\/llyc.global\/pt-pt\/miragem-da-igualdade\/"]}]},{"@type":"BreadcrumbList","@id":"https:\/\/llyc.global\/pt-pt\/miragem-da-igualdade\/#breadcrumb","itemListElement":[{"@type":"ListItem","position":1,"name":"Home","item":"https:\/\/llyc.global\/pt-pt\/"},{"@type":"ListItem","position":2,"name":"Miragem da Igualdade"}]},{"@type":"WebSite","@id":"https:\/\/llyc.global\/pt-pt\/#website","url":"https:\/\/llyc.global\/pt-pt\/","name":"LLYC","description":"Consultoria de comunicaci\u00f3n marketing y asuntos p\u00fablicos","potentialAction":[{"@type":"SearchAction","target":{"@type":"EntryPoint","urlTemplate":"https:\/\/llyc.global\/pt-pt\/?s={search_term_string}"},"query-input":{"@type":"PropertyValueSpecification","valueRequired":true,"valueName":"search_term_string"}}],"inLanguage":"pt-PT"}]}},"_links":{"self":[{"href":"https:\/\/llyc.global\/pt-pt\/wp-json\/wp\/v2\/pages\/456109","targetHints":{"allow":["GET"]}}],"collection":[{"href":"https:\/\/llyc.global\/pt-pt\/wp-json\/wp\/v2\/pages"}],"about":[{"href":"https:\/\/llyc.global\/pt-pt\/wp-json\/wp\/v2\/types\/page"}],"author":[{"embeddable":true,"href":"https:\/\/llyc.global\/pt-pt\/wp-json\/wp\/v2\/users\/7"}],"replies":[{"embeddable":true,"href":"https:\/\/llyc.global\/pt-pt\/wp-json\/wp\/v2\/comments?post=456109"}],"version-history":[{"count":8,"href":"https:\/\/llyc.global\/pt-pt\/wp-json\/wp\/v2\/pages\/456109\/revisions"}],"predecessor-version":[{"id":456208,"href":"https:\/\/llyc.global\/pt-pt\/wp-json\/wp\/v2\/pages\/456109\/revisions\/456208"}],"wp:attachment":[{"href":"https:\/\/llyc.global\/pt-pt\/wp-json\/wp\/v2\/media?parent=456109"}],"curies":[{"name":"wp","href":"https:\/\/api.w.org\/{rel}","templated":true}]}}