{"id":458853,"date":"2026-04-08T17:12:38","date_gmt":"2026-04-08T15:12:38","guid":{"rendered":"https:\/\/llyc.global\/?page_id=458853"},"modified":"2026-04-09T14:05:58","modified_gmt":"2026-04-09T12:05:58","slug":"ia","status":"publish","type":"page","link":"https:\/\/llyc.global\/pt-pt\/ia\/","title":{"rendered":"IA"},"content":{"rendered":"","protected":false},"excerpt":{"rendered":"","protected":false},"author":7,"featured_media":0,"parent":0,"menu_order":0,"comment_status":"closed","ping_status":"closed","template":"template-ai.php","meta":{"_acf_changed":false,"_et_pb_use_builder":"","_et_pb_old_content":"","_et_gb_content_width":"","footnotes":""},"class_list":["post-458853","page","type-page","status-publish","hentry"],"acf":[],"yoast_head":"<!-- This site is optimized with the Yoast SEO Premium plugin v24.7 (Yoast SEO v24.7) - https:\/\/yoast.com\/wordpress\/plugins\/seo\/ -->\n<title>IA - Marketing e Comunica\u00e7\u00e3o Dual - LLYC<\/title>\n<meta name=\"description\" content=\"Estrat\u00e9gia de marketing com intelig\u00eancia artificial para melhorar a visibilidade, convers\u00e3o e posicionamento em IA com uma abordagem dual: pessoas e algoritmos.\" \/>\n<meta name=\"robots\" content=\"index, follow, max-snippet:-1, max-image-preview:large, max-video-preview:-1\" \/>\n<link rel=\"canonical\" href=\"https:\/\/llyc.global\/pt-pt\/ia\/\" \/>\n<meta property=\"og:locale\" content=\"pt_PT\" \/>\n<meta property=\"og:type\" content=\"article\" \/>\n<meta property=\"og:title\" content=\"IA\" \/>\n<meta property=\"og:description\" content=\"Estrat\u00e9gia de marketing com intelig\u00eancia artificial para melhorar a visibilidade, convers\u00e3o e posicionamento em IA com uma abordagem dual: pessoas e algoritmos.\" \/>\n<meta property=\"og:url\" content=\"https:\/\/llyc.global\/pt-pt\/ia\/\" \/>\n<meta property=\"og:site_name\" content=\"LLYC\" \/>\n<meta property=\"article:publisher\" content=\"https:\/\/www.facebook.com\/LLYC.Global\/\" \/>\n<meta property=\"article:modified_time\" content=\"2026-04-09T12:05:58+00:00\" \/>\n<meta property=\"og:image\" content=\"https:\/\/llyc.global\/wp-content\/uploads\/2026\/04\/Cabecera-secundaria-2-1.png\" \/>\n\t<meta property=\"og:image:width\" content=\"1728\" \/>\n\t<meta property=\"og:image:height\" content=\"706\" \/>\n\t<meta property=\"og:image:type\" content=\"image\/png\" \/>\n<meta name=\"twitter:card\" content=\"summary_large_image\" \/>\n<meta name=\"twitter:site\" content=\"@llorenteycuenca\" \/>\n<!-- \/ Yoast SEO Premium plugin. -->","yoast_head_json":{"title":"IA - Marketing e Comunica\u00e7\u00e3o Dual - LLYC","description":"Estrat\u00e9gia de marketing com intelig\u00eancia artificial para melhorar a visibilidade, convers\u00e3o e posicionamento em IA com uma abordagem dual: pessoas e algoritmos.","robots":{"index":"index","follow":"follow","max-snippet":"max-snippet:-1","max-image-preview":"max-image-preview:large","max-video-preview":"max-video-preview:-1"},"canonical":"https:\/\/llyc.global\/pt-pt\/ia\/","og_locale":"pt_PT","og_type":"article","og_title":"IA","og_description":"Estrat\u00e9gia de marketing com intelig\u00eancia artificial para melhorar a visibilidade, convers\u00e3o e posicionamento em IA com uma abordagem dual: pessoas e algoritmos.","og_url":"https:\/\/llyc.global\/pt-pt\/ia\/","og_site_name":"LLYC","article_publisher":"https:\/\/www.facebook.com\/LLYC.Global\/","article_modified_time":"2026-04-09T12:05:58+00:00","og_image":[{"width":1728,"height":706,"url":"https:\/\/llyc.global\/wp-content\/uploads\/2026\/04\/Cabecera-secundaria-2-1.png","type":"image\/png"}],"twitter_card":"summary_large_image","twitter_site":"@llorenteycuenca","schema":{"@context":"https:\/\/schema.org","@graph":[{"@type":"WebPage","@id":"https:\/\/llyc.global\/pt-pt\/ia\/","url":"https:\/\/llyc.global\/pt-pt\/ia\/","name":"IA - Marketing e Comunica\u00e7\u00e3o Dual - LLYC","isPartOf":{"@id":"https:\/\/llyc.global\/pt-pt\/#website"},"datePublished":"2026-04-08T15:12:38+00:00","dateModified":"2026-04-09T12:05:58+00:00","description":"Estrat\u00e9gia de marketing com intelig\u00eancia artificial para melhorar a visibilidade, convers\u00e3o e posicionamento em IA com uma abordagem dual: pessoas e algoritmos.","breadcrumb":{"@id":"https:\/\/llyc.global\/pt-pt\/ia\/#breadcrumb"},"inLanguage":"pt-PT","potentialAction":[{"@type":"ReadAction","target":["https:\/\/llyc.global\/pt-pt\/ia\/"]}]},{"@type":"BreadcrumbList","@id":"https:\/\/llyc.global\/pt-pt\/ia\/#breadcrumb","itemListElement":[{"@type":"ListItem","position":1,"name":"Home","item":"https:\/\/llyc.global\/pt-pt\/"},{"@type":"ListItem","position":2,"name":"IA"}]},{"@type":"WebSite","@id":"https:\/\/llyc.global\/pt-pt\/#website","url":"https:\/\/llyc.global\/pt-pt\/","name":"LLYC","description":"Consultoria de comunicaci\u00f3n marketing y asuntos p\u00fablicos","potentialAction":[{"@type":"SearchAction","target":{"@type":"EntryPoint","urlTemplate":"https:\/\/llyc.global\/pt-pt\/?s={search_term_string}"},"query-input":{"@type":"PropertyValueSpecification","valueRequired":true,"valueName":"search_term_string"}}],"inLanguage":"pt-PT"}]}},"_links":{"self":[{"href":"https:\/\/llyc.global\/pt-pt\/wp-json\/wp\/v2\/pages\/458853","targetHints":{"allow":["GET"]}}],"collection":[{"href":"https:\/\/llyc.global\/pt-pt\/wp-json\/wp\/v2\/pages"}],"about":[{"href":"https:\/\/llyc.global\/pt-pt\/wp-json\/wp\/v2\/types\/page"}],"author":[{"embeddable":true,"href":"https:\/\/llyc.global\/pt-pt\/wp-json\/wp\/v2\/users\/7"}],"replies":[{"embeddable":true,"href":"https:\/\/llyc.global\/pt-pt\/wp-json\/wp\/v2\/comments?post=458853"}],"version-history":[{"count":10,"href":"https:\/\/llyc.global\/pt-pt\/wp-json\/wp\/v2\/pages\/458853\/revisions"}],"predecessor-version":[{"id":459051,"href":"https:\/\/llyc.global\/pt-pt\/wp-json\/wp\/v2\/pages\/458853\/revisions\/459051"}],"wp:attachment":[{"href":"https:\/\/llyc.global\/pt-pt\/wp-json\/wp\/v2\/media?parent=458853"}],"curies":[{"name":"wp","href":"https:\/\/api.w.org\/{rel}","templated":true}]}}