{"id":459195,"date":"2026-04-20T12:29:24","date_gmt":"2026-04-20T10:29:24","guid":{"rendered":"https:\/\/llyc.global\/?page_id=459195"},"modified":"2026-05-12T13:43:22","modified_gmt":"2026-05-12T11:43:22","slug":"uno","status":"publish","type":"page","link":"https:\/\/llyc.global\/pt-pt\/ideas\/uno\/","title":{"rendered":"UNO"},"content":{"rendered":"","protected":false},"excerpt":{"rendered":"","protected":false},"author":1,"featured_media":0,"parent":87786,"menu_order":0,"comment_status":"closed","ping_status":"closed","template":"template-uno-2026.php","meta":{"_acf_changed":false,"_et_pb_use_builder":"","_et_pb_old_content":"","_et_gb_content_width":"","footnotes":""},"class_list":["post-459195","page","type-page","status-publish","hentry"],"acf":[],"yoast_head":"<!-- This site is optimized with the Yoast SEO Premium plugin v24.7 (Yoast SEO v24.7) - https:\/\/yoast.com\/wordpress\/plugins\/seo\/ -->\n<title>UNO - O futuro \u00e9 uma conversa - LLYC IDEAS<\/title>\n<meta name=\"description\" content=\"A UNO \u00e9 a nossa plataforma onde debatemos, analisamos e refletimos sobre o futuro. Explore conversas sobre desinforma\u00e7\u00e3o, intelig\u00eancia artificial e geopol\u00edtica num contexto global marcado pela incerteza e pela mudan\u00e7a.\" \/>\n<meta name=\"robots\" content=\"index, follow, max-snippet:-1, max-image-preview:large, max-video-preview:-1\" \/>\n<link rel=\"canonical\" href=\"https:\/\/llyc.global\/pt-pt\/ideas\/uno\/\" \/>\n<meta property=\"og:locale\" content=\"pt_PT\" \/>\n<meta property=\"og:type\" content=\"article\" \/>\n<meta property=\"og:title\" content=\"UNO\" \/>\n<meta property=\"og:description\" content=\"A UNO \u00e9 a nossa plataforma onde debatemos, analisamos e refletimos sobre o futuro. Explore conversas sobre desinforma\u00e7\u00e3o, intelig\u00eancia artificial e geopol\u00edtica num contexto global marcado pela incerteza e pela mudan\u00e7a.\" \/>\n<meta property=\"og:url\" content=\"https:\/\/llyc.global\/pt-pt\/ideas\/uno\/\" \/>\n<meta property=\"og:site_name\" content=\"LLYC\" \/>\n<meta property=\"article:publisher\" content=\"https:\/\/www.facebook.com\/LLYC.Global\/\" \/>\n<meta property=\"article:modified_time\" content=\"2026-05-12T11:43:22+00:00\" \/>\n<meta property=\"og:image\" content=\"https:\/\/llyc.global\/wp-content\/uploads\/2026\/05\/UNO_home_slider_tablet.jpg\" \/>\n\t<meta property=\"og:image:width\" content=\"929\" \/>\n\t<meta property=\"og:image:height\" content=\"601\" \/>\n\t<meta property=\"og:image:type\" content=\"image\/jpeg\" \/>\n<meta name=\"twitter:card\" content=\"summary_large_image\" \/>\n<meta name=\"twitter:site\" content=\"@llorenteycuenca\" \/>\n<!-- \/ Yoast SEO Premium plugin. -->","yoast_head_json":{"title":"UNO - O futuro \u00e9 uma conversa - LLYC IDEAS","description":"A UNO \u00e9 a nossa plataforma onde debatemos, analisamos e refletimos sobre o futuro. Explore conversas sobre desinforma\u00e7\u00e3o, intelig\u00eancia artificial e geopol\u00edtica num contexto global marcado pela incerteza e pela mudan\u00e7a.","robots":{"index":"index","follow":"follow","max-snippet":"max-snippet:-1","max-image-preview":"max-image-preview:large","max-video-preview":"max-video-preview:-1"},"canonical":"https:\/\/llyc.global\/pt-pt\/ideas\/uno\/","og_locale":"pt_PT","og_type":"article","og_title":"UNO","og_description":"A UNO \u00e9 a nossa plataforma onde debatemos, analisamos e refletimos sobre o futuro. Explore conversas sobre desinforma\u00e7\u00e3o, intelig\u00eancia artificial e geopol\u00edtica num contexto global marcado pela incerteza e pela mudan\u00e7a.","og_url":"https:\/\/llyc.global\/pt-pt\/ideas\/uno\/","og_site_name":"LLYC","article_publisher":"https:\/\/www.facebook.com\/LLYC.Global\/","article_modified_time":"2026-05-12T11:43:22+00:00","og_image":[{"width":929,"height":601,"url":"https:\/\/llyc.global\/wp-content\/uploads\/2026\/05\/UNO_home_slider_tablet.jpg","type":"image\/jpeg"}],"twitter_card":"summary_large_image","twitter_site":"@llorenteycuenca","schema":{"@context":"https:\/\/schema.org","@graph":[{"@type":"WebPage","@id":"https:\/\/llyc.global\/pt-pt\/ideas\/uno\/","url":"https:\/\/llyc.global\/pt-pt\/ideas\/uno\/","name":"UNO - O futuro \u00e9 uma conversa - LLYC IDEAS","isPartOf":{"@id":"https:\/\/llyc.global\/pt-pt\/#website"},"datePublished":"2026-04-20T10:29:24+00:00","dateModified":"2026-05-12T11:43:22+00:00","description":"A UNO \u00e9 a nossa plataforma onde debatemos, analisamos e refletimos sobre o futuro. Explore conversas sobre desinforma\u00e7\u00e3o, intelig\u00eancia artificial e geopol\u00edtica num contexto global marcado pela incerteza e pela mudan\u00e7a.","breadcrumb":{"@id":"https:\/\/llyc.global\/pt-pt\/ideas\/uno\/#breadcrumb"},"inLanguage":"pt-PT","potentialAction":[{"@type":"ReadAction","target":["https:\/\/llyc.global\/pt-pt\/ideas\/uno\/"]}]},{"@type":"BreadcrumbList","@id":"https:\/\/llyc.global\/pt-pt\/ideas\/uno\/#breadcrumb","itemListElement":[{"@type":"ListItem","position":1,"name":"Home","item":"https:\/\/llyc.global\/pt-pt\/"},{"@type":"ListItem","position":2,"name":"Ideas","item":"https:\/\/llyc.global\/pt-pt\/ideas\/"},{"@type":"ListItem","position":3,"name":"UNO"}]},{"@type":"WebSite","@id":"https:\/\/llyc.global\/pt-pt\/#website","url":"https:\/\/llyc.global\/pt-pt\/","name":"LLYC","description":"Consultoria de comunicaci\u00f3n marketing y asuntos p\u00fablicos","potentialAction":[{"@type":"SearchAction","target":{"@type":"EntryPoint","urlTemplate":"https:\/\/llyc.global\/pt-pt\/?s={search_term_string}"},"query-input":{"@type":"PropertyValueSpecification","valueRequired":true,"valueName":"search_term_string"}}],"inLanguage":"pt-PT"}]}},"_links":{"self":[{"href":"https:\/\/llyc.global\/pt-pt\/wp-json\/wp\/v2\/pages\/459195","targetHints":{"allow":["GET"]}}],"collection":[{"href":"https:\/\/llyc.global\/pt-pt\/wp-json\/wp\/v2\/pages"}],"about":[{"href":"https:\/\/llyc.global\/pt-pt\/wp-json\/wp\/v2\/types\/page"}],"author":[{"embeddable":true,"href":"https:\/\/llyc.global\/pt-pt\/wp-json\/wp\/v2\/users\/1"}],"replies":[{"embeddable":true,"href":"https:\/\/llyc.global\/pt-pt\/wp-json\/wp\/v2\/comments?post=459195"}],"version-history":[{"count":18,"href":"https:\/\/llyc.global\/pt-pt\/wp-json\/wp\/v2\/pages\/459195\/revisions"}],"predecessor-version":[{"id":464622,"href":"https:\/\/llyc.global\/pt-pt\/wp-json\/wp\/v2\/pages\/459195\/revisions\/464622"}],"up":[{"embeddable":true,"href":"https:\/\/llyc.global\/pt-pt\/wp-json\/wp\/v2\/pages\/87786"}],"wp:attachment":[{"href":"https:\/\/llyc.global\/pt-pt\/wp-json\/wp\/v2\/media?parent=459195"}],"curies":[{"name":"wp","href":"https:\/\/api.w.org\/{rel}","templated":true}]}}