{"id":87750,"date":"2023-10-05T12:53:04","date_gmt":"2023-10-05T10:53:04","guid":{"rendered":"https:\/\/llyc.global\/87507-2\/experiencia\/"},"modified":"2025-10-22T13:45:23","modified_gmt":"2025-10-22T11:45:23","slug":"o-nosso-trabalho","status":"publish","type":"page","link":"https:\/\/llyc.global\/pt-pt\/corporate-affairs\/o-nosso-trabalho\/","title":{"rendered":"O nosso trabalho"},"content":{"rendered":"","protected":false},"excerpt":{"rendered":"","protected":false},"author":1,"featured_media":0,"parent":87507,"menu_order":0,"comment_status":"closed","ping_status":"closed","template":"template_experiencia.php","meta":{"_acf_changed":false,"_et_pb_use_builder":"","_et_pb_old_content":"","_et_gb_content_width":"","footnotes":""},"class_list":["post-87750","page","type-page","status-publish","hentry"],"acf":[],"yoast_head":"<!-- This site is optimized with the Yoast SEO Premium plugin v24.7 (Yoast SEO v24.7) - https:\/\/yoast.com\/wordpress\/plugins\/seo\/ -->\n<title>O nosso trabalho em corporate affairs - Casos de successo - LLYC<\/title>\n<meta name=\"description\" content=\"Conhe\u00e7a os nossos casos de sucesso onde desenvolvemos solu\u00e7\u00f5es eficazes em comunica\u00e7\u00e3o e corporate affairs. Descubra os pr\u00e9mios que ganh\u00e1mos em diferentes setores.\" \/>\n<meta name=\"robots\" content=\"index, follow, max-snippet:-1, max-image-preview:large, max-video-preview:-1\" \/>\n<link rel=\"canonical\" href=\"https:\/\/llyc.global\/pt-pt\/corporate-affairs\/o-nosso-trabalho\/\" \/>\n<meta property=\"og:locale\" content=\"pt_PT\" \/>\n<meta property=\"og:type\" content=\"article\" \/>\n<meta property=\"og:title\" content=\"O nosso trabalho\" \/>\n<meta property=\"og:description\" content=\"Conhe\u00e7a os nossos casos de sucesso onde desenvolvemos solu\u00e7\u00f5es eficazes em comunica\u00e7\u00e3o e corporate affairs. Descubra os pr\u00e9mios que ganh\u00e1mos em diferentes setores.\" \/>\n<meta property=\"og:url\" content=\"https:\/\/llyc.global\/pt-pt\/corporate-affairs\/o-nosso-trabalho\/\" \/>\n<meta property=\"og:site_name\" content=\"LLYC\" \/>\n<meta property=\"article:publisher\" content=\"https:\/\/www.facebook.com\/LLYC.Global\/\" \/>\n<meta property=\"article:modified_time\" content=\"2025-10-22T11:45:23+00:00\" \/>\n<meta name=\"twitter:card\" content=\"summary_large_image\" \/>\n<meta name=\"twitter:site\" content=\"@llorenteycuenca\" \/>\n<!-- \/ Yoast SEO Premium plugin. -->","yoast_head_json":{"title":"O nosso trabalho em corporate affairs - Casos de successo - LLYC","description":"Conhe\u00e7a os nossos casos de sucesso onde desenvolvemos solu\u00e7\u00f5es eficazes em comunica\u00e7\u00e3o e corporate affairs. Descubra os pr\u00e9mios que ganh\u00e1mos em diferentes setores.","robots":{"index":"index","follow":"follow","max-snippet":"max-snippet:-1","max-image-preview":"max-image-preview:large","max-video-preview":"max-video-preview:-1"},"canonical":"https:\/\/llyc.global\/pt-pt\/corporate-affairs\/o-nosso-trabalho\/","og_locale":"pt_PT","og_type":"article","og_title":"O nosso trabalho","og_description":"Conhe\u00e7a os nossos casos de sucesso onde desenvolvemos solu\u00e7\u00f5es eficazes em comunica\u00e7\u00e3o e corporate affairs. Descubra os pr\u00e9mios que ganh\u00e1mos em diferentes setores.","og_url":"https:\/\/llyc.global\/pt-pt\/corporate-affairs\/o-nosso-trabalho\/","og_site_name":"LLYC","article_publisher":"https:\/\/www.facebook.com\/LLYC.Global\/","article_modified_time":"2025-10-22T11:45:23+00:00","twitter_card":"summary_large_image","twitter_site":"@llorenteycuenca","schema":{"@context":"https:\/\/schema.org","@graph":[{"@type":"WebPage","@id":"https:\/\/llyc.global\/pt-pt\/corporate-affairs\/o-nosso-trabalho\/","url":"https:\/\/llyc.global\/pt-pt\/corporate-affairs\/o-nosso-trabalho\/","name":"O nosso trabalho em corporate affairs - Casos de successo - LLYC","isPartOf":{"@id":"https:\/\/llyc.global\/pt-pt\/#website"},"datePublished":"2023-10-05T10:53:04+00:00","dateModified":"2025-10-22T11:45:23+00:00","description":"Conhe\u00e7a os nossos casos de sucesso onde desenvolvemos solu\u00e7\u00f5es eficazes em comunica\u00e7\u00e3o e corporate affairs. Descubra os pr\u00e9mios que ganh\u00e1mos em diferentes setores.","breadcrumb":{"@id":"https:\/\/llyc.global\/pt-pt\/corporate-affairs\/o-nosso-trabalho\/#breadcrumb"},"inLanguage":"pt-PT","potentialAction":[{"@type":"ReadAction","target":["https:\/\/llyc.global\/pt-pt\/corporate-affairs\/o-nosso-trabalho\/"]}]},{"@type":"BreadcrumbList","@id":"https:\/\/llyc.global\/pt-pt\/corporate-affairs\/o-nosso-trabalho\/#breadcrumb","itemListElement":[{"@type":"ListItem","position":1,"name":"Home","item":"https:\/\/llyc.global\/pt-pt\/"},{"@type":"ListItem","position":2,"name":"Corporate Affairs","item":"https:\/\/llyc.global\/pt-pt\/corporate-affairs\/"},{"@type":"ListItem","position":3,"name":"O nosso trabalho"}]},{"@type":"WebSite","@id":"https:\/\/llyc.global\/pt-pt\/#website","url":"https:\/\/llyc.global\/pt-pt\/","name":"LLYC","description":"Consultoria de comunicaci\u00f3n marketing y asuntos p\u00fablicos","potentialAction":[{"@type":"SearchAction","target":{"@type":"EntryPoint","urlTemplate":"https:\/\/llyc.global\/pt-pt\/?s={search_term_string}"},"query-input":{"@type":"PropertyValueSpecification","valueRequired":true,"valueName":"search_term_string"}}],"inLanguage":"pt-PT"}]}},"_links":{"self":[{"href":"https:\/\/llyc.global\/pt-pt\/wp-json\/wp\/v2\/pages\/87750","targetHints":{"allow":["GET"]}}],"collection":[{"href":"https:\/\/llyc.global\/pt-pt\/wp-json\/wp\/v2\/pages"}],"about":[{"href":"https:\/\/llyc.global\/pt-pt\/wp-json\/wp\/v2\/types\/page"}],"author":[{"embeddable":true,"href":"https:\/\/llyc.global\/pt-pt\/wp-json\/wp\/v2\/users\/1"}],"replies":[{"embeddable":true,"href":"https:\/\/llyc.global\/pt-pt\/wp-json\/wp\/v2\/comments?post=87750"}],"version-history":[{"count":3,"href":"https:\/\/llyc.global\/pt-pt\/wp-json\/wp\/v2\/pages\/87750\/revisions"}],"predecessor-version":[{"id":407859,"href":"https:\/\/llyc.global\/pt-pt\/wp-json\/wp\/v2\/pages\/87750\/revisions\/407859"}],"up":[{"embeddable":true,"href":"https:\/\/llyc.global\/pt-pt\/wp-json\/wp\/v2\/pages\/87507"}],"wp:attachment":[{"href":"https:\/\/llyc.global\/pt-pt\/wp-json\/wp\/v2\/media?parent=87750"}],"curies":[{"name":"wp","href":"https:\/\/api.w.org\/{rel}","templated":true}]}}