{"id":87776,"date":"2023-10-26T19:03:58","date_gmt":"2023-10-26T17:03:58","guid":{"rendered":"https:\/\/llyc.global\/87545-2\/tendencias\/"},"modified":"2026-03-24T18:41:25","modified_gmt":"2026-03-24T17:41:25","slug":"tendencias","status":"publish","type":"page","link":"https:\/\/llyc.global\/pt-pt\/healthcare\/tendencias\/","title":{"rendered":"Tendencias"},"content":{"rendered":"","protected":false},"excerpt":{"rendered":"","protected":false},"author":1,"featured_media":0,"parent":87545,"menu_order":0,"comment_status":"closed","ping_status":"closed","template":"template_tendencias.php","meta":{"_acf_changed":false,"_et_pb_use_builder":"","_et_pb_old_content":"","_et_gb_content_width":"","footnotes":""},"class_list":["post-87776","page","type-page","status-publish","hentry"],"acf":[],"yoast_head":"<!-- This site is optimized with the Yoast SEO Premium plugin v24.7 (Yoast SEO v24.7) - https:\/\/yoast.com\/wordpress\/plugins\/seo\/ -->\n<title>Tend\u00eancias em healthcare - LLYC<\/title>\n<meta name=\"description\" content=\"Descubra as \u00faltimas tend\u00eancias em healthcare com a LLYC. Mantenha-se atualizado com conte\u00fado relacionado a marketing digital para sa\u00fade, intelig\u00eancia artificial, criatividade, entre outros. Conte\u00fado criado pela equipa de especialistas da LLYC.\" \/>\n<meta name=\"robots\" content=\"index, follow, max-snippet:-1, max-image-preview:large, max-video-preview:-1\" \/>\n<link rel=\"canonical\" href=\"https:\/\/llyc.global\/pt-pt\/healthcare\/tendencias\/\" \/>\n<meta property=\"og:locale\" content=\"pt_PT\" \/>\n<meta property=\"og:type\" content=\"article\" \/>\n<meta property=\"og:title\" content=\"Tendencias\" \/>\n<meta property=\"og:description\" content=\"Descubra as \u00faltimas tend\u00eancias em healthcare com a LLYC. Mantenha-se atualizado com conte\u00fado relacionado a marketing digital para sa\u00fade, intelig\u00eancia artificial, criatividade, entre outros. Conte\u00fado criado pela equipa de especialistas da LLYC.\" \/>\n<meta property=\"og:url\" content=\"https:\/\/llyc.global\/pt-pt\/healthcare\/tendencias\/\" \/>\n<meta property=\"og:site_name\" content=\"LLYC\" \/>\n<meta property=\"article:publisher\" content=\"https:\/\/www.facebook.com\/LLYC.Global\/\" \/>\n<meta property=\"article:modified_time\" content=\"2026-03-24T17:41:25+00:00\" \/>\n<meta name=\"twitter:card\" content=\"summary_large_image\" \/>\n<meta name=\"twitter:site\" content=\"@llorenteycuenca\" \/>\n<!-- \/ Yoast SEO Premium plugin. -->","yoast_head_json":{"title":"Tend\u00eancias em healthcare - LLYC","description":"Descubra as \u00faltimas tend\u00eancias em healthcare com a LLYC. Mantenha-se atualizado com conte\u00fado relacionado a marketing digital para sa\u00fade, intelig\u00eancia artificial, criatividade, entre outros. Conte\u00fado criado pela equipa de especialistas da LLYC.","robots":{"index":"index","follow":"follow","max-snippet":"max-snippet:-1","max-image-preview":"max-image-preview:large","max-video-preview":"max-video-preview:-1"},"canonical":"https:\/\/llyc.global\/pt-pt\/healthcare\/tendencias\/","og_locale":"pt_PT","og_type":"article","og_title":"Tendencias","og_description":"Descubra as \u00faltimas tend\u00eancias em healthcare com a LLYC. Mantenha-se atualizado com conte\u00fado relacionado a marketing digital para sa\u00fade, intelig\u00eancia artificial, criatividade, entre outros. Conte\u00fado criado pela equipa de especialistas da LLYC.","og_url":"https:\/\/llyc.global\/pt-pt\/healthcare\/tendencias\/","og_site_name":"LLYC","article_publisher":"https:\/\/www.facebook.com\/LLYC.Global\/","article_modified_time":"2026-03-24T17:41:25+00:00","twitter_card":"summary_large_image","twitter_site":"@llorenteycuenca","schema":{"@context":"https:\/\/schema.org","@graph":[{"@type":"WebPage","@id":"https:\/\/llyc.global\/pt-pt\/healthcare\/tendencias\/","url":"https:\/\/llyc.global\/pt-pt\/healthcare\/tendencias\/","name":"Tend\u00eancias em healthcare - LLYC","isPartOf":{"@id":"https:\/\/llyc.global\/pt-pt\/#website"},"datePublished":"2023-10-26T17:03:58+00:00","dateModified":"2026-03-24T17:41:25+00:00","description":"Descubra as \u00faltimas tend\u00eancias em healthcare com a LLYC. Mantenha-se atualizado com conte\u00fado relacionado a marketing digital para sa\u00fade, intelig\u00eancia artificial, criatividade, entre outros. Conte\u00fado criado pela equipa de especialistas da LLYC.","breadcrumb":{"@id":"https:\/\/llyc.global\/pt-pt\/healthcare\/tendencias\/#breadcrumb"},"inLanguage":"pt-PT","potentialAction":[{"@type":"ReadAction","target":["https:\/\/llyc.global\/pt-pt\/healthcare\/tendencias\/"]}]},{"@type":"BreadcrumbList","@id":"https:\/\/llyc.global\/pt-pt\/healthcare\/tendencias\/#breadcrumb","itemListElement":[{"@type":"ListItem","position":1,"name":"Home","item":"https:\/\/llyc.global\/pt-pt\/"},{"@type":"ListItem","position":2,"name":"Healthcare","item":"https:\/\/llyc.global\/pt-pt\/healthcare\/"},{"@type":"ListItem","position":3,"name":"Tendencias"}]},{"@type":"WebSite","@id":"https:\/\/llyc.global\/pt-pt\/#website","url":"https:\/\/llyc.global\/pt-pt\/","name":"LLYC","description":"Consultoria de comunicaci\u00f3n marketing y asuntos p\u00fablicos","potentialAction":[{"@type":"SearchAction","target":{"@type":"EntryPoint","urlTemplate":"https:\/\/llyc.global\/pt-pt\/?s={search_term_string}"},"query-input":{"@type":"PropertyValueSpecification","valueRequired":true,"valueName":"search_term_string"}}],"inLanguage":"pt-PT"}]}},"_links":{"self":[{"href":"https:\/\/llyc.global\/pt-pt\/wp-json\/wp\/v2\/pages\/87776","targetHints":{"allow":["GET"]}}],"collection":[{"href":"https:\/\/llyc.global\/pt-pt\/wp-json\/wp\/v2\/pages"}],"about":[{"href":"https:\/\/llyc.global\/pt-pt\/wp-json\/wp\/v2\/types\/page"}],"author":[{"embeddable":true,"href":"https:\/\/llyc.global\/pt-pt\/wp-json\/wp\/v2\/users\/1"}],"replies":[{"embeddable":true,"href":"https:\/\/llyc.global\/pt-pt\/wp-json\/wp\/v2\/comments?post=87776"}],"version-history":[{"count":18,"href":"https:\/\/llyc.global\/pt-pt\/wp-json\/wp\/v2\/pages\/87776\/revisions"}],"predecessor-version":[{"id":457642,"href":"https:\/\/llyc.global\/pt-pt\/wp-json\/wp\/v2\/pages\/87776\/revisions\/457642"}],"up":[{"embeddable":true,"href":"https:\/\/llyc.global\/pt-pt\/wp-json\/wp\/v2\/pages\/87545"}],"wp:attachment":[{"href":"https:\/\/llyc.global\/pt-pt\/wp-json\/wp\/v2\/media?parent=87776"}],"curies":[{"name":"wp","href":"https:\/\/api.w.org\/{rel}","templated":true}]}}