{"id":90856,"date":"2023-10-13T13:50:05","date_gmt":"2023-10-13T11:50:05","guid":{"rendered":"https:\/\/llyc.global\/contacto\/llyc-in-madrid\/"},"modified":"2026-01-12T13:12:35","modified_gmt":"2026-01-12T12:12:35","slug":"llyc-em-madrid","status":"publish","type":"page","link":"https:\/\/llyc.global\/pt-pt\/contacto\/llyc-em-madrid\/","title":{"rendered":"LLYC em Madrid"},"content":{"rendered":"","protected":false},"excerpt":{"rendered":"","protected":false},"author":1,"featured_media":89349,"parent":87601,"menu_order":0,"comment_status":"closed","ping_status":"closed","template":"template_region.php","meta":{"_acf_changed":false,"_et_pb_use_builder":"","_et_pb_old_content":"","_et_gb_content_width":"","footnotes":""},"class_list":["post-90856","page","type-page","status-publish","has-post-thumbnail","hentry"],"acf":[],"yoast_head":"<!-- This site is optimized with the Yoast SEO Premium plugin v24.7 (Yoast SEO v24.7) - https:\/\/yoast.com\/wordpress\/plugins\/seo\/ -->\n<title>Firma global de marketing e corporate affairs em Madrid - LLYC<\/title>\n<meta name=\"description\" content=\"Firma global de marketing e corporate affairs. Contacte a LLYC em Madrid para solu\u00e7\u00f5es estrat\u00e9gicas em comunica\u00e7\u00e3o, marketing e assuntos p\u00fablicos.\" \/>\n<meta name=\"robots\" content=\"index, follow, max-snippet:-1, max-image-preview:large, max-video-preview:-1\" \/>\n<link rel=\"canonical\" href=\"https:\/\/llyc.global\/pt-pt\/contacto\/llyc-em-madrid\/\" \/>\n<meta property=\"og:locale\" content=\"pt_PT\" \/>\n<meta property=\"og:type\" content=\"article\" \/>\n<meta property=\"og:title\" content=\"LLYC em Madrid\" \/>\n<meta property=\"og:description\" content=\"Firma global de marketing e corporate affairs. Contacte a LLYC em Madrid para solu\u00e7\u00f5es estrat\u00e9gicas em comunica\u00e7\u00e3o, marketing e assuntos p\u00fablicos.\" \/>\n<meta property=\"og:url\" content=\"https:\/\/llyc.global\/pt-pt\/contacto\/llyc-em-madrid\/\" \/>\n<meta property=\"og:site_name\" content=\"LLYC\" \/>\n<meta property=\"article:publisher\" content=\"https:\/\/www.facebook.com\/LLYC.Global\/\" \/>\n<meta property=\"article:modified_time\" content=\"2026-01-12T12:12:35+00:00\" \/>\n<meta property=\"og:image\" content=\"https:\/\/llyc.global\/wp-content\/uploads\/2023\/11\/6-Madrid_v2-1024x342.png\" \/>\n<meta name=\"twitter:card\" content=\"summary_large_image\" \/>\n<meta name=\"twitter:image\" content=\"https:\/\/llyc.global\/wp-content\/uploads\/2023\/11\/6-Madrid_v2-1024x342.png\" \/>\n<meta name=\"twitter:site\" content=\"@llorenteycuenca\" \/>\n<meta name=\"twitter:label1\" content=\"Est. reading time\" \/>\n\t<meta name=\"twitter:data1\" content=\"1 minuto\" \/>\n<!-- \/ Yoast SEO Premium plugin. -->","yoast_head_json":{"title":"Firma global de marketing e corporate affairs em Madrid - LLYC","description":"Firma global de marketing e corporate affairs. Contacte a LLYC em Madrid para solu\u00e7\u00f5es estrat\u00e9gicas em comunica\u00e7\u00e3o, marketing e assuntos p\u00fablicos.","robots":{"index":"index","follow":"follow","max-snippet":"max-snippet:-1","max-image-preview":"max-image-preview:large","max-video-preview":"max-video-preview:-1"},"canonical":"https:\/\/llyc.global\/pt-pt\/contacto\/llyc-em-madrid\/","og_locale":"pt_PT","og_type":"article","og_title":"LLYC em Madrid","og_description":"Firma global de marketing e corporate affairs. Contacte a LLYC em Madrid para solu\u00e7\u00f5es estrat\u00e9gicas em comunica\u00e7\u00e3o, marketing e assuntos p\u00fablicos.","og_url":"https:\/\/llyc.global\/pt-pt\/contacto\/llyc-em-madrid\/","og_site_name":"LLYC","article_publisher":"https:\/\/www.facebook.com\/LLYC.Global\/","article_modified_time":"2026-01-12T12:12:35+00:00","og_image":[{"url":"https:\/\/llyc.global\/wp-content\/uploads\/2023\/11\/6-Madrid_v2-1024x342.png","type":"","width":"","height":""}],"twitter_card":"summary_large_image","twitter_image":"https:\/\/llyc.global\/wp-content\/uploads\/2023\/11\/6-Madrid_v2-1024x342.png","twitter_site":"@llorenteycuenca","twitter_misc":{"Est. reading time":"1 minuto"},"schema":{"@context":"https:\/\/schema.org","@graph":[{"@type":"WebPage","@id":"https:\/\/llyc.global\/pt-pt\/contacto\/llyc-em-madrid\/","url":"https:\/\/llyc.global\/pt-pt\/contacto\/llyc-em-madrid\/","name":"Firma global de marketing e corporate affairs em Madrid - LLYC","isPartOf":{"@id":"https:\/\/llyc.global\/pt-pt\/#website"},"primaryImageOfPage":{"@id":"https:\/\/llyc.global\/pt-pt\/contacto\/llyc-em-madrid\/#primaryimage"},"image":{"@id":"https:\/\/llyc.global\/pt-pt\/contacto\/llyc-em-madrid\/#primaryimage"},"thumbnailUrl":"https:\/\/llyc.global\/wp-content\/uploads\/2023\/11\/6-Madrid_v2.png","datePublished":"2023-10-13T11:50:05+00:00","dateModified":"2026-01-12T12:12:35+00:00","description":"Firma global de marketing e corporate affairs. Contacte a LLYC em Madrid para solu\u00e7\u00f5es estrat\u00e9gicas em comunica\u00e7\u00e3o, marketing e assuntos p\u00fablicos.","breadcrumb":{"@id":"https:\/\/llyc.global\/pt-pt\/contacto\/llyc-em-madrid\/#breadcrumb"},"inLanguage":"pt-PT","potentialAction":[{"@type":"ReadAction","target":["https:\/\/llyc.global\/pt-pt\/contacto\/llyc-em-madrid\/"]}]},{"@type":"ImageObject","inLanguage":"pt-PT","@id":"https:\/\/llyc.global\/pt-pt\/contacto\/llyc-em-madrid\/#primaryimage","url":"https:\/\/llyc.global\/wp-content\/uploads\/2023\/11\/6-Madrid_v2.png","contentUrl":"https:\/\/llyc.global\/wp-content\/uploads\/2023\/11\/6-Madrid_v2.png","width":1690,"height":565},{"@type":"BreadcrumbList","@id":"https:\/\/llyc.global\/pt-pt\/contacto\/llyc-em-madrid\/#breadcrumb","itemListElement":[{"@type":"ListItem","position":1,"name":"Home","item":"https:\/\/llyc.global\/pt-pt\/"},{"@type":"ListItem","position":2,"name":"Contacto","item":"https:\/\/llyc.global\/pt-pt\/contacto\/"},{"@type":"ListItem","position":3,"name":"LLYC em Madrid"}]},{"@type":"WebSite","@id":"https:\/\/llyc.global\/pt-pt\/#website","url":"https:\/\/llyc.global\/pt-pt\/","name":"LLYC","description":"Consultoria de comunicaci\u00f3n marketing y asuntos p\u00fablicos","potentialAction":[{"@type":"SearchAction","target":{"@type":"EntryPoint","urlTemplate":"https:\/\/llyc.global\/pt-pt\/?s={search_term_string}"},"query-input":{"@type":"PropertyValueSpecification","valueRequired":true,"valueName":"search_term_string"}}],"inLanguage":"pt-PT"}]}},"_links":{"self":[{"href":"https:\/\/llyc.global\/pt-pt\/wp-json\/wp\/v2\/pages\/90856","targetHints":{"allow":["GET"]}}],"collection":[{"href":"https:\/\/llyc.global\/pt-pt\/wp-json\/wp\/v2\/pages"}],"about":[{"href":"https:\/\/llyc.global\/pt-pt\/wp-json\/wp\/v2\/types\/page"}],"author":[{"embeddable":true,"href":"https:\/\/llyc.global\/pt-pt\/wp-json\/wp\/v2\/users\/1"}],"replies":[{"embeddable":true,"href":"https:\/\/llyc.global\/pt-pt\/wp-json\/wp\/v2\/comments?post=90856"}],"version-history":[{"count":10,"href":"https:\/\/llyc.global\/pt-pt\/wp-json\/wp\/v2\/pages\/90856\/revisions"}],"predecessor-version":[{"id":451897,"href":"https:\/\/llyc.global\/pt-pt\/wp-json\/wp\/v2\/pages\/90856\/revisions\/451897"}],"up":[{"embeddable":true,"href":"https:\/\/llyc.global\/pt-pt\/wp-json\/wp\/v2\/pages\/87601"}],"wp:featuredmedia":[{"embeddable":true,"href":"https:\/\/llyc.global\/pt-pt\/wp-json\/wp\/v2\/media\/89349"}],"wp:attachment":[{"href":"https:\/\/llyc.global\/pt-pt\/wp-json\/wp\/v2\/media?parent=90856"}],"curies":[{"name":"wp","href":"https:\/\/api.w.org\/{rel}","templated":true}]}}