{"id":92285,"date":"2023-11-10T14:14:41","date_gmt":"2023-11-10T13:14:41","guid":{"rendered":"https:\/\/llyc.global\/canal-interno-de-informacion\/"},"modified":"2025-11-24T12:25:58","modified_gmt":"2025-11-24T11:25:58","slug":"o-canal-de-etica","status":"publish","type":"page","link":"https:\/\/llyc.global\/pt-pt\/o-canal-de-etica\/","title":{"rendered":"O canal de \u00e9tica"},"content":{"rendered":"<p><b>O que \u00e9 o canal de \u00e9tica?<\/b><\/p>\n<p><span style=\"font-weight: 400;\">A LLYC pretende criar um ambiente de transpar\u00eancia e promover o respeito pela legalidade e pelas normas de conduta estabelecidas no C\u00f3digo de \u00c9tica por parte dos nossos administradores, profissionais e fornecedores.\u00a0<\/span><\/p>\n<p><span style=\"font-weight: 400;\">Para esse efeito, a LLYC disp\u00f5e de um <\/span><span style=\"font-weight: 400;\">canal de \u00e9tica<\/span><span style=\"font-weight: 400;\"> atrav\u00e9s do qual pode ser investigado qualquer tipo de conduta potencialmente perigosa para a nossa empresa, para os nossos profissionais, fornecedores e os restantes grupos de interesse. Tudo isto em conformidade com o estabelecido na Lei 2\/2023, de 20 de fevereiro, que regulamenta a prote\u00e7\u00e3o das pessoas que informem acerca de infra\u00e7\u00f5es normativas e da luta contra a corrup\u00e7\u00e3o.<\/span><\/p>\n<p><span style=\"font-weight: 400;\">Para obter mais informa\u00e7\u00f5es sobre o funcionamento e o tratamento de dados pessoais no Canal de \u00c9tica, pode consultar o seguinte documento:<\/span><\/p>\n<p><span style=\"font-weight: 400;\">Regulamento sobre o sistema interno de informa\u00e7\u00e3o.<\/span><\/p>\n<p><b>Garantias<\/b><\/p>\n<p><span style=\"font-weight: 400;\">Os princ\u00edpios essenciais do canal s\u00e3o os seguintes:<\/span><\/p>\n<ul>\n<li><span style=\"font-weight: 400;\"> \u00a0 \u00a0 \u00a0 <\/span><span style=\"font-weight: 400;\">Confidencialidade<\/span><span style=\"font-weight: 400;\">: S\u00f3 ser\u00e3o conhecedoras do processo as pessoas que sejam necess\u00e1rias para levar a cabo a investiga\u00e7\u00e3o. Todas as investiga\u00e7\u00f5es internas ser\u00e3o levadas a cabo com o devido respeito tanto pelos direitos do denunciante como os da pessoa ou pessoas afetadas ou investigadas<\/span><\/li>\n<li><span style=\"font-weight: 400;\"> \u00a0 \u00a0 \u00a0 <\/span><span style=\"font-weight: 400;\">Proibi\u00e7\u00e3o de repres\u00e1lias<\/span><span style=\"font-weight: 400;\">: a LLYC compromete-se a n\u00e3o adotar qualquer forma de repres\u00e1lia contra qualquer pessoa que tenha realizado uma den\u00fancia de boa-f\u00e9.<\/span><\/li>\n<li><span style=\"font-weight: 400;\"> \u00a0 \u00a0 \u00a0 <\/span><span style=\"font-weight: 400;\">Anonimato<\/span><span style=\"font-weight: 400;\">: As comunica\u00e7\u00f5es podem ser realizadas de forma an\u00f3nima.<\/span><\/li>\n<\/ul>\n<p><b>Comunica\u00e7\u00f5es ao canal de \u00e9tica<\/b><\/p>\n<p><span style=\"font-weight: 400;\">O Canal de \u00c9tica contempla as seguintes vias para comunicar as potenciais irregularidades:<\/span><\/p>\n<ol>\n<li style=\"font-weight: 400;\" aria-level=\"1\"><span style=\"font-weight: 400;\">Por escrito:<\/span>\n<ul>\n<li style=\"font-weight: 400;\" aria-level=\"2\"><span style=\"font-weight: 400;\">mediante formul\u00e1rio.<\/span><\/li>\n<li style=\"font-weight: 400;\" aria-level=\"2\"><span style=\"font-weight: 400;\">via correio postal para a morada Calle lagasca, 88, 28001 Madrid, dirigido a Juan Pablo Oca\u00f1a Gonz\u00e1lez.<\/span><\/li>\n<\/ul>\n<\/li>\n<li style=\"font-weight: 400;\" aria-level=\"1\"><span style=\"font-weight: 400;\">Verbalmente:<\/span>\n<ul>\n<li style=\"font-weight: 400;\" aria-level=\"2\"><span style=\"font-weight: 400;\">mediante mensagem de voz<\/span><\/li>\n<\/ul>\n<\/li>\n<\/ol>\n<p><span style=\"font-weight: 400;\">Do mesmo modo, os denunciantes ser\u00e3o informados sobre o direito de escolher se querem fazer a comunica\u00e7\u00e3o ou den\u00fancia atrav\u00e9s do presente canal interno ou atrav\u00e9s de canais externos com diferentes \u00e2mbitos de compet\u00eancia (Autoridade Independente de Prote\u00e7\u00e3o do Denunciante, Gabinete Andaluz contra a Fraude e a Corrup\u00e7\u00e3o, Ag\u00eancia Valenciana Antifraude, Gabinete Antifraude da Catalunha, Gabinete de preven\u00e7\u00e3o e luta contra a fraude das Ilhas Baleares, Gabinete de Boas Pr\u00e1ticas e Anticorrup\u00e7\u00e3o de Navarra).<\/span><\/p>\n<p><span style=\"font-weight: 400;\">Acesso ao Canal de \u00c9tica:<\/span><span style=\"font-weight: 400;\">\u00a0<a href=\"https:\/\/llyc-global.integrityline.com\/?lang=pt\" target=\"_blank\" rel=\"noopener\">link<\/a><\/span><\/p>\n","protected":false},"excerpt":{"rendered":"<p>O que \u00e9 o canal de \u00e9tica? A LLYC pretende criar um ambiente de transpar\u00eancia e promover o respeito pela legalidade e pelas normas de conduta estabelecidas no C\u00f3digo de \u00c9tica por parte dos nossos administradores, profissionais e fornecedores.\u00a0 Para esse efeito, a LLYC disp\u00f5e de um canal de \u00e9tica atrav\u00e9s do qual pode ser [&hellip;]<\/p>\n","protected":false},"author":1,"featured_media":0,"parent":0,"menu_order":0,"comment_status":"closed","ping_status":"closed","template":"","meta":{"_acf_changed":false,"_et_pb_use_builder":"","_et_pb_old_content":"","_et_gb_content_width":"","footnotes":""},"class_list":["post-92285","page","type-page","status-publish","hentry"],"acf":[],"yoast_head":"<!-- This site is optimized with the Yoast SEO Premium plugin v24.7 (Yoast SEO v24.7) - https:\/\/yoast.com\/wordpress\/plugins\/seo\/ -->\n<title>O canal de \u00e9tica - LLYC<\/title>\n<meta name=\"description\" content=\"Canal de \u00e9tica para comunicar irregularidades com seguran\u00e7a e confidencialidade. Conhe\u00e7a como garantimos transpar\u00eancia e prote\u00e7\u00e3o.\" \/>\n<meta name=\"robots\" content=\"index, follow, max-snippet:-1, max-image-preview:large, max-video-preview:-1\" \/>\n<link rel=\"canonical\" href=\"https:\/\/llyc.global\/pt-pt\/o-canal-de-etica\/\" \/>\n<meta property=\"og:locale\" content=\"pt_PT\" \/>\n<meta property=\"og:type\" content=\"article\" \/>\n<meta property=\"og:title\" content=\"O canal de \u00e9tica\" \/>\n<meta property=\"og:description\" content=\"Canal de \u00e9tica para comunicar irregularidades com seguran\u00e7a e confidencialidade. Conhe\u00e7a como garantimos transpar\u00eancia e prote\u00e7\u00e3o.\" \/>\n<meta property=\"og:url\" content=\"https:\/\/llyc.global\/pt-pt\/o-canal-de-etica\/\" \/>\n<meta property=\"og:site_name\" content=\"LLYC\" \/>\n<meta property=\"article:publisher\" content=\"https:\/\/www.facebook.com\/LLYC.Global\/\" \/>\n<meta property=\"article:modified_time\" content=\"2025-11-24T11:25:58+00:00\" \/>\n<meta name=\"twitter:card\" content=\"summary_large_image\" \/>\n<meta name=\"twitter:site\" content=\"@llorenteycuenca\" \/>\n<meta name=\"twitter:label1\" content=\"Est. reading time\" \/>\n\t<meta name=\"twitter:data1\" content=\"2 minutos\" \/>\n<!-- \/ Yoast SEO Premium plugin. -->","yoast_head_json":{"title":"O canal de \u00e9tica - LLYC","description":"Canal de \u00e9tica para comunicar irregularidades com seguran\u00e7a e confidencialidade. Conhe\u00e7a como garantimos transpar\u00eancia e prote\u00e7\u00e3o.","robots":{"index":"index","follow":"follow","max-snippet":"max-snippet:-1","max-image-preview":"max-image-preview:large","max-video-preview":"max-video-preview:-1"},"canonical":"https:\/\/llyc.global\/pt-pt\/o-canal-de-etica\/","og_locale":"pt_PT","og_type":"article","og_title":"O canal de \u00e9tica","og_description":"Canal de \u00e9tica para comunicar irregularidades com seguran\u00e7a e confidencialidade. Conhe\u00e7a como garantimos transpar\u00eancia e prote\u00e7\u00e3o.","og_url":"https:\/\/llyc.global\/pt-pt\/o-canal-de-etica\/","og_site_name":"LLYC","article_publisher":"https:\/\/www.facebook.com\/LLYC.Global\/","article_modified_time":"2025-11-24T11:25:58+00:00","twitter_card":"summary_large_image","twitter_site":"@llorenteycuenca","twitter_misc":{"Est. reading time":"2 minutos"},"schema":{"@context":"https:\/\/schema.org","@graph":[{"@type":"WebPage","@id":"https:\/\/llyc.global\/pt-pt\/o-canal-de-etica\/","url":"https:\/\/llyc.global\/pt-pt\/o-canal-de-etica\/","name":"O canal de \u00e9tica - LLYC","isPartOf":{"@id":"https:\/\/llyc.global\/pt-pt\/#website"},"datePublished":"2023-11-10T13:14:41+00:00","dateModified":"2025-11-24T11:25:58+00:00","description":"Canal de \u00e9tica para comunicar irregularidades com seguran\u00e7a e confidencialidade. Conhe\u00e7a como garantimos transpar\u00eancia e prote\u00e7\u00e3o.","breadcrumb":{"@id":"https:\/\/llyc.global\/pt-pt\/o-canal-de-etica\/#breadcrumb"},"inLanguage":"pt-PT","potentialAction":[{"@type":"ReadAction","target":["https:\/\/llyc.global\/pt-pt\/o-canal-de-etica\/"]}]},{"@type":"BreadcrumbList","@id":"https:\/\/llyc.global\/pt-pt\/o-canal-de-etica\/#breadcrumb","itemListElement":[{"@type":"ListItem","position":1,"name":"Home","item":"https:\/\/llyc.global\/pt-pt\/"},{"@type":"ListItem","position":2,"name":"O canal de \u00e9tica"}]},{"@type":"WebSite","@id":"https:\/\/llyc.global\/pt-pt\/#website","url":"https:\/\/llyc.global\/pt-pt\/","name":"LLYC","description":"Consultoria de comunicaci\u00f3n marketing y asuntos p\u00fablicos","potentialAction":[{"@type":"SearchAction","target":{"@type":"EntryPoint","urlTemplate":"https:\/\/llyc.global\/pt-pt\/?s={search_term_string}"},"query-input":{"@type":"PropertyValueSpecification","valueRequired":true,"valueName":"search_term_string"}}],"inLanguage":"pt-PT"}]}},"_links":{"self":[{"href":"https:\/\/llyc.global\/pt-pt\/wp-json\/wp\/v2\/pages\/92285","targetHints":{"allow":["GET"]}}],"collection":[{"href":"https:\/\/llyc.global\/pt-pt\/wp-json\/wp\/v2\/pages"}],"about":[{"href":"https:\/\/llyc.global\/pt-pt\/wp-json\/wp\/v2\/types\/page"}],"author":[{"embeddable":true,"href":"https:\/\/llyc.global\/pt-pt\/wp-json\/wp\/v2\/users\/1"}],"replies":[{"embeddable":true,"href":"https:\/\/llyc.global\/pt-pt\/wp-json\/wp\/v2\/comments?post=92285"}],"version-history":[{"count":9,"href":"https:\/\/llyc.global\/pt-pt\/wp-json\/wp\/v2\/pages\/92285\/revisions"}],"predecessor-version":[{"id":448368,"href":"https:\/\/llyc.global\/pt-pt\/wp-json\/wp\/v2\/pages\/92285\/revisions\/448368"}],"wp:attachment":[{"href":"https:\/\/llyc.global\/pt-pt\/wp-json\/wp\/v2\/media?parent=92285"}],"curies":[{"name":"wp","href":"https:\/\/api.w.org\/{rel}","templated":true}]}}