{"id":93045,"date":"2023-10-20T11:08:17","date_gmt":"2023-10-20T09:08:17","guid":{"rendered":"https:\/\/llyc.global\/nosotros\/inversores\/informacion-financiera\/"},"modified":"2025-10-31T10:04:47","modified_gmt":"2025-10-31T09:04:47","slug":"informacao-financeira","status":"publish","type":"page","link":"https:\/\/llyc.global\/pt-pt\/investidores\/informacao-financeira\/","title":{"rendered":"INFORMA\u00c7\u00c3O FINANCEIRA"},"content":{"rendered":"","protected":false},"excerpt":{"rendered":"","protected":false},"author":7,"featured_media":0,"parent":211312,"menu_order":0,"comment_status":"closed","ping_status":"closed","template":"template-informacion-financiera.php","meta":{"_acf_changed":false,"_et_pb_use_builder":"","_et_pb_old_content":"","_et_gb_content_width":"","footnotes":""},"class_list":["post-93045","page","type-page","status-publish","hentry"],"acf":[],"yoast_head":"<!-- This site is optimized with the Yoast SEO Premium plugin v24.7 (Yoast SEO v24.7) - https:\/\/yoast.com\/wordpress\/plugins\/seo\/ -->\n<title>As receitas operacionais da LLYC aumentam 19% para 93,1 M \u20ac - LLYC<\/title>\n<meta name=\"description\" content=\"A LLYC atinge 93,1 milh\u00f5es de euros em receitas operacionais, um aumento de 19%. O EBITDA recorrente melhorou 2%, cumprindo as previs\u00f5es.\" \/>\n<meta name=\"robots\" content=\"index, follow, max-snippet:-1, max-image-preview:large, max-video-preview:-1\" \/>\n<link rel=\"canonical\" href=\"https:\/\/llyc.global\/pt-pt\/investidores\/informacao-financeira\/\" \/>\n<meta property=\"og:locale\" content=\"pt_PT\" \/>\n<meta property=\"og:type\" content=\"article\" \/>\n<meta property=\"og:title\" content=\"INFORMA\u00c7\u00c3O FINANCEIRA\" \/>\n<meta property=\"og:description\" content=\"A LLYC atinge 93,1 milh\u00f5es de euros em receitas operacionais, um aumento de 19%. O EBITDA recorrente melhorou 2%, cumprindo as previs\u00f5es.\" \/>\n<meta property=\"og:url\" content=\"https:\/\/llyc.global\/pt-pt\/investidores\/informacao-financeira\/\" \/>\n<meta property=\"og:site_name\" content=\"LLYC\" \/>\n<meta property=\"article:publisher\" content=\"https:\/\/www.facebook.com\/LLYC.Global\/\" \/>\n<meta property=\"article:modified_time\" content=\"2025-10-31T09:04:47+00:00\" \/>\n<meta property=\"og:image\" content=\"https:\/\/llyc.global\/wp-content\/uploads\/2025\/01\/Informacion-financier-mobile.jpg\" \/>\n\t<meta property=\"og:image:width\" content=\"355\" \/>\n\t<meta property=\"og:image:height\" content=\"412\" \/>\n\t<meta property=\"og:image:type\" content=\"image\/jpeg\" \/>\n<meta name=\"twitter:card\" content=\"summary_large_image\" \/>\n<meta name=\"twitter:site\" content=\"@llorenteycuenca\" \/>\n<!-- \/ Yoast SEO Premium plugin. -->","yoast_head_json":{"title":"As receitas operacionais da LLYC aumentam 19% para 93,1 M \u20ac - LLYC","description":"A LLYC atinge 93,1 milh\u00f5es de euros em receitas operacionais, um aumento de 19%. O EBITDA recorrente melhorou 2%, cumprindo as previs\u00f5es.","robots":{"index":"index","follow":"follow","max-snippet":"max-snippet:-1","max-image-preview":"max-image-preview:large","max-video-preview":"max-video-preview:-1"},"canonical":"https:\/\/llyc.global\/pt-pt\/investidores\/informacao-financeira\/","og_locale":"pt_PT","og_type":"article","og_title":"INFORMA\u00c7\u00c3O FINANCEIRA","og_description":"A LLYC atinge 93,1 milh\u00f5es de euros em receitas operacionais, um aumento de 19%. O EBITDA recorrente melhorou 2%, cumprindo as previs\u00f5es.","og_url":"https:\/\/llyc.global\/pt-pt\/investidores\/informacao-financeira\/","og_site_name":"LLYC","article_publisher":"https:\/\/www.facebook.com\/LLYC.Global\/","article_modified_time":"2025-10-31T09:04:47+00:00","og_image":[{"width":355,"height":412,"url":"https:\/\/llyc.global\/wp-content\/uploads\/2025\/01\/Informacion-financier-mobile.jpg","type":"image\/jpeg"}],"twitter_card":"summary_large_image","twitter_site":"@llorenteycuenca","schema":{"@context":"https:\/\/schema.org","@graph":[{"@type":"WebPage","@id":"https:\/\/llyc.global\/pt-pt\/investidores\/informacao-financeira\/","url":"https:\/\/llyc.global\/pt-pt\/investidores\/informacao-financeira\/","name":"As receitas operacionais da LLYC aumentam 19% para 93,1 M \u20ac - LLYC","isPartOf":{"@id":"https:\/\/llyc.global\/pt-pt\/#website"},"datePublished":"2023-10-20T09:08:17+00:00","dateModified":"2025-10-31T09:04:47+00:00","description":"A LLYC atinge 93,1 milh\u00f5es de euros em receitas operacionais, um aumento de 19%. O EBITDA recorrente melhorou 2%, cumprindo as previs\u00f5es.","breadcrumb":{"@id":"https:\/\/llyc.global\/pt-pt\/investidores\/informacao-financeira\/#breadcrumb"},"inLanguage":"pt-PT","potentialAction":[{"@type":"ReadAction","target":["https:\/\/llyc.global\/pt-pt\/investidores\/informacao-financeira\/"]}]},{"@type":"BreadcrumbList","@id":"https:\/\/llyc.global\/pt-pt\/investidores\/informacao-financeira\/#breadcrumb","itemListElement":[{"@type":"ListItem","position":1,"name":"Home","item":"https:\/\/llyc.global\/pt-pt\/"},{"@type":"ListItem","position":2,"name":"Investidores","item":"https:\/\/llyc.global\/pt-pt\/investidores\/"},{"@type":"ListItem","position":3,"name":"INFORMA\u00c7\u00c3O FINANCEIRA"}]},{"@type":"WebSite","@id":"https:\/\/llyc.global\/pt-pt\/#website","url":"https:\/\/llyc.global\/pt-pt\/","name":"LLYC","description":"Consultoria de comunicaci\u00f3n marketing y asuntos p\u00fablicos","potentialAction":[{"@type":"SearchAction","target":{"@type":"EntryPoint","urlTemplate":"https:\/\/llyc.global\/pt-pt\/?s={search_term_string}"},"query-input":{"@type":"PropertyValueSpecification","valueRequired":true,"valueName":"search_term_string"}}],"inLanguage":"pt-PT"}]}},"_links":{"self":[{"href":"https:\/\/llyc.global\/pt-pt\/wp-json\/wp\/v2\/pages\/93045","targetHints":{"allow":["GET"]}}],"collection":[{"href":"https:\/\/llyc.global\/pt-pt\/wp-json\/wp\/v2\/pages"}],"about":[{"href":"https:\/\/llyc.global\/pt-pt\/wp-json\/wp\/v2\/types\/page"}],"author":[{"embeddable":true,"href":"https:\/\/llyc.global\/pt-pt\/wp-json\/wp\/v2\/users\/7"}],"replies":[{"embeddable":true,"href":"https:\/\/llyc.global\/pt-pt\/wp-json\/wp\/v2\/comments?post=93045"}],"version-history":[{"count":41,"href":"https:\/\/llyc.global\/pt-pt\/wp-json\/wp\/v2\/pages\/93045\/revisions"}],"predecessor-version":[{"id":408957,"href":"https:\/\/llyc.global\/pt-pt\/wp-json\/wp\/v2\/pages\/93045\/revisions\/408957"}],"up":[{"embeddable":true,"href":"https:\/\/llyc.global\/pt-pt\/wp-json\/wp\/v2\/pages\/211312"}],"wp:attachment":[{"href":"https:\/\/llyc.global\/pt-pt\/wp-json\/wp\/v2\/media?parent=93045"}],"curies":[{"name":"wp","href":"https:\/\/api.w.org\/{rel}","templated":true}]}}