{"id":93066,"date":"2023-10-25T09:39:23","date_gmt":"2023-10-25T07:39:23","guid":{"rendered":"https:\/\/llyc.global\/nosotros\/inversores\/junta-de-accionistas\/"},"modified":"2025-04-24T13:55:48","modified_gmt":"2025-04-24T11:55:48","slug":"assembleia-de-accionistas","status":"publish","type":"page","link":"https:\/\/llyc.global\/pt-pt\/investidores\/assembleia-de-accionistas\/","title":{"rendered":"Assembleia de Accionistas"},"content":{"rendered":"","protected":false},"excerpt":{"rendered":"","protected":false},"author":7,"featured_media":0,"parent":211312,"menu_order":0,"comment_status":"closed","ping_status":"closed","template":"template-junta-de-accionistas.php","meta":{"_acf_changed":false,"_et_pb_use_builder":"","_et_pb_old_content":"","_et_gb_content_width":"","footnotes":""},"class_list":["post-93066","page","type-page","status-publish","hentry"],"acf":[],"yoast_head":"<!-- This site is optimized with the Yoast SEO Premium plugin v24.7 (Yoast SEO v24.7) - https:\/\/yoast.com\/wordpress\/plugins\/seo\/ -->\n<title>Assembleia de Accionistas - LLYC<\/title>\n<meta name=\"description\" content=\"Encontre todas as informa\u00e7\u00f5es sobre a Assembleia Geral de Acionistas da LLYC: convocat\u00f3rias, estatutos e principais pol\u00edticas empresariais.\" \/>\n<meta name=\"robots\" content=\"index, follow, max-snippet:-1, max-image-preview:large, max-video-preview:-1\" \/>\n<link rel=\"canonical\" href=\"https:\/\/llyc.global\/pt-pt\/investidores\/assembleia-de-accionistas\/\" \/>\n<meta property=\"og:locale\" content=\"pt_PT\" \/>\n<meta property=\"og:type\" content=\"article\" \/>\n<meta property=\"og:title\" content=\"Assembleia de Accionistas\" \/>\n<meta property=\"og:description\" content=\"Encontre todas as informa\u00e7\u00f5es sobre a Assembleia Geral de Acionistas da LLYC: convocat\u00f3rias, estatutos e principais pol\u00edticas empresariais.\" \/>\n<meta property=\"og:url\" content=\"https:\/\/llyc.global\/pt-pt\/investidores\/assembleia-de-accionistas\/\" \/>\n<meta property=\"og:site_name\" content=\"LLYC\" \/>\n<meta property=\"article:publisher\" content=\"https:\/\/www.facebook.com\/LLYC.Global\/\" \/>\n<meta property=\"article:modified_time\" content=\"2025-04-24T11:55:48+00:00\" \/>\n<meta property=\"og:image\" content=\"https:\/\/llyc.global\/wp-content\/uploads\/2025\/01\/Junta-de-accionistas-mobile.jpg\" \/>\n\t<meta property=\"og:image:width\" content=\"355\" \/>\n\t<meta property=\"og:image:height\" content=\"412\" \/>\n\t<meta property=\"og:image:type\" content=\"image\/jpeg\" \/>\n<meta name=\"twitter:card\" content=\"summary_large_image\" \/>\n<meta name=\"twitter:image\" content=\"https:\/\/llyc.global\/wp-content\/uploads\/2023\/11\/Banner-Resultados-Auditados.png\" \/>\n<meta name=\"twitter:site\" content=\"@llorenteycuenca\" \/>\n<!-- \/ Yoast SEO Premium plugin. -->","yoast_head_json":{"title":"Assembleia de Accionistas - LLYC","description":"Encontre todas as informa\u00e7\u00f5es sobre a Assembleia Geral de Acionistas da LLYC: convocat\u00f3rias, estatutos e principais pol\u00edticas empresariais.","robots":{"index":"index","follow":"follow","max-snippet":"max-snippet:-1","max-image-preview":"max-image-preview:large","max-video-preview":"max-video-preview:-1"},"canonical":"https:\/\/llyc.global\/pt-pt\/investidores\/assembleia-de-accionistas\/","og_locale":"pt_PT","og_type":"article","og_title":"Assembleia de Accionistas","og_description":"Encontre todas as informa\u00e7\u00f5es sobre a Assembleia Geral de Acionistas da LLYC: convocat\u00f3rias, estatutos e principais pol\u00edticas empresariais.","og_url":"https:\/\/llyc.global\/pt-pt\/investidores\/assembleia-de-accionistas\/","og_site_name":"LLYC","article_publisher":"https:\/\/www.facebook.com\/LLYC.Global\/","article_modified_time":"2025-04-24T11:55:48+00:00","og_image":[{"width":355,"height":412,"url":"https:\/\/llyc.global\/wp-content\/uploads\/2025\/01\/Junta-de-accionistas-mobile.jpg","type":"image\/jpeg"}],"twitter_card":"summary_large_image","twitter_image":"https:\/\/llyc.global\/wp-content\/uploads\/2023\/11\/Banner-Resultados-Auditados.png","twitter_site":"@llorenteycuenca","schema":{"@context":"https:\/\/schema.org","@graph":[{"@type":"WebPage","@id":"https:\/\/llyc.global\/pt-pt\/investidores\/assembleia-de-accionistas\/","url":"https:\/\/llyc.global\/pt-pt\/investidores\/assembleia-de-accionistas\/","name":"Assembleia de Accionistas - LLYC","isPartOf":{"@id":"https:\/\/llyc.global\/pt-pt\/#website"},"datePublished":"2023-10-25T07:39:23+00:00","dateModified":"2025-04-24T11:55:48+00:00","description":"Encontre todas as informa\u00e7\u00f5es sobre a Assembleia Geral de Acionistas da LLYC: convocat\u00f3rias, estatutos e principais pol\u00edticas empresariais.","breadcrumb":{"@id":"https:\/\/llyc.global\/pt-pt\/investidores\/assembleia-de-accionistas\/#breadcrumb"},"inLanguage":"pt-PT","potentialAction":[{"@type":"ReadAction","target":["https:\/\/llyc.global\/pt-pt\/investidores\/assembleia-de-accionistas\/"]}]},{"@type":"BreadcrumbList","@id":"https:\/\/llyc.global\/pt-pt\/investidores\/assembleia-de-accionistas\/#breadcrumb","itemListElement":[{"@type":"ListItem","position":1,"name":"Home","item":"https:\/\/llyc.global\/pt-pt\/"},{"@type":"ListItem","position":2,"name":"Investidores","item":"https:\/\/llyc.global\/pt-pt\/investidores\/"},{"@type":"ListItem","position":3,"name":"Assembleia de Accionistas"}]},{"@type":"WebSite","@id":"https:\/\/llyc.global\/pt-pt\/#website","url":"https:\/\/llyc.global\/pt-pt\/","name":"LLYC","description":"Consultoria de comunicaci\u00f3n marketing y asuntos p\u00fablicos","potentialAction":[{"@type":"SearchAction","target":{"@type":"EntryPoint","urlTemplate":"https:\/\/llyc.global\/pt-pt\/?s={search_term_string}"},"query-input":{"@type":"PropertyValueSpecification","valueRequired":true,"valueName":"search_term_string"}}],"inLanguage":"pt-PT"}]}},"_links":{"self":[{"href":"https:\/\/llyc.global\/pt-pt\/wp-json\/wp\/v2\/pages\/93066","targetHints":{"allow":["GET"]}}],"collection":[{"href":"https:\/\/llyc.global\/pt-pt\/wp-json\/wp\/v2\/pages"}],"about":[{"href":"https:\/\/llyc.global\/pt-pt\/wp-json\/wp\/v2\/types\/page"}],"author":[{"embeddable":true,"href":"https:\/\/llyc.global\/pt-pt\/wp-json\/wp\/v2\/users\/7"}],"replies":[{"embeddable":true,"href":"https:\/\/llyc.global\/pt-pt\/wp-json\/wp\/v2\/comments?post=93066"}],"version-history":[{"count":9,"href":"https:\/\/llyc.global\/pt-pt\/wp-json\/wp\/v2\/pages\/93066\/revisions"}],"predecessor-version":[{"id":211407,"href":"https:\/\/llyc.global\/pt-pt\/wp-json\/wp\/v2\/pages\/93066\/revisions\/211407"}],"up":[{"embeddable":true,"href":"https:\/\/llyc.global\/pt-pt\/wp-json\/wp\/v2\/pages\/211312"}],"wp:attachment":[{"href":"https:\/\/llyc.global\/pt-pt\/wp-json\/wp\/v2\/media?parent=93066"}],"curies":[{"name":"wp","href":"https:\/\/api.w.org\/{rel}","templated":true}]}}